{"id":132,"date":"2012-12-02T11:55:35","date_gmt":"2012-12-02T10:55:35","guid":{"rendered":"http:\/\/www.amiciinsieme.it\/?page_id=132"},"modified":"2012-12-02T16:52:09","modified_gmt":"2012-12-02T15:52:09","slug":"verso-i-versi-2006-motivazioni","status":"publish","type":"page","link":"https:\/\/www.amiciinsieme.it\/index.php\/albo-doro-concorso-di-poesia-verso-i-versi\/concorso-di-poesia-verso-i-versi-2006\/verso-i-versi-2006-motivazioni\/","title":{"rendered":"Concorso di Poesia &#8211; &#8220;Verso i versi&#8221; &#8211; 2006 &#8211; Motivazioni"},"content":{"rendered":"<p style=\"text-align: center;\" class=\"Stile1\"><strong>Premio Menzione Speciale della Giuria<a name=\"menzionevern\"><\/a><\/strong><\/p>\n<p align=\"center\"><em>sezione: Vernacolo<\/em><\/p>\n<p align=\"center\"><em>Ida Calise<\/em><\/p>\n<p align=\"center\">per la poesia \u201c <strong>\u2019O viaggio<\/strong>\u201d<\/p>\n<p>E\u2019 singolare questo viaggio \u201cpe\u2019 sciogliere e penziere\u201d come scrive l\u2019autore, perch\u00e9 sembra suscitare le aspettative tipiche del viaggio: evasione, stupore, novit\u00e0 .. e invece \u00e8 un percorso a ritroso nella propria vita seguendo i \u201csolchi\u201d che essa ha tracciato sul volto.<br \/>\n        La lirica trasmette una soffusa e delicata tristezza e, con sapiente quanto originale gioco di metafore, reso ancor pi\u00f9 efficace dalla forza espressiva dialettale, rievoca una giovinezza irrimediabilmente perduta.<\/p>\n<p>&nbsp;<\/p>\n<p style=\"text-align: center;\" class=\"Stile1\"><a name=\"terzovern\"><\/a><strong>III\u00b0 Classificato<\/strong><\/p>\n<p style=\"text-align: center;\"><em>sezione: Vernacolo <\/em><\/p>\n<p style=\"text-align: center;\"><em>Vincenzo Cerasuolo<\/em><\/p>\n<p align=\"center\">per la poesia \u201c<strong>ll\u2019urdema vota<\/strong>\u201d<\/p>\n<p>&nbsp;<\/p>\n<p>La lirica, nella sua struttura cos\u00ec originale per la variet\u00e0 dell\u2019impostazione delle strofe e per la sapiente disposizione delle parole, si snoda attraverso un percorso che, col suo andamento, per cos\u00ec dire, circolare, ci offre l\u2019immagine di un primo piano, l\u2019alba, intorno a cui ruotano, in un\u2019arcana armonia, i suoni e gli elementi della natura, dalla luna alle stelle, dal mare alle nubi che vanno ad adagiarsi mollemente sulla meravigliosa radiosit\u00e0 dell\u2019alba, che fuga s\u00ec le tenebre, ma, porta via, altres\u00ec, malinconicamente le illusioni.<br \/>\n         E\u2019, la composizione, simile al volo di una farfalla, leggero, felpato, quasi evanescente, che si libera in un\u2019atmosfera diafana. La stessa notte \u00e8 tratteggiata con delicate pennellate che alternano luci ed ombre; le une e le altre, peraltro, come avvolte in sapienti ed efficaci figure retoriche, scorrono tenui sulla morbida tela del cielo.<\/p>\n<h2>\u00a0<\/h2>\n<p style=\"text-align: center;\" class=\"Stile1\"><strong>II\u00b0 Classificato <a name=\"secondovern\"><\/a><\/strong><\/p>\n<p style=\"text-align: center;\"><em>sezione: Vernacolo<\/em><\/p>\n<p style=\"text-align: center;\"><em>Benito Galilea <\/em><\/p>\n<p align=\"center\">per la poesia \u201c<strong>Pecch\u00ec<\/strong>\u201d<\/p>\n<p>In una stretta corrispondenza tra forma e contenuti, l\u2019alternanza chiaroscurale notte-giorno fa da sfondo alla dialettica vita \u2013morte, che, a sua volta, affiora nel dialogo tra l\u2019io e il tu: agli interrogativi dell\u2019interlocutrice, l\u2019io lirico contrappone l\u2019invito anaforico a tacere, a godere, con un accostamento ossimorico, del silenzio della notte \u201cche parla in noi\u201d, a lasciare, insomma, che sia la natura a fornire le risposte. Sar\u00e0, perci\u00f2, l\u2019alba del\u00a0 nuovo giorno, che dissolve la notte e, insieme, i dubbi, a suggerire l\u2019immagine di una ciclica alternanza di vita e morte nella natura cos\u00ec come nell\u2019uomo.<\/p>\n<p>&nbsp;<\/p>\n<p style=\"text-align: center;\" class=\"Stile1\"><strong>I\u00b0 Classificato <a name=\"primovern\"><\/a><\/strong><\/p>\n<p style=\"text-align: center;\"><em>sezione: Vernacolo <\/em><\/p>\n<p style=\"text-align: center;\"><em>Mario Sodano <\/em><\/p>\n<p align=\"center\">per la poesia \u201c <strong>Natale<\/strong>\u201d<\/p>\n<p>Natale d\u2019altri tempi, ricco di cose semplici ma autentiche, come l\u2019innocenza dei bimbi che si trastullano in una magica atmosfera. Suscita nostalgie d\u2019altri tempi che non tornano pi\u00f9 se non nella nostra memoria. Sono momenti fatti di rapporti umani di viva solidariet\u00e0, speculari del messaggio che gli angeli hanno annunciato a tutti gli uomini di buona volont\u00e0.<br \/>\n         Tutte le tradizioni nostrane scorrono veloci su versi qua e l\u00e0 \u2026.. della poesia, che si dipana in un gioco di consonanze, allitterazioni e assonanze che richiamano nostalgicamente i canti popolari legati alla pi\u00f9 suggestiva festa della nostra religione.<\/p>\n<p>&nbsp;<\/p>\n<p style=\"text-align: center;\" class=\"Stile1\"><strong>Premio Menzione Speciale della Giuria<a name=\"menzioneita\"><\/a><\/strong><\/p>\n<p style=\"text-align: center;\"><em>sezione: Lingua Italiana<\/em><\/p>\n<p align=\"center\"><em>Margherita Senatore<\/em><\/p>\n<p align=\"center\">per la poesia \u201c<strong>Antiche nostalgie<\/strong>\u201d<\/p>\n<p>Il testo che, a una prima lettura, sembra una semplice descrizione di paesaggio, si rivela, invece, carico di significati allusivi legati fra loro.<br \/>\nLa lirica, dalle forti suggestioni, richiama immagini lontane che affondano le loro radici nell\u2019animo del poeta, il quale ricorda con profonda nostalgia ed amarezza il tempo passato. L\u2019organizzazione dei contenuti ha una disposizione particolare: una parte iniziale descrittiva nettamente separata dagli ultimi versi esplicitamente meditativi.<br \/>\nNella poesia la descrizione della vita del \u201cpaese natio\u201d \u00e8 affidata a scenette successive, ciascuna incentrata su un ben preciso personaggio e ciascuna costruita con amorosa e affettuosa cura dei particolari. A fare da filo conduttore \u00e8 la presenza del poeta che diventa partecipe della vita del suo \u201cpaese\u201d anche se solo come osservatore. Nel componimento, il piacere del poeta non pu\u00f2 avere consistenza nel presente; esso si giustifica solo come speranza nel futuro o ricordo del passato.<br \/>\nUna sintassi prevalentemente semplice, il linguaggio diretto ed essenziale, l\u2019aggettivazione ricercata al fine di conferire sfumature sentimentali ai versi, le forme verbali che si alternano a seconda del pensiero poetico costituiscono gli altri espedienti tecnici di questo componimento.<\/p>\n<p>&nbsp;<\/p>\n<p style=\"text-align: center;\" class=\"Stile1\"><strong>Premio Menzione Speciale della Giuria<a name=\"carrieraita\"><\/a><\/strong><\/p>\n<p style=\"text-align: center;\">sezione: Lingua Italiana<\/p>\n<p align=\"center\"><em>Wladimiro Tomaino<\/em><\/p>\n<p align=\"center\">per la poesia \u201c<strong>Mendicante di speranza<\/strong>\u201d<\/p>\n<p>La lirica \u00e8 connotata da toni profondamente drammatici. Il piano del significato, infatti, si avvale di un unico campo semantico che, ricorrendo ad analogie e metafore, rievoca la desolazione, la rabbia, l\u2019angoscia dell\u2019uomo contemporaneo quasi \u201cinchiodato\u201d a scenari di guerra dove la piet\u00e0 e il sogno sono fantasmi lacerati.<\/p>\n<p>        Al poeta, tuttavia, non \u00e8 concesso il disimpegno e, per quanto smarrito, cerca, insegue, mendica \u2026\u2026 un \u201cpentagramma di luce\u201d che spezzi le catene di \u201cfilo spinato\u201d e diffonda note di speranza pi\u00f9 forti del tumulto dei cannoni.<\/p>\n<p align=\"center\">\u00a0<\/p>\n<p style=\"text-align: center;\" class=\"Stile1\"><strong>III\u00b0 Classificato <a name=\"terzoita\"><\/a><\/strong><\/p>\n<p align=\"center\"><em>sezione: Lingua Italiana<\/em><\/p>\n<p style=\"text-align: center;\"><em>Alfredo Di Marco<\/em><\/p>\n<p align=\"center\">per la poesia \u201c<strong>Fra le mie pietre<\/strong>\u201d<\/p>\n<p>&nbsp;<\/p>\n<p>La lirica risalta per una sapiente quanto incisiva struttura circolare, in cui l\u2019albero del sughero sembra delinearsi come simbolo della terra natale, a cui il poeta eleva il suo canto e conferma con passione la sua appartenenza.<br \/>\n         Di mezzo scorrono suggestivi bozzetti, in cui, attraverso il linguaggio analogico, la presenza umana si armonizza con l\u2019elemento paesistico, mentre l\u2019uso reiterato dei deittici denota il forte legame affettivo del poeta con la propria terra.<\/p>\n<h1>\u00a0<\/h1>\n<p style=\"text-align: center;\" class=\"Stile1\"><strong>II\u00b0 Classificato <a name=\"secondoita\"><\/a><\/strong><\/p>\n<p style=\"text-align: center;\"><em>sezione: Lingua Italiana<\/em><\/p>\n<p style=\"text-align: center;\"><em>Maria Vittoria Catapano <\/em><\/p>\n<p align=\"center\">per la poesia \u201c<strong>L\u2019albero della vita<\/strong>\u201d<\/p>\n<p>La natura, nei suoi colori, nei suoi squarci pittorici, nelle atmosfere della sua magia, offre linfa\u00a0 vitale al lavoro che, carico di forti suggestioni, si snoda fluido come su note sognanti che scorrono sull\u2019alternarsi di melodiose corde.<br \/>\n        Le immagini si nutrono di metafore di rara efficacia espressiva, di viva freschezza e di spirituale intensit\u00e0, che generano nel lettore profonde emozioni.<\/p>\n<p>&nbsp;<\/p>\n<p style=\"text-align: center;\" class=\"Stile1\"><strong>I\u00b0 Classificato <a name=\"primoita\"><\/a><\/strong><\/p>\n<p style=\"text-align: center;\"><em>sezione: Lingua Italiana <\/em><\/p>\n<p style=\"text-align: center;\"><em>Emilia Fragomeni <\/em><\/p>\n<p align=\"center\">per la poesia \u201c <strong>Un urlo nel petto \u2026<\/strong>\u201d<\/p>\n<p>&nbsp;<\/p>\n<p>La lirica colpisce per la straordinaria efficacia formale: \u00e8 un flusso metaforico ininterrotto, quasi danza di suoni che, in un susseguirsi di interrogativi dai toni delicati, esprime intime corrispondenze\u00a0 tra il suono dei violini, della cicala, del vento, delle onde .. e lo stato d\u2019animo del poeta, felicemente riassunte nell\u2019urlo nel petto.<br \/>\n        L\u2019urlo ha la forza di una sinfonia liberatoria che, nel momento stesso in cui opera una osmosi tra l\u2019autore e la natura, effonde le note di un canto che tra i \u201cfossi di spine\u201d del presente fa brillare l\u2019incanto di un \u201cmondo pi\u00f9 dolce\u201d.<\/p>\n<div style=\"padding-bottom:20px; padding-top:10px;\" class=\"hupso-share-buttons\"><!-- Hupso Share Buttons - https:\/\/www.hupso.com\/share\/ --><a class=\"hupso_counters\" href=\"https:\/\/www.hupso.com\/share\/\"><img data-recalc-dims=\"1\" decoding=\"async\" src=\"https:\/\/i0.wp.com\/static.hupso.com\/share\/buttons\/lang\/it\/share-small.png?w=642&#038;ssl=1\" style=\"border:0px; padding-top:2px; float:left;\" alt=\"Share Button\"\/><\/a><script type=\"text\/javascript\">var hupso_services_c=new Array(\"twitter\",\"facebook_like\",\"facebook_send\");var hupso_counters_lang = \"it_IT\";var hupso_image_folder_url = \"\";var hupso_twitter_via=\"amiciinsieme\";var hupso_url_c=\"\";var hupso_title_c=\"Concorso%20di%20Poesia%20-%20%22Verso%20i%20versi%22%20-%202006%20-%20Motivazioni\";<\/script><script type=\"text\/javascript\" src=\"https:\/\/static.hupso.com\/share\/js\/counters.js\"><\/script><!-- Hupso Share Buttons --><\/div>","protected":false},"excerpt":{"rendered":"<p>Premio Menzione Speciale della Giuria sezione: Vernacolo Ida Calise per la poesia \u201c \u2019O viaggio\u201d E\u2019 singolare questo viaggio \u201cpe\u2019 sciogliere e penziere\u201d come scrive l\u2019autore, perch\u00e9 sembra suscitare le aspettative tipiche del viaggio: evasione, stupore, novit\u00e0 .. e invece \u00e8 un percorso a ritroso nella propria vita seguendo i \u201csolchi\u201d che essa ha tracciato sul volto. La lirica trasmette una soffusa e delicata tristezza e, con sapiente quanto originale gioco di metafore, reso ancor pi\u00f9 efficace dalla forza espressiva dialettale, rievoca una giovinezza irrimediabilmente perduta. &nbsp; III\u00b0 Classificato sezione: Vernacolo Vincenzo Cerasuolo per la poesia \u201cll\u2019urdema vota\u201d &nbsp; La lirica, nella sua struttura cos\u00ec originale per la variet\u00e0 dell\u2019impostazione delle strofe e per la sapiente disposizione delle parole, si snoda attraverso un percorso che, col suo andamento, per cos\u00ec dire, circolare, ci offre l\u2019immagine di un primo piano, l\u2019alba, intorno a cui ruotano, in un\u2019arcana armonia, i suoni e gli elementi della natura, dalla luna alle stelle, dal mare alle nubi che vanno ad adagiarsi mollemente sulla meravigliosa radiosit\u00e0 dell\u2019alba, che fuga s\u00ec le tenebre, ma, porta via, altres\u00ec, malinconicamente le illusioni. E\u2019, la composizione, simile al volo di una farfalla, leggero, felpato, quasi evanescente, che si libera in &hellip; <a class=\"readmore\" href=\"https:\/\/www.amiciinsieme.it\/index.php\/albo-doro-concorso-di-poesia-verso-i-versi\/concorso-di-poesia-verso-i-versi-2006\/verso-i-versi-2006-motivazioni\/\">Continua a leggere \u2192<\/a><\/p>\n<div style=\"padding-bottom:20px; padding-top:10px;\" class=\"hupso-share-buttons\"><!-- Hupso Share Buttons - https:\/\/www.hupso.com\/share\/ --><a class=\"hupso_counters\" href=\"https:\/\/www.hupso.com\/share\/\"><img src=\"https:\/\/static.hupso.com\/share\/buttons\/lang\/it\/share-small.png\" style=\"border:0px; padding-top:2px; float:left;\" alt=\"Share Button\"\/><\/a><script type=\"text\/javascript\">var hupso_services_c=new Array(\"twitter\",\"facebook_like\",\"facebook_send\");var hupso_counters_lang = \"it_IT\";var hupso_image_folder_url = \"\";var hupso_twitter_via=\"amiciinsieme\";var hupso_url_c=\"\";var hupso_title_c=\"Concorso%20di%20Poesia%20-%20%22Verso%20i%20versi%22%20-%202006%20-%20Motivazioni\";<\/script><script type=\"text\/javascript\" src=\"https:\/\/static.hupso.com\/share\/js\/counters.js\"><\/script><!-- Hupso Share Buttons --><\/div>","protected":false},"author":1,"featured_media":0,"parent":212,"menu_order":0,"comment_status":"open","ping_status":"open","template":"","meta":{"ngg_post_thumbnail":0,"footnotes":""},"class_list":["post-132","page","type-page","status-publish","hentry"],"jetpack_sharing_enabled":true,"jetpack_shortlink":"https:\/\/wp.me\/P91vVa-28","jetpack-related-posts":[],"_links":{"self":[{"href":"https:\/\/www.amiciinsieme.it\/index.php\/wp-json\/wp\/v2\/pages\/132"}],"collection":[{"href":"https:\/\/www.amiciinsieme.it\/index.php\/wp-json\/wp\/v2\/pages"}],"about":[{"href":"https:\/\/www.amiciinsieme.it\/index.php\/wp-json\/wp\/v2\/types\/page"}],"author":[{"embeddable":true,"href":"https:\/\/www.amiciinsieme.it\/index.php\/wp-json\/wp\/v2\/users\/1"}],"replies":[{"embeddable":true,"href":"https:\/\/www.amiciinsieme.it\/index.php\/wp-json\/wp\/v2\/comments?post=132"}],"version-history":[{"count":10,"href":"https:\/\/www.amiciinsieme.it\/index.php\/wp-json\/wp\/v2\/pages\/132\/revisions"}],"predecessor-version":[{"id":218,"href":"https:\/\/www.amiciinsieme.it\/index.php\/wp-json\/wp\/v2\/pages\/132\/revisions\/218"}],"up":[{"embeddable":true,"href":"https:\/\/www.amiciinsieme.it\/index.php\/wp-json\/wp\/v2\/pages\/212"}],"wp:attachment":[{"href":"https:\/\/www.amiciinsieme.it\/index.php\/wp-json\/wp\/v2\/media?parent=132"}],"curies":[{"name":"wp","href":"https:\/\/api.w.org\/{rel}","templated":true}]}}