{"id":1380,"date":"2016-09-18T09:11:59","date_gmt":"2016-09-18T07:11:59","guid":{"rendered":"http:\/\/www.amiciinsieme.it\/?page_id=1380"},"modified":"2016-09-18T20:06:59","modified_gmt":"2016-09-18T18:06:59","slug":"concorso-di-poesia-verso-i-versi-2016","status":"publish","type":"page","link":"https:\/\/www.amiciinsieme.it\/index.php\/albo-doro-concorso-di-poesia-verso-i-versi\/concorso-di-poesia-verso-i-versi-2016\/","title":{"rendered":"Concorso di Poesia &#8211; &#8220;Verso i versi&#8221; &#8211; 2016"},"content":{"rendered":"<h2 style=\"text-align: center;\"><em><strong>Concorso di Poesia &#8211; &#8220;Verso i versi&#8221; &#8211; 2016<\/strong><\/em><\/h2>\n<p>&nbsp;<\/p>\n<p style=\"text-align: center;\"><em>Il Presidente Andrea Riccio deciso \u201cConcorso di qualit\u00e0, si punta in alto\u201d<\/em><\/p>\n<p style=\"text-align: left;\">Presso l\u2019aula magna della <strong>Chiesa Maria SS Annunziata<\/strong>, sabato scorso <em>3 settembre<\/em> a Siano, alla presenza di tantissime persone si \u00e8 tenuta la cerimonia di premiazione della <strong>XI edizione<\/strong> del concorso nazionale di poesia \u201c<em>Verso i versi<\/em>\u201d Citt\u00e0 di Siano (SA) organizzato dall\u2019Associazione socio culturale\u201cAmici Insieme\u201d.<br \/>\n\u201cSiamo soddisfatti del successo di questa undicesima edizione del concorso e della serata vista la presenza di tante persone che attendevano questo appuntamento di fine estate. Puntiamo a crescere ancora perch\u00e8 riteniamo che la cultura sia essenziale per migliorare la qualit\u00e0 sociale, economica e politica in una societ\u00e0. Senza alcuna presunzione, ormai il concorso \u201cVerso i versi\u201d Citt\u00e0 di Siano (SA), edizione dopo edizione, \u00e8 cresciuto in termini di visibilit\u00e0, tanto, da crearsi un suo spazio nel circuito dei concorsi letterari nel panorama nazionale\u201d. Queste le parole iniziali, che accompagnano i saluti di Andrea Riccio, Presidente dell\u2019associazione, che oltre dieci anni insieme a tanti giovani collaboratori, che durante la cerimonia ha pi\u00f9 volte ringraziato, sta contribuendo con professionalit\u00e0 alla crescita socio-culturale, al rilancio e alla promozione\u00a0 di Siano.<\/p>\n<p style=\"text-align: left;\"><!--more--><\/p>\n<p>Per questa decima edizione il bando prevedeva due sezioni, a tema libero, in <em><strong>lingua italiana<\/strong><\/em> e <em><strong>vernacolo<\/strong><\/em>. Inoltre, per il terzo anno, in collaborazione con la <strong>scuola secondaria di I grado di Siano<\/strong>, \u00e8 stato celebrato il 21 marzo dichiarato dall\u2019UNESCO dal 1999 \u201c<em>Giornata Mondiale della Poesia<\/em>\u201d. Durante la serata saranno declamate alcune poesie scritte dagli stessi ragazzi, premiate ed inserite nell\u2019antologia poetica del concorso. Il presidente Riccio ha evidenziato che anche questa edizione \u00e8 stata impreziosita dai premi di rappresentanza inviati dalla Presidenza del Senato della Repubblica e dalla Camera di Commercio di Salerno, e ricevuto il Patrocinio del Ministero per i Beni ed Attivit\u00e0 Culturali, ha poi ringraziato i componenti della giuria presieduta dalla <em>prof.ssa Anna Maria Giordano<\/em> coadiuvata dalla <em>prof.ssa Gaetana Leo<\/em> e dalla <em>prof.ssa Concetta Riccio<\/em>, assente il \u00a0<em>prof. Francesco Caiazza<\/em>.<\/p>\n<p>L\u2019associazione ha messo campo un\u2019ottima organizzazione curando tutto nei minimi particolari a partire dall\u2019accoglienza dei vincitori, che hanno avuto modo, guidati dai collaboratori dell\u2019associazione, di fare un giro per il paese ed \u00a0ammirare le bellezze artistiche ed architettoniche dello stesso, non tralasciando niente al caso.<\/p>\n<p>Appena dopo prende la parola l\u2019onorevole <em>Tino Iannuzzi<\/em> che sottolinea il valore della cultura ed in particolare quello della poesia riconoscendo all\u2019Associazione di aver messo in campo una manifestazione di tutto rispetto.<\/p>\n<p>Intervengo in sequenza il Dirigente, <em>prof. Pesce<\/em>, il <em>Sindaco Marchese<\/em> che hanno sottolineato la valenza culturale della manifestazione e l\u2019impegno dell\u2019associazione \u201cAmici Insieme\u201d per la crescita del territorio realizzando un\u2019iniziativa di elevato spessore .<\/p>\n<p>Successivamente prende la parola il Presidente della Giuria, prof.ssa Anna Maria Giordano, la quale ha avuto parole di elogio per l\u2019organizzazione ed ha illustrato i criteri seguiti dalla Giuria nell\u2019assegnazione dei premi. Nel pi\u00f9 totale anonimato, la Giuria, incaricata di valutare le composizioni poetiche, ha innanzi tutto preso atto della numerosa partecipazione ed ha sottolineato il livello qualitativo dei testi ritenendolo elevato. Una prima fase di lettura e di giudizio \u00e8 stata compiuta singolarmente da ciascuno dei componenti la Giuria e successivamente, ha avuto luogo un\u2019attenta comparazione, con una unanime indicazione finale di classifica e dei premi da attribuire.<\/p>\n<p>Si parte con la premiazione della sezione \u201cVernacolo\u201d e l\u2019assegnazione della Menzione d\u2019Onore della Giuria \u00a0ad <strong>Gianni Terminiello<\/strong> di Massa Lubrense (NA)\u00a0 con la poesia \u201c<em>O\u2019salachianiello<\/em> \u201c, cos\u00ec a seguire il terzo e secondo posto a <strong>Oreste D\u2019Alessandro<\/strong> di Marina di Camerota e a <strong>Francesco Milillo<\/strong> di Bari rispettivamente con le poesie \u201c<em>\u2019U purtuall<\/em>\u201d e \u201c<em>Na\u2019 pelose<\/em>\u201d.<\/p>\n<p>Il primo premio, con la targa del Comune di Siano, con la lirica \u201c<em>Comme nasce na puisia<\/em>\u201d, \u00e8 andato a <strong>Fausto Marseglia <\/strong>di Marano (NA).<\/p>\n<p>Alla proclamazione seguiva la lettura della recensione, la declamazione delle poesie stesse alcune delle quali declamate dagli autori stessi, infine la premiazione.<\/p>\n<p>Si passa alla sezione principale che vede in sequenza l\u2019assegnazione della Menzione d\u2019Onore, del Premio Speciale rispettivamente ad <strong>Vanes Ferlini<\/strong> di Imola (BO) con la poesia \u201c<em>Nozze d\u2019oro<\/em>\u201d, a <strong>Giusy Fogu<\/strong> di Iglesias (CI) con la lirica \u201c<em>Donna che non sar\u00f2\u201d<\/em>.<\/p>\n<p>Al terzo posto si \u00e8 classificato <strong>Rocco Leo<\/strong> di Merano (BZ) con la poesia \u201c<em>Tenerti per mano<\/em>\u201d mentre al secondo posto ex-aequo si sono classificati \u00a0con le poesia \u00a0\u201c<em>Sai cosa ?\u201d <\/em>e<em> \u201cItaca\u201d\u00a0 <\/em>rispettivamente <strong>Angelo Taioli<\/strong> di Voghera (PV) e <strong>Scilla Mastini<\/strong> di Longiano ( Forli \u2013Cesena).<\/p>\n<p>A ciascuno dei premiati \u00e8 stata consegnata l\u2019antologia poetica della XI edizione del concorso e la guida turistica, realizzata dall\u2019associazione stessa, \u201c <strong><em>Siano \u2026 terra di fascino, di sogni, di poesia ..<\/em><\/strong>\u201d , di oltre 120 pagine, ricca di foto e tradotta anche in lingua inglese.<\/p>\n<p>La serata si \u00e8 conclusa con la premiazione della vincitrice, la poetessa<strong> Gigliola Magnetti<\/strong> di Lanzo Torinese (TO) con la poesia \u201c<em>Corro negli anni<\/em>\u201d, che ha portato a casa 600 \u20ac e la medaglia della Presidenza del Senato della Repubblica Italiana. Tutti i premiati nel loro intervento hanno espresso parole di elogio e di congratulazioni all\u2019Associazione \u201c<em>Amici Insieme<\/em>\u201d per il livello raggiunto, la qualit\u00e0 delle poesie, la professionalit\u00e0 della giuria, l\u2019ottima organizzazione, curata nei minimi particolari e l\u2019accoglienza calorosa ricevuta.<\/p>\n<p>Alla fine l\u2019Associazione ha offerto ai presenti un ricco buffet.<\/p>\n<p>&nbsp;<\/p>\n<p style=\"text-align: center;\"><strong>XI EDIZIONE 2016<\/strong><br \/>\n<strong>Sezione: Italiano<\/strong><\/p>\n<p style=\"text-align: center;\">I classificato<br \/>\n\u2022\u00a0<strong>Gigliola Magnetti<\/strong>, Lanzo Torinese (TO) , \u201c<strong>Corro negli anni<\/strong>\u201d<\/p>\n<p style=\"text-align: center;\"><a href=\"https:\/\/www.amiciinsieme.it\/?p=1384#primo\">Motivazioni &#8211; Poesia<\/a><\/p>\n<p style=\"text-align: center;\">II classificato\u00a0 ex aequo<br \/>\n\u2022 <strong>Scilla Mastini<\/strong>, Longiano (FC), \u201c<strong>Itaca<\/strong>\u201d<\/p>\n<p style=\"text-align: center;\"><a href=\"https:\/\/www.amiciinsieme.it\/?p=1384#secondo\">Motivazioni &#8211; Poesia<\/a><\/p>\n<p style=\"text-align: center;\">II classificato\u00a0 ex aequo<br \/>\n\u2022 <strong>Angelo Taioli<\/strong>, Voghera (PV), \u201c<strong>Sai cosa ?<\/strong>\u201d<\/p>\n<p style=\"text-align: center;\"><a href=\"https:\/\/www.amiciinsieme.it\/?p=1384#secondo2\">Motivazioni &#8211; Poesia<\/a><\/p>\n<p style=\"text-align: center;\">III classificato<br \/>\n\u2022 <strong>Rocco Leo<\/strong>, Merano (BZ), \u201c<strong>Tenerti per mano<\/strong>\u201d<\/p>\n<p style=\"text-align: center;\"><a href=\"https:\/\/www.amiciinsieme.it\/?p=1384#terzo\">Motivazioni &#8211; Poesia<\/a><\/p>\n<p style=\"text-align: center;\">Menzione d\u2019Onore della Giuria<br \/>\n\u2022 <strong>Vanes Ferlini<\/strong>,\u00a0 Imola (BO), <strong>\u201cNozze d\u2019oro\u201d<\/strong><\/p>\n<p style=\"text-align: center;\"><a href=\"https:\/\/www.amiciinsieme.it\/?p=1384#menzione\">Motivazioni &#8211; Poesia<\/a><\/p>\n<p style=\"text-align: center;\">Premio Speciale della Giuria<br \/>\n\u2022 <strong>Giusy Fogu<\/strong>, Iglesias (I), \u201c<strong>Donna che non sar\u00f2<\/strong>\u201d<\/p>\n<p style=\"text-align: center;\"><a href=\"https:\/\/www.amiciinsieme.it\/?p=1384#menzione\">Motivazioni &#8211; Poesia<\/a><\/p>\n<p style=\"text-align: center;\"><strong>Sezione: \u201cVernacolo\u201d<\/strong><\/p>\n<p style=\"text-align: center;\">I classificato<br \/>\n\u2022 <strong>Fausto Marseglia<\/strong>, Marano (NA) , \u201c<strong>Comme nasce na puisia<\/strong>\u201d<\/p>\n<p style=\"text-align: center;\"><a href=\"https:\/\/www.amiciinsieme.it\/?p=1384#primovern\">Motivazioni &#8211; Poesia<\/a><\/p>\n<p style=\"text-align: center;\">II classificato<br \/>\n\u2022 <strong>Francesco Milillo<\/strong>, Bari (BA), \u201c<strong>Na\u2019 pelose<\/strong>\u201d<\/p>\n<p style=\"text-align: center;\"><a href=\"https:\/\/www.amiciinsieme.it\/?p=1384#secondovern\">Motivazioni &#8211; Poesia<\/a><\/p>\n<p style=\"text-align: center;\">III classificato<br \/>\n\u2022 <strong>Oreste D\u2019Alessandro<\/strong>, Marina di Camerota (SA), \u201c<strong>\u2019U purtuall<\/strong>\u201d<\/p>\n<p style=\"text-align: center;\"><a href=\"https:\/\/www.amiciinsieme.it\/?p=1384#terzovern\">Motivazioni &#8211; Poesia<\/a><\/p>\n<p style=\"text-align: center;\"><strong>Menzione d\u2019Onore della Giuria<br \/>\n\u2022 Gianni Terminiello, Massa Lubrense (NA), \u201c\u2019O Salachianiello\u201d<\/strong><\/p>\n<p style=\"text-align: center;\"><a href=\"https:\/\/www.amiciinsieme.it\/?p=1384#menzvern\">Motivazioni &#8211; Poesia<\/a><\/p>\n<p style=\"text-align: center;\">\u00a0\t<div class='ngg-imagebrowser default-view'\n\t\tid='ngg-imagebrowser-ac8def49902da3da1ba59f435f857c68-1380'\n\t\tdata-nextgen-gallery-id=\"ac8def49902da3da1ba59f435f857c68\">\n\n\t\t<h3>Concorso-di-poesia-2016-31<\/h3>\n\n\t\t<div id=\"ngg-image-0\" class=\"pic\" \n\t\t\t\t\t>\n\t\t<a href='https:\/\/www.amiciinsieme.it\/\/wp-content\/gallery\/concorso-di-poesia-2016\/Concorso-di-poesia-2016-31.jpg'\n\t\t\ttitle=' '\n\t\t\tdata-src=\"https:\/\/www.amiciinsieme.it\/\/wp-content\/gallery\/concorso-di-poesia-2016\/Concorso-di-poesia-2016-31.jpg\"\n\t\t\tdata-thumbnail=\"https:\/\/www.amiciinsieme.it\/\/wp-content\/gallery\/concorso-di-poesia-2016\/thumbs\/thumbs_Concorso-di-poesia-2016-31.jpg\"\n\t\t\tdata-image-id=\"542\"\n\t\t\tdata-title=\"Concorso-di-poesia-2016-31\"\n\t\t\tdata-description=\" \"\n\t\t\tclass=\"ngg-simplelightbox\" rel=\"ac8def49902da3da1ba59f435f857c68\">\n\t\t\t<img title='Concorso-di-poesia-2016-31'\n\t\t\t\talt='Concorso-di-poesia-2016-31'\n\t\t\t\tsrc='https:\/\/www.amiciinsieme.it\/\/wp-content\/gallery\/concorso-di-poesia-2016\/Concorso-di-poesia-2016-31.jpg'\/>\n\t\t<\/a>\n\n\t\t<\/div>\n\t\t<div class='ngg-imagebrowser-nav'>\n\n\t\t\t<div class='back'>\n\t\t\t\t<a class='ngg-browser-prev'\n\t\t\t\t\tid='ngg-prev-580'\n\t\t\t\t\thref='https:\/\/www.amiciinsieme.it\/index.php\/albo-doro-concorso-di-poesia-verso-i-versi\/concorso-di-poesia-verso-i-versi-2016\/nggallery\/image\/concorso-di-poesia-2016-30'>\n\t\t\t\t\t<i class=\"fa fa-chevron-left\" aria-hidden=\"true\"><\/i>\n\t\t\t\t<\/a>\n\t\t\t<\/div>\n\n\t\t\t<div class='next'>\n\t\t\t\t<a class='ngg-browser-next'\n\t\t\t\t\tid='ngg-next-543'\n\t\t\t\t\thref='https:\/\/www.amiciinsieme.it\/index.php\/albo-doro-concorso-di-poesia-verso-i-versi\/concorso-di-poesia-verso-i-versi-2016\/nggallery\/image\/concorso-di-poesia-2016-32'>\n\t\t\t\t\t<i class=\"fa fa-chevron-right\" aria-hidden=\"true\"><\/i>\n\t\t\t\t<\/a>\n\t\t\t<\/div>\n\n\t\t\t<div class='counter'>\n\t\t\t\tImmagine\t\t\t\t1\t\t\t\tdi\t\t\t\t39\t\t\t<\/div>\n\n\t\t\t<div class='ngg-imagebrowser-desc'>\n\t\t\t\t<p> <\/p>\n\t\t\t<\/div>\n\n\t\t<\/div>\n\t<\/div>\n<\/p>\n<div style=\"padding-bottom:20px; padding-top:10px;\" class=\"hupso-share-buttons\"><!-- Hupso Share Buttons - https:\/\/www.hupso.com\/share\/ --><a class=\"hupso_counters\" href=\"https:\/\/www.hupso.com\/share\/\"><img data-recalc-dims=\"1\" decoding=\"async\" src=\"https:\/\/i0.wp.com\/static.hupso.com\/share\/buttons\/lang\/it\/share-small.png?w=642&#038;ssl=1\" style=\"border:0px; padding-top:2px; float:left;\" alt=\"Share Button\"\/><\/a><script type=\"text\/javascript\">var hupso_services_c=new Array(\"twitter\",\"facebook_like\",\"facebook_send\");var hupso_counters_lang = \"it_IT\";var hupso_image_folder_url = \"\";var hupso_twitter_via=\"amiciinsieme\";var hupso_url_c=\"\";var hupso_title_c=\"Concorso%20di%20Poesia%20-%20%22Verso%20i%20versi%22%20-%202016\";<\/script><script type=\"text\/javascript\" src=\"https:\/\/static.hupso.com\/share\/js\/counters.js\"><\/script><!-- Hupso Share Buttons --><\/div>","protected":false},"excerpt":{"rendered":"<p>Concorso di Poesia &#8211; &#8220;Verso i versi&#8221; &#8211; 2016 &nbsp; Il Presidente Andrea Riccio deciso \u201cConcorso di qualit\u00e0, si punta in alto\u201d Presso l\u2019aula magna della Chiesa Maria SS Annunziata, sabato scorso 3 settembre a Siano, alla presenza di tantissime persone si \u00e8 tenuta la cerimonia di premiazione della XI edizione del concorso nazionale di poesia \u201cVerso i versi\u201d Citt\u00e0 di Siano (SA) organizzato dall\u2019Associazione socio culturale\u201cAmici Insieme\u201d. \u201cSiamo soddisfatti del successo di questa undicesima edizione del concorso e della serata vista la presenza di tante persone che attendevano questo appuntamento di fine estate. Puntiamo a crescere ancora perch\u00e8 riteniamo che la cultura sia essenziale per migliorare la qualit\u00e0 sociale, economica e politica in una societ\u00e0. Senza alcuna presunzione, ormai il concorso \u201cVerso i versi\u201d Citt\u00e0 di Siano (SA), edizione dopo edizione, \u00e8 cresciuto in termini di visibilit\u00e0, tanto, da crearsi un suo spazio nel circuito dei concorsi letterari nel panorama nazionale\u201d. Queste le parole iniziali, che accompagnano i saluti di Andrea Riccio, Presidente dell\u2019associazione, che oltre dieci anni insieme a tanti giovani collaboratori, che durante la cerimonia ha pi\u00f9 volte ringraziato, sta contribuendo con professionalit\u00e0 alla crescita socio-culturale, al rilancio e alla promozione\u00a0 di Siano.<\/p>\n<div style=\"padding-bottom:20px; padding-top:10px;\" class=\"hupso-share-buttons\"><!-- Hupso Share Buttons - https:\/\/www.hupso.com\/share\/ --><a class=\"hupso_counters\" href=\"https:\/\/www.hupso.com\/share\/\"><img src=\"https:\/\/static.hupso.com\/share\/buttons\/lang\/it\/share-small.png\" style=\"border:0px; padding-top:2px; float:left;\" alt=\"Share Button\"\/><\/a><script type=\"text\/javascript\">var hupso_services_c=new Array(\"twitter\",\"facebook_like\",\"facebook_send\");var hupso_counters_lang = \"it_IT\";var hupso_image_folder_url = \"\";var hupso_twitter_via=\"amiciinsieme\";var hupso_url_c=\"\";var hupso_title_c=\"Concorso%20di%20Poesia%20-%20%22Verso%20i%20versi%22%20-%202016\";<\/script><script type=\"text\/javascript\" src=\"https:\/\/static.hupso.com\/share\/js\/counters.js\"><\/script><!-- Hupso Share Buttons --><\/div>","protected":false},"author":1,"featured_media":1203,"parent":82,"menu_order":0,"comment_status":"open","ping_status":"closed","template":"","meta":{"ngg_post_thumbnail":0,"footnotes":""},"class_list":["post-1380","page","type-page","status-publish","has-post-thumbnail","hentry"],"jetpack_sharing_enabled":true,"jetpack_shortlink":"https:\/\/wp.me\/P91vVa-mg","jetpack-related-posts":[],"_links":{"self":[{"href":"https:\/\/www.amiciinsieme.it\/index.php\/wp-json\/wp\/v2\/pages\/1380"}],"collection":[{"href":"https:\/\/www.amiciinsieme.it\/index.php\/wp-json\/wp\/v2\/pages"}],"about":[{"href":"https:\/\/www.amiciinsieme.it\/index.php\/wp-json\/wp\/v2\/types\/page"}],"author":[{"embeddable":true,"href":"https:\/\/www.amiciinsieme.it\/index.php\/wp-json\/wp\/v2\/users\/1"}],"replies":[{"embeddable":true,"href":"https:\/\/www.amiciinsieme.it\/index.php\/wp-json\/wp\/v2\/comments?post=1380"}],"version-history":[{"count":8,"href":"https:\/\/www.amiciinsieme.it\/index.php\/wp-json\/wp\/v2\/pages\/1380\/revisions"}],"predecessor-version":[{"id":1486,"href":"https:\/\/www.amiciinsieme.it\/index.php\/wp-json\/wp\/v2\/pages\/1380\/revisions\/1486"}],"up":[{"embeddable":true,"href":"https:\/\/www.amiciinsieme.it\/index.php\/wp-json\/wp\/v2\/pages\/82"}],"wp:featuredmedia":[{"embeddable":true,"href":"https:\/\/www.amiciinsieme.it\/index.php\/wp-json\/wp\/v2\/media\/1203"}],"wp:attachment":[{"href":"https:\/\/www.amiciinsieme.it\/index.php\/wp-json\/wp\/v2\/media?parent=1380"}],"curies":[{"name":"wp","href":"https:\/\/api.w.org\/{rel}","templated":true}]}}