{"id":158,"date":"2012-12-02T12:40:04","date_gmt":"2012-12-02T11:40:04","guid":{"rendered":"http:\/\/www.amiciinsieme.it\/?page_id=158"},"modified":"2012-12-02T12:53:16","modified_gmt":"2012-12-02T11:53:16","slug":"concorso-di-poesia-verso-i-versi-2008","status":"publish","type":"page","link":"https:\/\/www.amiciinsieme.it\/index.php\/albo-doro-concorso-di-poesia-verso-i-versi\/concorso-di-poesia-verso-i-versi-2008\/","title":{"rendered":"Concorso di Poesia &#8211; &#8220;Verso i versi&#8221; &#8211; 2008"},"content":{"rendered":"<p class=\"link\" align=\"left\">Il <strong>Presidente Riccio<\/strong> ha ringraziato tutte le istituzioni ed enti, sottolineando in particolar modo i premi di rappresentanza ricevuti (medaglie) dal <strong>Presidente della Repubblica<\/strong>, <strong>S.E. Giorgio Napolitano<\/strong>, <strong>dalle Presidenze dei due rami del Parlamento Italiano<\/strong>, <strong>Camera dei Deputati<\/strong> e <strong>Senato della Repubblica<\/strong> in aggiunta al sostegno di altri enti ed istituzioni quali: <strong>Regione Campania<\/strong>, <strong>EPT<\/strong> di Salerno, <strong>La Comunit\u00e0 Montana Valle dell\u2019Irno<\/strong>, la<strong> Provincia di Salerno<\/strong> ed il <strong>Comune di Siano<\/strong>, tutti i partecipanti, che sono oltre 250 per tutte e tre le sezioni, lingua italiana, vernacolo e sezione giovani, un ringraziamento particolare alla Giuria, ha poi ringraziato i declamatori facenti parte della <strong>Compagnia Stabile Teatrale Sianese<\/strong> che hanno declamato le poesie vincitrici regalando forti emozioni e rendendo ancora pi\u00f9 piacevoli le poesie premiate. Infine, ma non per importanza, il <strong>dott. Andrea Riccio<\/strong> ha ringraziato i suoi collaboratori ed i componenti della due giurie. Successivamente ha preso la parola l&#8217;<strong>Assessore Alfonso Leo<\/strong>,<strong> il sindaco Sabato Tenore<\/strong> che hanno sottolineato l\u2019impegno e le energie messe in campo dall\u2019associazione per aver creato un momento culturale di cos\u00ec alto spessore,ed il <strong>Vice Presidente dott. Gianni Iuliano<\/strong>, l\u2019<strong>On. Gennaro Mucciolo<\/strong>, <strong>Vice Presidente del Consiglio Regionale della Campania<\/strong>, e il <strong>Sen. Alfonso Andria<\/strong> che hanno sottolineato lo spessore culturale e la visibilit\u00e0 dell&#8217;iniziativa avendo parole di elogio per la manifestazione e per l&#8217;organizzazione della stessa riconoscendo all\u2019associazione di essere ormai diventato un punto di riferimento nel panorama sociale e culturale. Si parte con la sezione giovani, e prende la parola il presidente della giuria <strong>prof. Franco Sebastiano Ascoli<\/strong>, che ha sottolineato la valenza culturale dell&#8217;iniziativa congratulandosi con l\u2019associazione Amici Insieme, in particolare con il presidente Riccio, manifestando tutta la sua emozione ad essere presidente di una commissione giudicatrice.<br \/>\n Si parte con la premiazione della sezione giovani, che ha visto l\u2019assegnazione di una menzione d\u2019onora della giuria ad un giovane di Siano, <strong>Danilo Albano<\/strong>, con la poesia \u201c<em>Sentite,<\/em> <em>ascoltate mortali<\/em>\u201d poi del terzo e secondo posto a <strong>Maria Vittoria Maiorino<\/strong>, di Cava de Tirreni e a <strong>Annnachiara Anzelmo<\/strong> di Nocera Inferiore rispettivamente con le poesie \u201c<em>Se io fossi<\/em>\u201d e \u201c<em>Ognuno parla<\/em>\u201d. Vincitore per questa sezione \u00e8 stata la giovane <strong>Valentina Mercurio<\/strong> con la lirica \u201c<em>E\u2019 buio\u201d<\/em>, che ha portato a casa 300 \u20ac + una targa + una pergamena + la medaglia del Presidente del Senato della Repubblica Italiana.<br \/>\n Si passa poi alla sezione vernacolo, che ha visto l\u2019assegnazione di due menzioni d\u2019onore della giuria a <strong>Vincenzo Russo<\/strong>, di Napoli, e <strong>Francesco Galasso, <\/strong>di Mesagne (BR), rispettivamente con le poesie \u201c<em>Ll\u2019indifferenza<\/em>\u201d e \u201c<em>Terra vvlita<\/em>\u201d. Al terzo posto si \u00e8 classificato il poeta romano <strong>Michelangelo Lombardo<\/strong>, con la poesia \u201c<em>U hjuri da vita<\/em>\u201d mentre il secondo posto \u00e8 andato a <strong>Gabriella Maddalena Macidi<\/strong> di Malo (VC) con la poesia \u201c<em>Mi e ti<\/em>\u201d. Vincitore per questa sezione \u00e8 stato il poeta napoletano <strong>Raffeale Galiero<\/strong> con la lirica \u201c<em>N\u00f2nna-n\u00f2nna<\/em>\u201d, che ha portato a casa 300 \u20ac + una targa + una pergamena + la medaglia del Presidente della Repubblica Italiana.<br \/>\n Alla proclamazione seguiva la premiazione ed infine la declamazione delle poesie stesse da parte di artisti della recitazione facenti parte della Compagnia Stabile Teatrale Sianese, alla quale l\u2019Associazione Amici Insieme ha consegnato una targa ricordo per il contributo dato.<br \/>\n Inizia il momento culminante della serata: la premiazione della sezione in lingua italiana. Prende la parola uno dei componenti della Giuria, prof.ssa Annamaria Giordano, la quale ha avuto parole di elogio per l\u2019organizzazione e poi ha illustrato i criteri seguiti dalla Giuria nell\u2019assegnazione dei premi. Nel pi\u00f9 totale anonimato, la Giuria, incaricata di valutare le composizioni poetiche, ha innanzi tutto preso atto della numerosa partecipazione ed ha sottolineato il livello qualitativo dei testi ritenendolo elevato. Una prima fase di lettura e di giudizio \u00e8 stata compiuta singolarmente da ciascuno dei componenti la Giuria e successivamente, ha avuto luogo un\u2019attenta comparazione, con una unanime indicazione finale di classifica e dei premi da attribuire.<br \/>\n La serata si \u00e8 conclusa con la premiazione dei vincitori della sezione lingua italiana, che ha visto l\u2019assegnazione di diversi premi, a sottolineare la difficolt\u00e0 di scelta che ha coinvolto la giuria, infatti sono state assegnate due Menzioni d\u2019Onore a <strong>Dominique Iannarella<\/strong> di Roma e a <strong>Cinzia Demi<\/strong> di Bologna, poi tre Segnalazioni di Merito a <strong>Giovanni Caso<\/strong> di Siano (SA), a <strong>Roberto Mestrone<\/strong> di Volvera (TO) e di <strong>Maria Grazia Frassi<\/strong> di Robecco d\u2019Oglio (CR). Il terzo e secondo posto sono andati, rispettivamente, a <strong>Maricla Di Dio Morgano<\/strong>, di Calascibetta (EN) con la lirica \u201c<em>Canto Andaluso<\/em>\u201de a <strong>Lenio Vallati<\/strong> di Sesto Fiorentino (FI) con la poesia \u201c<em>Non dirmi<\/em>\u201d, a quest\u2019ultima \u00e8 stata consegnata anche la medaglia della Presidenza della Camera dei Deputati. Il primo premio \u00e8 stato consegnato al poeta casertano <strong>Nicola Aurilio<\/strong> con la poesia \u201c<em>Bagagli<\/em>\u201d, che ha portato a casa 400 \u20ac + una targa + una pergamena + la medaglia del Presidente della Repubblica Italiana. A tutti i premiati ed agli intervenuti \u00e8 stata consegnata l\u2019antologia poetica della IV edizione del concorso.<br \/>\n Alla fine l\u2019Associazione ha offerto ai presenti un ricco buffet;<br \/>\n Ai giurati l&#8217;associazione, quale riconoscimento per la professionalit\u00e0, la disponibilit\u00e0 mostrata e l&#8217;attivit\u00e0 svolta, ha consegnato una pergamena ricordo e un segnalibro d\u2019argento.<\/p>\n<p class=\"link\" align=\"center\">\nIl concorso \u00e8 stato articolato in tre sezioni: Poesia in lingua italiana, vernacolo e giovani:<\/p>\n<p style=\"text-align: left;\" class=\"link\" align=\"center\">\n         <strong>Componenti Giuria sezione italiano<\/strong><br \/>\n         Prof. Francesco Caiazza: Presidente <br \/>\n         Prof.ssa Concetta Riccio<br \/>\n         Prof.ssa Annamaria Giordano <br \/>\n         Prof.ssa Gaetana Leo <br \/>\n         <strong>Componenti Giuria sezione vernacolo e giovani<\/strong><br \/>\n         Prof. Sebastiano Ascoli: Presidente <br \/>\n         Prof. Antonio Masi <br \/>\n         Sig. ra Raffaella Malvano<\/p>\n<p style=\"text-align: center;\" class=\"link\"><strong><span class=\"Stile8\"> Sezione: Lingua Italiana<\/span><\/strong><br \/>\n            <a name=\"premio\"><\/a><strong>Poesie Premiate<\/strong><br \/>\n         I classificato ( targa + pergamena + 400 \u20ac + medaglia del Presidente della Repubblica Italiana)<br \/>\n \u2022 <strong>Nicola Aurilio<\/strong>, di Casale di Carinola (CE), \u201c<strong>Bagagli<\/strong>\u201d <br \/>\n <a href=\".\/verso-i-versi-2008-motivazioni#primo\">Motivazioni &#8211; Poesia<\/a><\/p>\n<p> II classificato (targa + pergamena + 200 \u20ac + medaglia della Presidenza del Senato della Repubblica)<br \/>\n \u2022 <strong>Lenio Vallati<\/strong>, di Sesto Fiorentino (FI), \u201c<strong>Non dirmi<\/strong>\u201d <br \/>\n <a href=\".\/verso-i-versi-2008-motivazioni#secondo\">Motivazioni &#8211; Poesia<\/a><\/p>\n<p> III classificato (targa + pergamena + 100 \u20ac)<br \/>\n \u2022 <strong>Marcicla Di Dio Morgano<\/strong>, di Calascibetta (EN), \u201c<strong>Canto Andaluso<\/strong>\u201d <br \/>\n <a href=\".\/verso-i-versi-2008-motivazioni#terzo\">Motivazioni &#8211; Poesia<\/a><\/p>\n<p> Menzione d\u2019Onore della Giuria (targa + pergamena)<br \/>\n \u2022 <strong>Cinzia Demi<\/strong>, di Bologna (BO), \u201c<strong>della periferia<\/strong>\u201d<br \/>\n <a href=\".\/verso-i-versi-2008-motivazioni#menzione1\">Motivazioni &#8211; Poesia<\/a><\/p>\n<p> Menzione d\u2019Onore della Giuria (targa + pergamena)<br \/>\n \u2022 <strong>Dominique Iannarella<\/strong>, di Roma (RM), \u201c<strong>Miniato totem al cioccolato fondente<\/strong>\u201d<br \/>\n <a href=\".\/verso-i-versi-2008-motivazioni#menzione2\">Motivazioni &#8211; Poesia<\/a> <\/p>\n<p>         Segnalazione di Merito (targa + pergamena)<br \/>\n \u2022 <strong>Giovanni Caso<\/strong>, di Siano (SA), \u201c<strong>Mia terra di dolore e di speranza<\/strong>\u201d<br \/>\n <a href=\".\/verso-i-versi-2008-motivazioni#segn1\">Motivazioni &#8211; Poesia<\/a> <br \/>\n         Segnalazione di Merito (targa + pergamena)<br \/>\n \u2022 <strong>Roberto Mestrone<\/strong>, di Volvera (TO), \u201c<strong>L\u2019ultima estate<\/strong>\u201d<br \/>\n <a href=\".\/verso-i-versi-2008-motivazioni#segn2\">Motivazioni &#8211; Poesia<\/a><br \/>\n         Segnalazione di Merito (targa + pergamena)<br \/>\n \u2022 <strong>Maria Grazia Frassi<\/strong>, di Robecco d\u2019Oglio (CR), \u201c<strong>Alba<\/strong>\u201d<br \/>\n <a href=\".\/verso-i-versi-2008-motivazioni#segn3\">Motivazioni &#8211; Poesia<\/a><\/p>\n<p>&nbsp;<\/p>\n<p style=\"text-align: center;\" class=\"link\"><strong><span class=\"Stile8\">Sezione: Vernacolo<\/span><\/strong><br \/>\n            <strong>Poesie Premiate<\/strong><br \/>\n         I classificato (targa + pergamena + 300 \u20ac + medaglia del Presidente della Repubblica Italiana)<br \/>\n \u2022 <strong>Raffaele Galiero<\/strong>, di Casalnuovo di Napoli (NA), \u201c<strong>N\u00f2nna-n\u00f2nna<\/strong>\u201d <br \/>\n <a href=\".\/verso-i-versi-2008-motivazioni#primover\">Motivazioni &#8211; Poesia<\/a><\/p>\n<p> II classificato (targa + pergamena + 150 \u20ac)<br \/>\n \u2022 <strong>Gabriella Maddalena Macidi<\/strong>, di Malo (VI), \u201c<strong>Mi e ti<\/strong>\u201d <br \/>\n <a href=\".\/verso-i-versi-2008-motivazioni#secondover\">Motivazioni &#8211; Poesia<\/a><\/p>\n<p> III classificato (targa +pergamena + 100 \u20ac)<br \/>\n \u2022 <strong>Lombardo Michelangelo<\/strong>, di Roma (RM), \u201c<strong>U hjuri da vita<\/strong>\u201d <br \/>\n <a href=\".\/verso-i-versi-2008-motivazioni#terzovern\">Motivazioni &#8211; Poesia<\/a><\/p>\n<p> Menzione d\u2019Onore della Giuria (targa + pergamena)<br \/>\n \u2022 <strong>Francesco Galasso<\/strong>, di Mesagne (BR), \u201c<strong>Terra vvilita<\/strong>\u201d<br \/>\n <a href=\".\/verso-i-versi-2008-motivazioni#menzionevern1\">Motivazioni &#8211; Poesia<\/a><br \/>\n Menzione d\u2019Onore della Giuria (targa + pergamena)<br \/>\n \u2022 <strong>Vincenzo Russo<\/strong>, di Napoli (NA), \u201c<strong>Ll\u2019indifferenza<\/strong>\u201d<br \/>\n <a href=\".\/verso-i-versi-2008-motivazioni#menzionevern2\">Motivazioni &#8211; Poesia<\/a><\/p>\n<p style=\"text-align: center;\" class=\"link\"><strong><span class=\"Stile8\"> Sezione: Giovani<\/span><\/strong><br \/>\n            <strong>Poesie Premiate<\/strong><br \/>\n         I classificato (targa + pergamena + 300 \u20ac + medaglia del Presidente della Repubblica Italiana)<br \/>\n \u2022 <strong>Valentina Mercurio<\/strong>, di Cava de Tirreni (SA), \u201c<strong>E\u2019 buio<\/strong>\u201d <br \/>\n <a href=\".\/verso-i-versi-2008-motivazioni#primogio\">Motivazioni &#8211; Poesia<\/a><\/p>\n<p> II classificato (targa + pergamena + 150 \u20ac)<br \/>\n \u2022 <strong>Annachiara Anzelmo<\/strong>, di Nocera Inferiore (SA), \u201c<strong>Ognuno parla<\/strong>\u201d <br \/>\n <a href=\".\/verso-i-versi-2008-motivazioni#secondogio\">Motivazioni &#8211; Poesia<\/a><\/p>\n<p> III classificato (targa +pergamena + 100 \u20ac)<br \/>\n \u2022 <strong>Maria Vittoria Maiorino<\/strong>, di Cava de Tirreni (SA), \u201c<strong>Se io fossi<\/strong>\u201d <br \/>\n <a href=\".\/verso-i-versi-2008-motivazioni#terzogio\">Motivazioni &#8211; Poesia<\/a><\/p>\n<p style=\"text-align: center;\" class=\"link\">\n <strong>Menzione d\u2019Onore della Giuria (targa + pergamena)<\/strong><br \/>\n \u2022 <strong>Danilo Albano<\/strong>, di Siano (SA), \u201c<strong>Sentite, ascoltate mortali<\/strong>\u201d<br \/>\n <a href=\".\/verso-i-versi-2008-motivazioni#menzionegio\">Motivazioni &#8211; Poesia<\/a>        <\/p>\n<div style=\"padding-bottom:20px; padding-top:10px;\" class=\"hupso-share-buttons\"><!-- Hupso Share Buttons - https:\/\/www.hupso.com\/share\/ --><a class=\"hupso_counters\" href=\"https:\/\/www.hupso.com\/share\/\"><img data-recalc-dims=\"1\" decoding=\"async\" src=\"https:\/\/i0.wp.com\/static.hupso.com\/share\/buttons\/lang\/it\/share-small.png?w=642&#038;ssl=1\" style=\"border:0px; padding-top:2px; float:left;\" alt=\"Share Button\"\/><\/a><script type=\"text\/javascript\">var hupso_services_c=new Array(\"twitter\",\"facebook_like\",\"facebook_send\");var hupso_counters_lang = \"it_IT\";var hupso_image_folder_url = \"\";var hupso_twitter_via=\"amiciinsieme\";var hupso_url_c=\"\";var hupso_title_c=\"Concorso%20di%20Poesia%20-%20%22Verso%20i%20versi%22%20-%202008\";<\/script><script type=\"text\/javascript\" src=\"https:\/\/static.hupso.com\/share\/js\/counters.js\"><\/script><!-- Hupso Share Buttons --><\/div>","protected":false},"excerpt":{"rendered":"<p>Il Presidente Riccio ha ringraziato tutte le istituzioni ed enti, sottolineando in particolar modo i premi di rappresentanza ricevuti (medaglie) dal Presidente della Repubblica, S.E. Giorgio Napolitano, dalle Presidenze dei due rami del Parlamento Italiano, Camera dei Deputati e Senato della Repubblica in aggiunta al sostegno di altri enti ed istituzioni quali: Regione Campania, EPT di Salerno, La Comunit\u00e0 Montana Valle dell\u2019Irno, la Provincia di Salerno ed il Comune di Siano, tutti i partecipanti, che sono oltre 250 per tutte e tre le sezioni, lingua italiana, vernacolo e sezione giovani, un ringraziamento particolare alla Giuria, ha poi ringraziato i declamatori facenti parte della Compagnia Stabile Teatrale Sianese che hanno declamato le poesie vincitrici regalando forti emozioni e rendendo ancora pi\u00f9 piacevoli le poesie premiate. Infine, ma non per importanza, il dott. Andrea Riccio ha ringraziato i suoi collaboratori ed i componenti della due giurie. Successivamente ha preso la parola l&#8217;Assessore Alfonso Leo, il sindaco Sabato Tenore che hanno sottolineato l\u2019impegno e le energie messe in campo dall\u2019associazione per aver creato un momento culturale di cos\u00ec alto spessore,ed il Vice Presidente dott. Gianni Iuliano, l\u2019On. Gennaro Mucciolo, Vice Presidente del Consiglio Regionale della Campania, e il Sen. Alfonso Andria che hanno &hellip; <a class=\"readmore\" href=\"https:\/\/www.amiciinsieme.it\/index.php\/albo-doro-concorso-di-poesia-verso-i-versi\/concorso-di-poesia-verso-i-versi-2008\/\">Continua a leggere \u2192<\/a><\/p>\n<div style=\"padding-bottom:20px; padding-top:10px;\" class=\"hupso-share-buttons\"><!-- Hupso Share Buttons - https:\/\/www.hupso.com\/share\/ --><a class=\"hupso_counters\" href=\"https:\/\/www.hupso.com\/share\/\"><img src=\"https:\/\/static.hupso.com\/share\/buttons\/lang\/it\/share-small.png\" style=\"border:0px; padding-top:2px; float:left;\" alt=\"Share Button\"\/><\/a><script type=\"text\/javascript\">var hupso_services_c=new Array(\"twitter\",\"facebook_like\",\"facebook_send\");var hupso_counters_lang = \"it_IT\";var hupso_image_folder_url = \"\";var hupso_twitter_via=\"amiciinsieme\";var hupso_url_c=\"\";var hupso_title_c=\"Concorso%20di%20Poesia%20-%20%22Verso%20i%20versi%22%20-%202008\";<\/script><script type=\"text\/javascript\" src=\"https:\/\/static.hupso.com\/share\/js\/counters.js\"><\/script><!-- Hupso Share Buttons --><\/div>","protected":false},"author":1,"featured_media":0,"parent":82,"menu_order":0,"comment_status":"open","ping_status":"open","template":"","meta":{"ngg_post_thumbnail":0,"footnotes":""},"class_list":["post-158","page","type-page","status-publish","hentry"],"jetpack_sharing_enabled":true,"jetpack_shortlink":"https:\/\/wp.me\/P91vVa-2y","jetpack-related-posts":[],"_links":{"self":[{"href":"https:\/\/www.amiciinsieme.it\/index.php\/wp-json\/wp\/v2\/pages\/158"}],"collection":[{"href":"https:\/\/www.amiciinsieme.it\/index.php\/wp-json\/wp\/v2\/pages"}],"about":[{"href":"https:\/\/www.amiciinsieme.it\/index.php\/wp-json\/wp\/v2\/types\/page"}],"author":[{"embeddable":true,"href":"https:\/\/www.amiciinsieme.it\/index.php\/wp-json\/wp\/v2\/users\/1"}],"replies":[{"embeddable":true,"href":"https:\/\/www.amiciinsieme.it\/index.php\/wp-json\/wp\/v2\/comments?post=158"}],"version-history":[{"count":6,"href":"https:\/\/www.amiciinsieme.it\/index.php\/wp-json\/wp\/v2\/pages\/158\/revisions"}],"predecessor-version":[{"id":161,"href":"https:\/\/www.amiciinsieme.it\/index.php\/wp-json\/wp\/v2\/pages\/158\/revisions\/161"}],"up":[{"embeddable":true,"href":"https:\/\/www.amiciinsieme.it\/index.php\/wp-json\/wp\/v2\/pages\/82"}],"wp:attachment":[{"href":"https:\/\/www.amiciinsieme.it\/index.php\/wp-json\/wp\/v2\/media?parent=158"}],"curies":[{"name":"wp","href":"https:\/\/api.w.org\/{rel}","templated":true}]}}