{"id":199,"date":"2012-12-02T15:04:18","date_gmt":"2012-12-02T14:04:18","guid":{"rendered":"http:\/\/www.amiciinsieme.it\/?page_id=199"},"modified":"2012-12-05T00:34:19","modified_gmt":"2012-12-04T23:34:19","slug":"concorso-di-poesia-verso-i-versi-2012","status":"publish","type":"page","link":"https:\/\/www.amiciinsieme.it\/index.php\/albo-doro-concorso-di-poesia-verso-i-versi\/concorso-di-poesia-verso-i-versi-2012\/","title":{"rendered":"Concorso di Poesia &#8211; &#8220;Verso i versi&#8221; &#8211; 2012"},"content":{"rendered":"<p align=\"left\">\nSIANO \u2013 Presso la sala del centro civico \u201cG.Siani\u201d, <strong>sabato 1 settembre a Siano<\/strong>, alla presenza di una platea attenta ed emozionata si \u00e8 svolta la cerimonia di premiazione della VII edizione del concorso nazionale di poesia \u201c<strong>Verso i versi<\/strong>\u201d Citt\u00e0 di Siano (SA) organizzato dall\u2019Associazione socio culturale\u201cAmici Insieme\u201d.<\/p>\n<p>         \u201c<em>Puntiamo a crescere ancora perch\u00e8 ritengo che lo sviluppo e la crescita di un territorio passi attraverso la cultura perch\u00e9 solo questa pu\u00f2 rendere la societ\u00e0 pi\u00f9 umana, dignitosa e nobile<\/em>\u201d.<\/p>\n<p style=\"text-align: left;\" align=\"left\">Queste le parole iniziali, che accompagnano i saluti di <strong>Andrea Riccio<\/strong>, Presidente dell\u2019associazione, che da anni insieme a tanti giovani collaboratori, che durante la cerimonia ha pi\u00f9 volte ringraziato, sta contribuendo con professionalit\u00e0 alla crescita socio-culturale, al rilancio e alla promozione\u00a0 di Siano. \u201d <br \/>\n         A sottolineare il livello di visibilit\u00e0 raggiunto dall\u2019iniziativa, ha evidenziato che anche questa edizione \u00e8 stata impreziosita dai premi di rappresentanza inviati dal Presidente della Repubblica Italiana e dalle Presidenze dei due rami del Parlamento Italiano, Camera dei Deputati e Senato della Repubblica, e ricevuto il Patrocinio del Ministero per i Beni ed Attivit\u00e0 Culturali, ha poi ringraziato i componenti della giuria presieduta dalla prof.ssa Gaetana Leo coadiuvata dalle professoresse Concetta Riccio, Annamaria Giordano e dal prof. Francesco Caiazza.<br \/>\n         Successivamente prende la parola il Presidente della Giuria, prof.ssa Geatana Leo, la quale ha avuto parole di elogio per l\u2019organizzazione, ha sottolineato l\u2019importanza del silenzio nella poesia e infine ha illustrato i criteri seguiti dalla Giuria nell\u2019assegnazione dei premi. Nel pi\u00f9 totale anonimato, la Giuria, incaricata di valutare le composizioni poetiche, ha innanzi tutto preso atto della numerosa partecipazione ed ha sottolineato il livello qualitativo dei testi ritenendolo elevato. Una prima fase di lettura e di giudizio \u00e8 stata compiuta singolarmente da ciascuno dei componenti la Giuria e successivamente, ha avuto luogo un\u2019attenta comparazione, con una unanime indicazione finale di classifica e dei premi da attribuire.<br \/>\n         La serata, moderata da Venanzio Lanzara, ha visto poi in sequenza gli interventi dell\u2019assessore alla cultura del Comune di Siano dott. Nunziante Russo e della Consigliera di Parit\u00e0 della provincia di Salerno, Avv. Fiordelisa Leone, che hanno sottolineato la valenza culturale della manifestazione evidenziando l\u2019impegno dell\u2019Associazione per migliorare il territorio e che iniziative di questo spessore vanno adeguatamente sostenute. L\u2019associazione ha messo campo un\u2019ottima organizzazione\u00a0 curando tutto nei minimi particolari a partire dall\u2019accoglienza dei vincitori, che hanno avuto modo, guidati dai collaboratori dell\u2019associazione, di fare un giro per il paese ed\u00a0 ammirare le bellezze artistiche ed architettoniche dello stesso, ai vari momenti e fasi della serata, non tralasciando niente al caso.<br \/>\n         Si parte con la premiazione con l\u2019assegnazione del Premio Speciale a <strong>Giovanni D\u2019Amiano<\/strong>, e la Menzione d\u2019Onore a <strong>Franco Revello<\/strong>, rispettivamente di Torre del Greco (NA) con la poesia \u201c<em>Matalena stenne \u2018e panne<\/em> \u201c e di Nichelino (TO) con la poesia \u201c<em>Lampedusa<\/em>\u201d.<br \/>\n         Il terzo premio, con la lirica \u201c<em>Mollichelle<\/em>\u201d, \u00e8 andato a <strong>Paola Volpi<\/strong> di<strong> <\/strong>Roma mentre al secondo posto si \u00e8 classificata\u00a0 <strong>Franca Calcabotta Sirica<\/strong> di Monza con la poesia \u201c<em>Atene, inverno 2012<\/em>\u201d.<br \/>\n         Alla proclamazione seguiva la premiazione ed infine la declamazione delle poesie stesse alcune declamate dagli autori stessi ed altre dagli attori della Compagnia Stabile Teatrale Sianese. Durante la cerimonia si \u00e8 esibito il giovane violinista Roberto D\u2019Auria che con musiche di Bach e di\u00a0 Paganini ha entusiasmato ed emozionato l\u2019attente platea. <br \/>\n         Inoltre i presenti hanno apprezzato molto anche la mostra dei libri di autori locali. <br \/>\n         A ciascuno dei premiati \u00e8 stata consegnata l\u2019antologia poetica della VII edizione del concorso e la guida turistica, realizzata dall\u2019associazione stessa, \u201c <strong><em>Siano \u2026 terra di fascino, di sogni, di poesia ..<\/em><\/strong>\u201d , di oltre 120 pagine, ricca di foto e tradotta in lingua inglese.<br \/>\n         Prima di passare alla proclamazione del vincitore di questa settima edizione del concorso,\u00a0 l\u2019Associazione ha consegnato il Premio della Cultura al poeta &#8211; saggista Michele Sessa di Lancusi (SA), al quale \u00e8 stata consegnata una targa offerta dalla Camera di Commercio di Salerno. \u00a0L\u2019intellettuale salernitano ha parlato dell\u2019importanza della cultura e del rispetto per l\u2019ambiente sottolineando la figura di un nostro concittadino Nicola Di Filippo chiamandolo affettuosamente Zi\u2019 Nicola,\u00a0 che ha iniziato a studiare a in tarda et\u00e0.<br \/>\n         La serata si \u00e8 conclusa con la premiazione della vincitrice risultata la poetessa <strong>Loriana Capecchi <\/strong>di Quarrata (PT) con la poesia \u201c<em>Quasi fiaba una soglia<\/em>\u201d, che ha portato a casa 600 \u20ac + una pergamena + la medaglia del Presidente della Repubblica Italiana. Tutti i premiati nel loro intervento hanno espresso parole di elogio e di congratulazioni all\u2019Associazione \u201cAmici Insieme\u201d per il livello raggiunto, l\u2019ottima organizzazione e l\u2019accoglienza ricevuta. Infatti i vincitori prima della cerimonia sono stati guidati dai collaboratori dell\u2019associazione in un piccolo tour tra le bellezze artistiche e architettoniche della Citt\u00e0 di Siano, per poi essere accolti nella sala del centro civico \u201cG. Siani\u201d, dove si \u00e8 tenuta la cerimonia di premiazione.<br \/>\n         Alla fine l\u2019Associazione ha offerto ai presenti un ricco buffet.        <\/p>\n<p style=\"text-align: left;\" align=\"center\">\n \u00a0Il concorso \u00e8 stato articolato nella sezione Lingua Italiana\/Vernacolo<\/p>\n<p>         <strong>Componenti Giuria sezione italiano<\/strong><br \/>\n         Prof.ssa Gaetana Leo: Presidente <br \/>Prof. Francesco Caiazza<br \/>\n         Prof.ssa Concetta Riccio<br \/>\n         Prof.ssa Annamaria Giordano \n        <\/p>\n<p style=\"text-align: center;\">\n         <strong><span class=\"Stile36\">Sezione: Lingua Italiana<\/span><\/strong><br \/>\n         <em><strong>Poesie Premiate<\/strong><\/em><br \/>\n         <span class=\"Stile8\">I classificato<\/span> <strong>( 600 \u20ac + targa + pergamena + antologia del concorso + Medaglia Presidente della Repubblica + guida turistica di Siano )<\/strong><br \/>\n\u2022 <strong>Loriana Capecchi<\/strong>, di Quarrata (PT), \u201c<strong>Quasi fiaba una soglia<\/strong>\u201d <br \/>\n        <a href=\".\/verso-i-versi-2012-motivazioni#primo\">Motivazioni &#8211; Poesia<\/a><\/p>\n<p align=\"center\">\n        <span class=\"Stile8\">II classificato <\/span>(<strong> 200 \u20ac + targa + pergamena + antologia del concorso + Medaglia della Presidenza del Senato della Repubblica Italiana + guida turistica di Siano <\/strong>)<br \/>\n \u2022 <strong>Franca Calacabotta Sirica<\/strong>, di Monza (MB), \u201c<strong>Atene, inverno 2012\u201d <\/strong><br \/>\n        <a href=\".\/verso-i-versi-2012-motivazioni#secondo\">Motivazioni &#8211; Poesia<\/a><\/p>\n<p align=\"center\">\n         <span class=\"Stile8\">III classificato<\/span> <strong>(200 \u20ac + targa + pergamena + antologia del concorso + Medaglia della Presidenza della Camera dei Deputati + guida turistica di Siano<\/strong><br \/>\n\u2022 <strong>Paola Volpi<\/strong>, di Roma (RM), \u201c<strong>Mollichelle<\/strong>\u201d <br \/>\n        <a href=\".\/verso-i-versi-2012-motivazioni#terzo\">Motivazioni &#8211; Poesia<\/a><\/p>\n<p align=\"center\">\n         <span class=\"Stile8\">Menzione d\u2019Onore della Giuria<\/span> \u00a0<strong>(targa + pergamena + antologia del concorso + guida turistica di Siano )<\/strong><br \/>\n\u2022<strong> Franco Revello<\/strong>, di Nichelino (TO), \u201c<strong>Lampedusa<\/strong>\u201d<br \/>\n        <a href=\".\/verso-i-versi-2012-motivazioni#segn2\">Motivazioni &#8211; Poesia<\/a><\/p>\n<p align=\"center\">\u00a0<\/p>\n<p align=\"center\"><span class=\"Stile8\">Premio Speciale della giuria<\/span> <strong>(targa + pergamena + antologia del concorso + guida turistica di Siano )<\/strong><br \/>\n         \u2022<strong> Giovanni Damiano<\/strong>, di Torre del Greco (NA), \u201c <strong>Matalena stenne \u2018e panne<\/strong>\u201d<br \/>\n         <a href=\".\/verso-i-versi-2012-motivazioni#segn1\">Motivazioni &#8211; Poesia<\/a><\/p>\n<p align=\"center\"><span class=\"Stile8\">Premio alla cultura<\/span> <strong>(targa + pergamena + antologia del concorso <\/strong><strong>+ Targa della Camera di Commercio di Salerno+<\/strong><strong>guida turistica di Siano )<\/strong><br \/>\n \u2022<strong> Michele Sessa<\/strong>, di Lancusi (SA)<br \/>\n <a href=\".\/verso-i-versi-2012-motivazioni#cultura\">Poesia<\/a><\/p>\n<p>\u00a0<br \/>ngg_shortcode_0_placeholder<\/p>\n<div style=\"padding-bottom:20px; padding-top:10px;\" class=\"hupso-share-buttons\"><!-- Hupso Share Buttons - https:\/\/www.hupso.com\/share\/ --><a class=\"hupso_counters\" href=\"https:\/\/www.hupso.com\/share\/\"><img data-recalc-dims=\"1\" decoding=\"async\" src=\"https:\/\/i0.wp.com\/static.hupso.com\/share\/buttons\/lang\/it\/share-small.png?w=642&#038;ssl=1\" style=\"border:0px; padding-top:2px; float:left;\" alt=\"Share Button\"\/><\/a><script type=\"text\/javascript\">var hupso_services_c=new Array(\"twitter\",\"facebook_like\",\"facebook_send\");var hupso_counters_lang = \"it_IT\";var hupso_image_folder_url = \"\";var hupso_twitter_via=\"amiciinsieme\";var hupso_url_c=\"\";var hupso_title_c=\"Concorso%20di%20Poesia%20-%20%22Verso%20i%20versi%22%20-%202012\";<\/script><script type=\"text\/javascript\" src=\"https:\/\/static.hupso.com\/share\/js\/counters.js\"><\/script><!-- Hupso Share Buttons --><\/div>","protected":false},"excerpt":{"rendered":"<p>SIANO \u2013 Presso la sala del centro civico \u201cG.Siani\u201d, sabato 1 settembre a Siano, alla presenza di una platea attenta ed emozionata si \u00e8 svolta la cerimonia di premiazione della VII edizione del concorso nazionale di poesia \u201cVerso i versi\u201d Citt\u00e0 di Siano (SA) organizzato dall\u2019Associazione socio culturale\u201cAmici Insieme\u201d. \u201cPuntiamo a crescere ancora perch\u00e8 ritengo che lo sviluppo e la crescita di un territorio passi attraverso la cultura perch\u00e9 solo questa pu\u00f2 rendere la societ\u00e0 pi\u00f9 umana, dignitosa e nobile\u201d. Queste le parole iniziali, che accompagnano i saluti di Andrea Riccio, Presidente dell\u2019associazione, che da anni insieme a tanti giovani collaboratori, che durante la cerimonia ha pi\u00f9 volte ringraziato, sta contribuendo con professionalit\u00e0 alla crescita socio-culturale, al rilancio e alla promozione\u00a0 di Siano. \u201d A sottolineare il livello di visibilit\u00e0 raggiunto dall\u2019iniziativa, ha evidenziato che anche questa edizione \u00e8 stata impreziosita dai premi di rappresentanza inviati dal Presidente della Repubblica Italiana e dalle Presidenze dei due rami del Parlamento Italiano, Camera dei Deputati e Senato della Repubblica, e ricevuto il Patrocinio del Ministero per i Beni ed Attivit\u00e0 Culturali, ha poi ringraziato i componenti della giuria presieduta dalla prof.ssa Gaetana Leo coadiuvata dalle professoresse Concetta Riccio, Annamaria Giordano e dal &hellip; <a class=\"readmore\" href=\"https:\/\/www.amiciinsieme.it\/index.php\/albo-doro-concorso-di-poesia-verso-i-versi\/concorso-di-poesia-verso-i-versi-2012\/\">Continua a leggere \u2192<\/a><\/p>\n<div style=\"padding-bottom:20px; padding-top:10px;\" class=\"hupso-share-buttons\"><!-- Hupso Share Buttons - https:\/\/www.hupso.com\/share\/ --><a class=\"hupso_counters\" href=\"https:\/\/www.hupso.com\/share\/\"><img src=\"https:\/\/static.hupso.com\/share\/buttons\/lang\/it\/share-small.png\" style=\"border:0px; padding-top:2px; float:left;\" alt=\"Share Button\"\/><\/a><script type=\"text\/javascript\">var hupso_services_c=new Array(\"twitter\",\"facebook_like\",\"facebook_send\");var hupso_counters_lang = \"it_IT\";var hupso_image_folder_url = \"\";var hupso_twitter_via=\"amiciinsieme\";var hupso_url_c=\"\";var hupso_title_c=\"Concorso%20di%20Poesia%20-%20%22Verso%20i%20versi%22%20-%202012\";<\/script><script type=\"text\/javascript\" src=\"https:\/\/static.hupso.com\/share\/js\/counters.js\"><\/script><!-- Hupso Share Buttons --><\/div>","protected":false},"author":1,"featured_media":0,"parent":82,"menu_order":0,"comment_status":"open","ping_status":"open","template":"","meta":{"ngg_post_thumbnail":0,"footnotes":""},"class_list":["post-199","page","type-page","status-publish","hentry"],"jetpack_sharing_enabled":true,"jetpack_shortlink":"https:\/\/wp.me\/P91vVa-3d","jetpack-related-posts":[],"_links":{"self":[{"href":"https:\/\/www.amiciinsieme.it\/index.php\/wp-json\/wp\/v2\/pages\/199"}],"collection":[{"href":"https:\/\/www.amiciinsieme.it\/index.php\/wp-json\/wp\/v2\/pages"}],"about":[{"href":"https:\/\/www.amiciinsieme.it\/index.php\/wp-json\/wp\/v2\/types\/page"}],"author":[{"embeddable":true,"href":"https:\/\/www.amiciinsieme.it\/index.php\/wp-json\/wp\/v2\/users\/1"}],"replies":[{"embeddable":true,"href":"https:\/\/www.amiciinsieme.it\/index.php\/wp-json\/wp\/v2\/comments?post=199"}],"version-history":[{"count":7,"href":"https:\/\/www.amiciinsieme.it\/index.php\/wp-json\/wp\/v2\/pages\/199\/revisions"}],"predecessor-version":[{"id":202,"href":"https:\/\/www.amiciinsieme.it\/index.php\/wp-json\/wp\/v2\/pages\/199\/revisions\/202"}],"up":[{"embeddable":true,"href":"https:\/\/www.amiciinsieme.it\/index.php\/wp-json\/wp\/v2\/pages\/82"}],"wp:attachment":[{"href":"https:\/\/www.amiciinsieme.it\/index.php\/wp-json\/wp\/v2\/media?parent=199"}],"curies":[{"name":"wp","href":"https:\/\/api.w.org\/{rel}","templated":true}]}}