{"id":205,"date":"2012-12-02T15:07:54","date_gmt":"2012-12-02T14:07:54","guid":{"rendered":"http:\/\/www.amiciinsieme.it\/?page_id=205"},"modified":"2012-12-02T17:45:57","modified_gmt":"2012-12-02T16:45:57","slug":"verso-i-versi-2012-motivazioni","status":"publish","type":"page","link":"https:\/\/www.amiciinsieme.it\/index.php\/albo-doro-concorso-di-poesia-verso-i-versi\/concorso-di-poesia-verso-i-versi-2012\/verso-i-versi-2012-motivazioni\/","title":{"rendered":"Concorso di Poesia &#8211; &#8220;Verso i versi&#8221; &#8211; 2012 &#8211; Motivazioni"},"content":{"rendered":"<p style=\"text-align: center;\" class=\"Stile1\"><strong><span class=\"Stile81\">Premio Speciale della giuria<\/span><a name=\"segn1\" id=\"menzionegio4\"><\/a><\/strong><\/p>\n<p style=\"text-align: center;\"><strong>sezione: Lingua Italiana\/Vernacolo<\/strong><\/p>\n<p align=\"center\"><em><strong>Giovanni D\u2019Amiano<\/strong><\/em><\/p>\n<p align=\"center\">per la poesia <em>\u201c<strong>Matalena stenne \u2018e panne<\/strong>\u201d<\/em><\/p>\n<p align=\"left\">La lettura del testo ha dato vita a considerazioni antiche e quasi rimosse. <br \/>\n         Mai, come in questo caso, il linguaggio ha favorito l\u2019analisi e l\u2019approfondimento di concetti archetipici, riportando alla luce vissuti comuni. Il gioco materico e sensitivo del darsi e ritrarsi, rappresentato nell\u2019arte visiva e in letteratura,viene proposto in maniera semplice e primitiva.<br \/>\n         Un maschile e femminile si esprimono al meglio in una atmosfera ambigua dove i ruoli sono stigmatizzati. Gesti remissivi e quasi sofferti quelli della donna che sa di essere osservata mentre stende al sole e stira con le mani vestiti e indumenti intimi. Audace e coraggioso l\u2019offrirsi dell\u2019uomo. Pieno di materia, tutto sensazioni questo amore inesistente e seduttivo, che come venticello leggero e invisibile abbraccia e amoreggia con la donna che col canto risponde e nasconde il suo coinvolgimento.<\/p>\n<p align=\"left\"><em>\u00a0<\/em><\/p>\n<p><em><br \/>\n<\/em><\/p>\n<p><em><strong>Matalena stenne &#8216;e panne<\/strong><\/em><\/p>\n<p>Tra noce e nnoce, Matalena stenne<br \/>\n &#8216;e panne sceriate p&#8221;a matina:<br \/>\n a uno a uno,\u00a0 scutul\u00e9a e appenne<br \/>\n cammise, reggipette e ssuttanine.<\/p>\n<p>Nu ventariello passa e &#8216;e cunnul\u00e9a,<br \/>\n &#8216;o sole &#8216;e vvasa e ll\u2019arricama d&#8217;oro,<br \/>\n l&#8217;aria l&#8217;abbraccia, &#8216;e scioscia, ce pazz\u00e9a,<br \/>\n l&#8217;addora, &#8216;e mprufuma, ce fa \u00e2mmore\u2026<\/p>\n<p>E Matalena ll&#8217;accarezza, &#8216;e smove,<br \/>\n allaria \u00f4 sole na vunnella nfosa,<br \/>\n alliscia na suttanella nova nova,<br \/>\n s&#8217;astregna nfaccia na sciarpetta rosa.<\/p>\n<p>Mentre fa l&#8217;angarella mmiez&#8217;\u00ea panne,<br \/>\n cu na vucella fina e nzuccarata,<br \/>\n arricama nu mutivo, ca se spanne<br \/>\n comm\u2019\u2019a frischezza ariosa d&#8221;a culata.<\/p>\n<p>&#8220;Neh, Matal\u00e8 \u2013lle dico- &#8216;a vu\u00f2 na mana?<br \/>\n Te levo suttanino e reggipetto<br \/>\n \u2026&#8217;a copp&#8221;a funa, t&#8221;e pprojo mmano.<br \/>\n &#8216;O viento s&#8217;\u00e8 arrubbato &#8216;o fazzuletto!&#8221;<\/p>\n<p>Ma Matalena nu&#8217; mme deva retta:<br \/>\n na canzuncella spruceta ntunava,<br \/>\n per\u00f2, &#8216;a voce nu poco lle tremmava,<br \/>\n e lle cadeva &#8216;a mana na mulletta\u2026<\/p>\n<p style=\"text-align: center;\" class=\"Stile1\"><strong>Menzione d&#8217;Onore della Giuria<a name=\"segn2\" id=\"menzionegio5\"><\/a><\/strong><\/p>\n<p style=\"text-align: center;\"><strong>sezione: Lingua Italiana\/Vernacolo<\/strong><\/p>\n<p align=\"center\"><em><strong>Franco Revello<\/strong><\/em><\/p>\n<p align=\"center\">per la poesia \u201c<strong>Lampedusa<\/strong>\u201d<\/p>\n<p align=\"left\">La composizione si snoda su canoni strutturali e stilistici resi validi, quanto ad organicit\u00e0 ed eleganza, dall\u2019incalzare ritmico del classico verso endecasillabo all\u2019interno di armoniose quartine apparentemente autonome, ma che risultano omogenee nella concezione, perch\u00e9 innervate, sia pure in forma appena percettibile, dalla fine sensibilit\u00e0 del poeta. Questo anche grazie ad una ricchezza di figure retoriche, prevalentemente metafore, che avvolgono come in un\u2019atmosfera rarefatta, suffragata da una sottile levit\u00e0 linguistica, la condizione precaria della fragilit\u00e0 esistenziale e di chi deve aprire il cuore alla solidariet\u00e0 e di chi vive il sogno di un approdo sicuro su \u201cuna libera terra oltre le mura\u201d, scrollandosi di dosso la sabbia desertica che ricopre le spalle. <br \/>\n Un\u2019affannosa ricerca semantica, che attinge abbondantemente all\u2019area linguistica della policromia, si modula su un\u2019alternanza di emozioni, ora forti ora lievi, ora trasparenti ora impercettibili, quasi a testare una sorta di specularit\u00e0 con lo stato d\u2019animo, in perfetta simbiosi\u00a0 (\u201cLa mia voce vivr\u00e0 del vostro fiato\u201d), sia di chi accoglie sia di chi affronta un\u2019avventura con la promessa \u201cdi orizzonti lontani\u201d, dibattuto tra incertezze, speranze, paure\u2026<\/p>\n<p align=\"left\">\u00a0<\/p>\n<p><strong><em>Lampedusa<\/em> <\/strong><\/p>\n<p>Oggi il mio volto avr\u00e0 la pelle scura,<br \/>\n come le foglie secche ed ammassate<br \/>\n sulle grate, annerite di paura,<br \/>\n ingannate dal vento e abbandonate.<\/p>\n<p>Mai pi\u00f9 pensieri in vene accartocciate<br \/>\n n\u00e9 sogni o voli astratti verso l\u2019etere.<br \/>\n Sulle illusioni fragili d\u2019estate,<br \/>\n sulla perduta linfa soffia polvere:<\/p>\n<p>inaspettata ruga da nascondere<br \/>\n all\u2019impietoso specchio, che riflette<br \/>\n spenti colori, brulle vite povere<br \/>\n sulle nostre coscienze aride e grette.<\/p>\n<p>Vedr\u00f2 con occhi vuoti chi promette <br \/>\n orizzonte lontani, offrendo sale<br \/>\n per l\u2019agitato mare a chi scommette<br \/>\n la propria vita i terra occidentale.<\/p>\n<p>Adotter\u00f2 la lingua che risale<br \/>\n le nervature aperte, con ferite<br \/>\n allineate in maniera sempre uguale<br \/>\n ai bordi delle labbra ora smarrite.<\/p>\n<p>Mi tinger\u00f2 le vesti con matite<br \/>\n multicolori: vele appariscenti<br \/>\n piene di sole, perse al largo .. vite<br \/>\n spruzzate d\u2019acqua in mari trasparenti.<\/p>\n<p>Arcobaleno ostaggio di correnti,<br \/>\n gioco di luce infranta contro i massi,<br \/>\n l\u2019onda migrante solca i continenti<br \/>\n tracciando rotte incerte e incerti passi.<\/p>\n<p>Ricalcher\u00f2 le vostre orme tra i sassi<br \/>\n impresse in questo scoglio levigato,<br \/>\n scostando sabbia dai fondali bassi,<br \/>\n tagliando vecchie reti del passato.<\/p>\n<p>La mia voce vivr\u00e0 del vostro fiato,<br \/> che dai deserti muove foglie e giura,<br \/> d\u2019aver vissuto il sogno vaneggiano<br \/> di una libera terra oltre le mura.<em> <\/em><\/p>\n<h1 class=\"Stile9\">\u00a0<\/h1>\n<p style=\"text-align: center;\"><span class=\"Stile1\"><strong>III\u00b0 Classificato<\/strong> <a name=\"terzo\" id=\"primogio7\"><\/a><\/span><\/p>\n<p style=\"text-align: center;\" align=\"center\"><strong>sezione: Lingua Italiana\/Vernacolo<\/strong><\/p>\n<p style=\"text-align: center;\"><em><strong>Paola Volpi<\/strong><\/em><\/p>\n<p align=\"center\">per la poesia \u201c<strong>Mollichelle<\/strong>\u201d        <\/p>\n<p align=\"left\">La composizione si nutre dell\u2019efficacia di un\u00a0 linguaggio dialettale\u00a0 di una straordinaria intensit\u00e0 espressiva, perch\u00e9 gli stati d\u2019animo, genuini nella loro autenticit\u00e0, non sono mediati da strutture linguistiche\u00a0 di sapore retorico.<br \/>\n         E\u2019 come il trionfo delle piccole, apparentemente insignificanti realt\u00e0, che indossano l\u2019abito metaforico di forti ed eterne verit\u00e0, nella leopardiana concezione dell\u2019Infinito oltre la siepe o nell\u2019ansia pascoliana della scoperta del mistero nel piccolo-grande mondo della semplicit\u00e0 pi\u00f9 pura: \u00e8 cos\u00ec che i piccoli frammenti della vita si schiudono ad una dimensione cosmica. <br \/>\n         E\u2019 una sorta di magia quella che favorisce il miracolo che rasserena l\u2019animo del poeta avvolgendo come in un\u2019atmosfera rarefatta le tristi vicende della vita e facendogli cogliere nell\u2019acqua di un cucchiaino \u201cer mare in ner profonno\u201d.<\/p>\n<p align=\"left\">\u00a0<\/p>\n<p><strong><em>Mollichelle\u00a0\u00a0<\/em>\u00a0 <\/strong><\/p>\n<p>Senza invitalla me buss\u00f2 a la porta,<br \/>\n         come er veleno s\u2019infil\u00f2 ner c\u00f2re,<br \/>\n         nun era come avecce er raffreddore,<br \/>\n         era qualcosa che nun se sopporta.        <\/p>\n<p>Coll\u2019anni aritorn\u00f2 lo scialacore,<br \/>\n         lei se ne agnede e allora me s\u00f2 accorta<br \/>\n         che le molliche de \u2018sta vita corta<br \/>\n         s\u00f2 un toccasana contro er crepacuore.<\/p>\n<p>Nell\u2019acqua che sta dentr\u2019ar cucchiarino,<br \/>\n         si v\u00f2i, ce vedi er mare in ner profonno<br \/>\n         e li colori spasi in un giardino,<\/p>\n<p>volenno guard\u00e0 mejo, in\u00a0 fonno in fonno,<br \/>\n         s\u00f2 tante luci e stelle oro zecchino<br \/>\n         ch\u2019allumeno le storie de \u2018sto monno.<\/p>\n<h1 class=\"Stile9\">\u00a0<\/h1>\n<p style=\"text-align: center;\" align=\"center\"><span class=\"Stile7\"><strong><span class=\"Stile1\">II\u00b0 Classificato <a name=\"secondo\" id=\"primogio2\"><\/a><\/span><\/strong><br clear=\"all\" \/><br \/>\n     <\/span>        <\/p>\n<p style=\"text-align: center;\" class=\"Stile7\"><strong>sezione: Lingua Italiana\/Vernacolo<\/strong><\/p>\n<p style=\"text-align: center;\"><strong><em>Franca Calcabotta Sirica<\/em><\/strong><\/p>\n<p align=\"center\">per la poesia \u201c<strong>Atene, inverno 2012<\/strong>\u201d        <\/p>\n<p align=\"left\">Atene \u00e8 dentro di noi; \u00e8 la nostra storia, l\u2019Acropoli imponente a dirci di arte, scienza, mito, poesia; \u00e8 il nostro vissuto, citt\u00e0 dall\u2019anima mediterranea, trama di vie e di piazze che urlano colori ed emozioni. Ma ora un impietoso inverno, con l\u2019incursione di irriverenti guerrieri moderni, cala sulla <em>polis<\/em> senza tempo, gela con violenza le speranze e l\u2019orgoglio, estenua nella notte \u201cla rabbia e le lacrime\u201d, spegne \u201cl\u2019oro delle stelle micenee\u201d. <br \/>\n         L\u2019inverno di Atene \u00e8 il nostro inverno; il destino di Atene \u00e8 il destino dell\u2019uomo.<br \/>\n         La poesia si segnala per il vivido nitore delle immagini, ispirate dalla pi\u00f9 recente attualit\u00e0, in cui si trasfigura l\u2019esplorazione dei conflitti interni all\u2019uomo postmoderno. Gli effetti chiaroscurali, la malinconica sonorit\u00e0, gli accostamenti analogici, in cui passato e presente stridono in una ossimorica contraddizione, impreziosiscono la fattura elegante del verso.        <\/p>\n<p align=\"left\">\u00a0<\/p>\n<p><em><strong>Atene, inverno 2012<\/strong><\/em><\/p>\n<p>Sono scesa fra le vie d\u2019Atene,<br \/>\n         svuotate di sorrisi e di tempo.<br \/>\n         Ho rubato le lacere vesti di terra greca<br \/>\n         per indossare il dolore della gente.<br \/>\n         A piazza Sintagma<br \/>\n         ho raccolto rabbia e lacrime.<\/p>\n<p>\u201cAl mercato di Atene<br \/>\n         hanno venduto tutti i colori!\u201d<br \/>\n         Cos\u00ec m\u2019ha sussurrato<br \/>\n         un anziano dalle mani stanche<br \/>\n         porgendomi ciambelle e fichi.<br \/>\n         Si spegneva la sua voce<br \/>\n         con la luce fredda della sera.<\/p>\n<p>Un cielo di pianto<br \/>\n         bagnava le colonne<br \/>\n         dell\u2019Acropoli silenziosa.<br \/>\n         Nel lungo inverno ateniese<br \/>\n         attendevo la notte.<br \/>\n         Sognavo ancora di riempire le mie tasche<br \/>\n         con l\u2019oro delle stelle micenee.<\/p>\n<p style=\"text-align: center;\"><strong>Premio alla cultura <a name=\"cultura\" id=\"primogio\"><\/a><\/strong><\/p>\n<p align=\"left\">L\u2019Associazione socio \u2013 culturale \u201cAmici Insieme\u201d, assegna, in occasione della VII Edizione del Concorso di poesia \u00a0\u201cVerso i versi\u201d Citt\u00e0 di Siano (SA), il <strong>Premio della Cultura<\/strong> a <strong>Michele Sessa<\/strong>, con la seguente motivazione:        <\/p>\n<p>\u201cMente acuta e lucida, voce autorevole e sincera, ingegno versatile. Poeta e saggista appassionato e sensibile ai palpiti veri della natura umana\u201d.<\/p>\n<p><strong><em>Un figlio del Sud<\/em><\/strong><\/p>\n<p>Per non intinger la penna<br \/>\n         del prepotente nel calamo,<br \/>\n         per non portar la borsa<br \/>\n         al \u201cprincipe\u201d di turno,<br \/>\n         per non obbedire<br \/>\n         alle mediazion di caste,<br \/>\n         succubo resto<br \/>\n         della cruda societ\u00e0.<br \/>\n         Con l\u2019alone nel cuore<br \/>\n         del pianto e del lutto \u2026<br \/>\n         pure solo, per\u00f2<br \/>\n         non mi perder\u00f2;<br \/>\n         senza niente,<br \/>\n         non mi pentir\u00f2,<br \/>\n         figlio del Sud,<br \/>\n         ai margini,<br \/>\n         ma probo d\u2019onest\u00e0!<\/p>\n<p>Senza speculare,<br \/>\n         incantato dalla belt\u00e0 del mondo,<br \/>\n         dal brillar delle stelle,<br \/>\n         dal possente sole cocente,<br \/>\n         dal ceruleo mare,<br \/>\n         pure umiliato e sventurato<br \/>\n         nella mia terra resto,<br \/>\n         sempre figlio del Sud;<br \/>\n         discusso, forse,<br \/>\n         per giustizia e verit\u00e0,<br \/>\n         senza altra velleit\u00e0;<br \/>\n         dividendo il sapere,<br \/>\n         speranzoso,<br \/>\n         per l\u2019Uomo pluralista<br \/>\n         canto \u201csogni\u201d.<\/p>\n<p>&nbsp;<\/p>\n<p>Aspiro al riscatto<br \/>\n         Del mondo accorato,<br \/>\n         dell\u2019eroismo provato;<br \/>\n         geneticamente invaghito.<br \/>\n         Aspiro al riscatto \u2026.<\/p>\n<p>I \u201cdebiti\u201d<br \/>\n         delle identit\u00e0 locali,<br \/>\n         esposte a rischi demenziali,<br \/>\n         ad anonimi pericoli<br \/>\n         appianare vorrei<br \/>\n         supplendo io,<br \/>\n         con l\u2019impegno,<br \/>\n         onesto figlio del Sud.<\/p>\n<p>        <br clear=\"all\" \/><\/p>\n<p><strong><em>Voracit\u00e0<\/em> <\/strong><\/p>\n<p>Meglio vorac\u2019 \u2018e vocca e nun d\u2019a sacca,<br \/>\n         almeno mengo mmocca e niente \u2018ntacco.<br \/>\n \u2018A ggenta storci\u2019 \u2018a vocca e tutto nzacca<br \/>\n         Sia ca nterra trova \u2018na patacca<br \/>\n         O quant\u2019 \u2018o mare porta c\u2019 \u2018a risacca.<\/p>\n<p>J\u2019 me cocco<br \/>\n         Si m\u2019attocca<br \/>\n         Pecch\u00e8 l\u2019\u00e2ia sap\u00e8:<br \/>\n         Se bive sempe a schiocca a schiocca<br \/>\n         Pure ll\u2019acqua s\u2019assecca dint\u2019 \u2018a brocca.<\/p>\n<p>Cchi\u00f9 d\u2019uno, ogge comm\u2019aiere, ratta,<br \/>\n         baratt \u2019e \u2018o munno intero s\u2019accatta<br \/>\n         ma, tutt \u2019e botto po\u2019, all\u2019intrasatta,<br \/>\n         arriva a secca,<br \/>\n         se nzecca \u2018a stecca<br \/>\n         e finacch\u00e8 nu pava,<br \/>\n         pure nterr \u2019allecca<br \/>\n         e le ven\u2019 \u2018a bava \u2026..<\/p>\n<p>J\u2019me cocco<br \/>\n         Si m\u2019attocca<br \/>\n         Pecch\u00e8 l\u2019\u00e2ia sap\u00e8:<br \/>\n         Se bive sempe a schiocca a schiocca<br \/>\n         Pure ll\u2019acqua s\u2019assecca dint\u2019 \u2018a brocca.<\/p>\n<p>Che m\u2019ammacco, amico, nu me \u2018nghiacco,<br \/>\n         tengo paura pe\u2019 nu brutto smacco!<br \/>\n         D\u2019esse vorac\u2019 \u2018e sacca nun so\u2019 capace,<br \/>\n         vorace \u2018e vocca s\u00ec<br \/>\n         pe\u2019 nu me disper\u00e0,<br \/>\n         pe nun agliutt\u00ec<br \/>\n \u2018o ruospo ca fa struzz\u00e0<br \/>\n         e \u2018a fede fa nghiacc\u00e0<\/p>\n<p>Meglio vorac\u2019 \u2018e vocca e nun d\u2019 \u2018a sacca,<br \/>\n         almeno mine mmocca e niente ntacche\u2026.<\/p>\n<p>Va\u2019 te cocca<br \/>\n         Si t\u2019attocca<br \/>\n         Pecch\u00e8 nu nguacchio<br \/>\n         E\u2019 comme se bevisse a schiocca a schiocca ..<\/p>\n<p>         Eppure ll\u2019acqua s\u2019assecca dint\u2019 \u2018a brocca\u2026.<\/p>\n<h1 class=\"Stile9\">\u00a0<\/h1>\n<p style=\"text-align: center;\"><span class=\"Stile7\"><span class=\"Stile1\"><strong>I\u00b0 Classificato<\/strong> <a name=\"primo\" id=\"primogio9\"><\/a><\/span><br clear=\"all\" \/><br \/>\n     <\/span><\/p>\n<p style=\"text-align: center;\" class=\"Stile7\"><strong>sezione: Lingua Italiana\/Vernacolo<\/strong><\/p>\n<p style=\"text-align: center;\"><strong><em>Loriana Capecchi<\/em><\/strong><\/p>\n<p align=\"center\">per la poesia \u201c<strong>Quasi fiaba una soglia <\/strong>\u201d        <\/p>\n<p align=\"left\">La lirica \u00e8 memoria che si fa racconto, anzi fiaba, di atmosfere lontane che, rare se non introvabili nella contemporaneit\u00e0, hanno la freschezza delle &#8220;cose&#8221; eterne.<br \/>\n         Il poeta, con una felice scelta stilistico-formale, rappresenta la metafora della vita in bozzetti di strofe irregolari dal taglio prosastico che riassumono &#8220;l&#8217;anima&#8221; antica dell&#8217;esistenza:&#8230;l&#8217;odore del pane, la falce affilata, il vagabondare di fanciulli, il palpito della natura fatto di fremiti, ronzii, brusii, la morte innocente e sullo sfondo la sagoma dell&#8217;uomo che &#8220;fuma in silenzio&#8221; sul far della sera&#8230;<br \/>\n         La &#8220;soglia&#8221; che d\u00e0 il titolo alla lirica, non \u00e8 linea di demarcazione netta e definitiva tra il dentro e il fuori, il prima e il dopo, la vita e la morte perch\u00e8 il recupero memoriale diventa illusione di continuit\u00e0, quasi rivelazione per cui se la &#8220;pendola al muro&#8221; non scandisce pi\u00f9 il tempo n\u00e8 l&#8217;amore pi\u00f9 l&#8217;attraversa, la fragranza della lavanda ristabilisce una corrispondenza tra terra e cielo.<\/p>\n<p>        <strong><br \/>\n        <\/strong><\/p>\n<p><em><strong>Quasi fiaba una soglia <\/strong><\/em><\/p>\n<p>La soglia consumata adesso \u00e8 fiaba<br \/>\n         di tanti che passarono<br \/>\n         ed un vento<br \/>\n         di grano e di papaveri alla porta.<\/p>\n<p>La pietra racconta l\u2019odore del pane<br \/>\n         la selice dura che affila la falce<br \/>\n         lo sputo sul palmo<br \/>\n         la morte innocente<br \/>\n         del fiore vissuto una luna soltanto.<\/p>\n<p>Vagabondare dice di fanciulli <br \/>\n         persi lungo le sponde di torrente<br \/>\n         nella mag\u00eca dell\u2019aria ad ascoltare<br \/>\n         l\u2019anima delle cose ch\u2019era un canto<br \/>\n         brus\u00eco d\u2019insetto<br \/>\n         fremito di ramo<br \/>\n         per un frullo nascosto tra le foglie.<\/p>\n<p>Nel ventre del pozzo scendeva la brocca<br \/>\n         celando gelosa l\u2019anguria sul fondo.<br \/>\n         Nel buio di istanze nervoso un ronzare<br \/>\n         trovava alla fine la strada del sole<br \/>\n         se l\u2019afa d\u2019estate accostava finestre.<\/p>\n<p>E fuori restavano i fieni nel vento<br \/>\n         onda su onda i poggi in lontananza.<\/p>\n<p>Da allora <br \/>\n         la pendola al muro non chiama pi\u00f9 i giorni<br \/>\n         al gesto sacrale che segna la fronte<br \/>\n         la sagoma scura sull\u2019aia la sera<br \/>\n         dell\u2019uomo accucciato che fuma in silenzio<br \/>\n         trinciato di vite sputando la sorte.<\/p>\n<p>Non varca la soglia l\u2019odore del pane<br \/>\n         la fame sul tavolo<br \/>\n         il pugno<br \/>\n         l\u2019amore<br \/>\n         fugace un sospiro che taglia il silenzio.<\/p>\n<p>Non curva la spiga sul cuore del campo.<br \/> Il solco beve cieli di lavanda.<em> <\/em><\/p>\n<div style=\"padding-bottom:20px; padding-top:10px;\" class=\"hupso-share-buttons\"><!-- Hupso Share Buttons - https:\/\/www.hupso.com\/share\/ --><a class=\"hupso_counters\" href=\"https:\/\/www.hupso.com\/share\/\"><img data-recalc-dims=\"1\" decoding=\"async\" src=\"https:\/\/i0.wp.com\/static.hupso.com\/share\/buttons\/lang\/it\/share-small.png?w=642&#038;ssl=1\" style=\"border:0px; padding-top:2px; float:left;\" alt=\"Share Button\"\/><\/a><script type=\"text\/javascript\">var hupso_services_c=new Array(\"twitter\",\"facebook_like\",\"facebook_send\");var hupso_counters_lang = \"it_IT\";var hupso_image_folder_url = \"\";var hupso_twitter_via=\"amiciinsieme\";var hupso_url_c=\"\";var hupso_title_c=\"Concorso%20di%20Poesia%20-%20%22Verso%20i%20versi%22%20-%202012%20-%20Motivazioni\";<\/script><script type=\"text\/javascript\" src=\"https:\/\/static.hupso.com\/share\/js\/counters.js\"><\/script><!-- Hupso Share Buttons --><\/div>","protected":false},"excerpt":{"rendered":"<p>Premio Speciale della giuria sezione: Lingua Italiana\/Vernacolo Giovanni D\u2019Amiano per la poesia \u201cMatalena stenne \u2018e panne\u201d La lettura del testo ha dato vita a considerazioni antiche e quasi rimosse. Mai, come in questo caso, il linguaggio ha favorito l\u2019analisi e l\u2019approfondimento di concetti archetipici, riportando alla luce vissuti comuni. Il gioco materico e sensitivo del darsi e ritrarsi, rappresentato nell\u2019arte visiva e in letteratura,viene proposto in maniera semplice e primitiva. Un maschile e femminile si esprimono al meglio in una atmosfera ambigua dove i ruoli sono stigmatizzati. Gesti remissivi e quasi sofferti quelli della donna che sa di essere osservata mentre stende al sole e stira con le mani vestiti e indumenti intimi. Audace e coraggioso l\u2019offrirsi dell\u2019uomo. Pieno di materia, tutto sensazioni questo amore inesistente e seduttivo, che come venticello leggero e invisibile abbraccia e amoreggia con la donna che col canto risponde e nasconde il suo coinvolgimento. \u00a0 Matalena stenne &#8216;e panne Tra noce e nnoce, Matalena stenne &#8216;e panne sceriate p&#8221;a matina: a uno a uno,\u00a0 scutul\u00e9a e appenne cammise, reggipette e ssuttanine. Nu ventariello passa e &#8216;e cunnul\u00e9a, &#8216;o sole &#8216;e vvasa e ll\u2019arricama d&#8217;oro, l&#8217;aria l&#8217;abbraccia, &#8216;e scioscia, ce pazz\u00e9a, l&#8217;addora, &#8216;e mprufuma, ce fa &hellip; <a class=\"readmore\" href=\"https:\/\/www.amiciinsieme.it\/index.php\/albo-doro-concorso-di-poesia-verso-i-versi\/concorso-di-poesia-verso-i-versi-2012\/verso-i-versi-2012-motivazioni\/\">Continua a leggere \u2192<\/a><\/p>\n<div style=\"padding-bottom:20px; padding-top:10px;\" class=\"hupso-share-buttons\"><!-- Hupso Share Buttons - https:\/\/www.hupso.com\/share\/ --><a class=\"hupso_counters\" href=\"https:\/\/www.hupso.com\/share\/\"><img src=\"https:\/\/static.hupso.com\/share\/buttons\/lang\/it\/share-small.png\" style=\"border:0px; padding-top:2px; float:left;\" alt=\"Share Button\"\/><\/a><script type=\"text\/javascript\">var hupso_services_c=new Array(\"twitter\",\"facebook_like\",\"facebook_send\");var hupso_counters_lang = \"it_IT\";var hupso_image_folder_url = \"\";var hupso_twitter_via=\"amiciinsieme\";var hupso_url_c=\"\";var hupso_title_c=\"Concorso%20di%20Poesia%20-%20%22Verso%20i%20versi%22%20-%202012%20-%20Motivazioni\";<\/script><script type=\"text\/javascript\" src=\"https:\/\/static.hupso.com\/share\/js\/counters.js\"><\/script><!-- Hupso Share Buttons --><\/div>","protected":false},"author":1,"featured_media":0,"parent":199,"menu_order":0,"comment_status":"open","ping_status":"open","template":"","meta":{"ngg_post_thumbnail":0,"footnotes":""},"class_list":["post-205","page","type-page","status-publish","hentry"],"jetpack_sharing_enabled":true,"jetpack_shortlink":"https:\/\/wp.me\/P91vVa-3j","jetpack-related-posts":[],"_links":{"self":[{"href":"https:\/\/www.amiciinsieme.it\/index.php\/wp-json\/wp\/v2\/pages\/205"}],"collection":[{"href":"https:\/\/www.amiciinsieme.it\/index.php\/wp-json\/wp\/v2\/pages"}],"about":[{"href":"https:\/\/www.amiciinsieme.it\/index.php\/wp-json\/wp\/v2\/types\/page"}],"author":[{"embeddable":true,"href":"https:\/\/www.amiciinsieme.it\/index.php\/wp-json\/wp\/v2\/users\/1"}],"replies":[{"embeddable":true,"href":"https:\/\/www.amiciinsieme.it\/index.php\/wp-json\/wp\/v2\/comments?post=205"}],"version-history":[{"count":6,"href":"https:\/\/www.amiciinsieme.it\/index.php\/wp-json\/wp\/v2\/pages\/205\/revisions"}],"predecessor-version":[{"id":224,"href":"https:\/\/www.amiciinsieme.it\/index.php\/wp-json\/wp\/v2\/pages\/205\/revisions\/224"}],"up":[{"embeddable":true,"href":"https:\/\/www.amiciinsieme.it\/index.php\/wp-json\/wp\/v2\/pages\/199"}],"wp:attachment":[{"href":"https:\/\/www.amiciinsieme.it\/index.php\/wp-json\/wp\/v2\/media?parent=205"}],"curies":[{"name":"wp","href":"https:\/\/api.w.org\/{rel}","templated":true}]}}