{"id":212,"date":"2012-12-02T16:50:56","date_gmt":"2012-12-02T15:50:56","guid":{"rendered":"http:\/\/www.amiciinsieme.it\/?page_id=212"},"modified":"2012-12-02T16:52:42","modified_gmt":"2012-12-02T15:52:42","slug":"concorso-di-poesia-verso-i-versi-2006","status":"publish","type":"page","link":"https:\/\/www.amiciinsieme.it\/index.php\/albo-doro-concorso-di-poesia-verso-i-versi\/concorso-di-poesia-verso-i-versi-2006\/","title":{"rendered":"Concorso di Poesia &#8211; &#8220;Verso i versi&#8221; &#8211; 2006"},"content":{"rendered":"<p>In una magica ed emozionante serata, <strong>domenica 27 agosto<\/strong> alle ore 20:00 presso il centro civico &#8220;G.Siani&#8221; sito in Piazza Municipio a Siano (SA) ha avuto luogo la cerimonia di premiazione. Il programma della serata si \u00e8 svolto nelle seguenti fasi: la presentazione della Giuria, la premiazione e la declamazione delle poesie vincitrici Le poesie giunte alla direzione del concorso sono state 173 provenienti da tutta Italia e da italiani residenti all\u2019estero, quasi il doppio rispetto alla scorsa edizione, grande soddisfazione da parte di tutta l&#8217;associazione forte dei risultati ottenuti lo scorso anno. Davanti ad un considerevole ed attento pubblico presente alla premiazione e dietro la regia del moderatore il sig. Francesco Botta, sono intervenuti l&#8217;assessore alla Cultura, dott. Alfonso Leo, il Presidente del Consiglio Comunale ing. Massimo Frasci e il dott. Gianni Iuliano (Vicepresidente della Provincia di Salerno) e la presenza, ovvia, del Presidente dell&#8217;Associazione, dott. Andrea Riccio, il quale \u00e8 stato il primo a prendere la parola. Il Presidente dell&#8217;associazione ha ringraziato tutti gli enti che hanno patrocinato l\u2019iniziativa (La Regione Campania, EPT di Salerno, La Comunit\u00e0 Montana Valle dell\u2019Irno, la Provincia di Salerno ed il Comune di Siano), tutti i partecipanti, che sono stati numerosissimi, un ringraziamento particolare alla Giuria, ha poi ringraziato i lettori facenti parte della Compagnia Stabile Teatrale Sianese che hanno declamato le poesie vincitrici regalando forti emozioni e rendendo ancora pi\u00f9 piacevoli le poesie premiate. Infine, ma non per importanza, il dott. Andrea Riccio ha ringraziato i suoi collaboratori per la realizzazione dell&#8217;iniziativa. Successivamente ha preso la parola l&#8217;Assessore Alfonso Leo, il Presidente del Consiglio Comunale ing. Massimo Frasci ed il vicepresidente dott. Gianni Iuliano che hanno sottolineato la valenza culturale dell&#8217;iniziativa e rilevato l\u2019importanza e la visibilit\u00e0 che la manifestazione sta assumendo avendo parole di elogio per la manifestazione e per l&#8217;organizzazione della stessa riconoscendo all\u2019associazione di essere ormai diventato un punto di riferimento nel panorama sociale e culturale. Di seguito, Successivamente ha preso la parola il Presidente della Giuria, prof. Francesco Caiazza, il quale ha avuto parole di elogio per l\u2019organizzazione e poi ha illustrato i criteri seguiti dalla Giuria nell\u2019assegnazione dei premi. Nel pi\u00f9 totale anonimato, la Giuria, incaricata di valutare le composizioni poetiche, ha innanzi tutto preso atto della numerosa partecipazione ed ha sottolineato il livello qualitativo dei testi ritenendolo elevato. Una prima fase di lettura e di giudizio \u00e8 stata compiuta singolarmente da ciascuno dei componenti la Giuria e successivamente, ha avuto luogo un\u2019attenta comparazione, con una unanime indicazione finale di classifica e dei premi da attribuire. A ciascun componete della Giuria l\u2019Associazione ha consegnato una targa ricordo per il contributo dato. A questo punto davanti ad un pubblico attento ed interessato ha avuto inizio la consegna dei premi, a partire dalla sezione Vernacolo e successivamente quella in\u00a0 Lingua Italiana. Alla proclamazione seguiva la premiazione ed infine la declamazione delle poesie stesse da parte di artisti della recitazione facenti parte della Compagnia Stabile Teatrale Sianese, alla quale l\u2019Associazione Amici Insieme ha consegnato una targa ricordo per il contributo dato.<\/p>\n<p align=\"left\">La Giuria era composta da quattro professionisti locali. Tutti docenti di lettere di elevate qualit\u00e0 culturali ma soprattutto umane, che hanno partecipato con grande professionalit\u00e0, attenzione, impegno ed entusiasmo all&#8217;iniziativa ma soprattutto con la massima serenit\u00e0 nel giudicare e valutare gli elaborati. Alla giuria l&#8217;associazione, quale riconoscimento per la professionalit\u00e0, la disponibilit\u00e0 mostrata e l&#8217;attivit\u00e0 svolta, ha consegnato una targa ricordo del concorso.<\/p>\n<p>         <strong>Componenti Giuria<\/strong><br \/>\n         Prof. Francesco Caiazza: Presidente <br \/>\n         Prof.ssa Concetta Riccio <br \/>\n         Prof.ssa Gaetana Leo <br \/>\n         Prof. Antonio Masi<\/p>\n<p>\u00a0Il concorso \u00e8 stato articolato in due sezioni: <em>Poesia in lingua italiana<\/em> ed <em>Poesia in vernacolo<\/em><\/p>\n<p style=\"text-align: center;\"><strong><span class=\"Stile4\">\u00a0<span class=\"Stile1\">Sezione: lingua Italiana<\/span><\/span><\/strong><br \/>\n         <strong>Poesie Premiate<\/strong><br \/>\n         I classificato (coppa, pergamena + 300 \u20ac)<br \/>\n \u2022 <strong>Emilia Fragomeni<\/strong>, di Genova (GE), \u201c<strong>Un urlo nel petto \u2026<\/strong>\u201d <br \/>\n <a href=\".\/verso-i-versi-2006-motivazioni#primoita\">Motivazioni &#8211; Poesia<\/a><\/p>\n<p>         II classificato (coppa, pergamena + 150 \u20ac)<br \/>\n \u2022 <strong>Maria Vittoria Catapano<\/strong>, di Roma (RM), \u201c<strong>L\u2019albero della vita<\/strong>\u201d <br \/>\n <a href=\".\/verso-i-versi-2006-motivazioni#secondoita\">Motivazioni &#8211; Poesia<\/a><\/p>\n<p>         III classificato (targa, pergamena + 100 \u20ac)<br \/>\n \u2022 <strong>Alfredo Di Marco<\/strong>, di Capaccio Scalo (SA), \u201c<strong>Fra le mie pietre<\/strong>\u201d <br \/>\n <a href=\".\/verso-i-versi-2006-motivazioni#terzoita\">Motivazioni &#8211; Poesia<\/a><\/p>\n<p>         Menzione Speciale della Giuria (targa + pergamena)<br \/>\n \u2022 <strong>Margherita Senatore<\/strong>, di Siano (SA), \u201c<strong>Antiche nostalgie<\/strong>\u201d<br \/>\n <a href=\".\/verso-i-versi-2006-motivazioni#menzioneita\">Motivazioni &#8211; Poesia<\/a><\/p>\n<p>         Menzione Speciale della Giuria (targa + pergamena)<br \/>\n \u2022 <strong>Wladimiro Tomaino<\/strong>, di Varese (VA)<br \/>\n <a href=\".\/verso-i-versi-2006-motivazioni#carrieraita\">Motivazioni &#8211; Poesia<\/a><\/p>\n<p style=\"text-align: center;\"><strong><span class=\"Stile5\">Sezione: vernacolo<\/span><\/strong><br \/>\n            <strong>Poesie Premiate<\/strong><br \/>\n         I classificato (coppa, pergamena + 300 \u20ac)<br \/>\n \u2022 <strong>Mario Sodano<\/strong>, di Napoli (NA), \u201c<strong>Natale<\/strong>\u201d <br \/>\n <a href=\".\/verso-i-versi-2006-motivazioni#primovern\">Motivazioni &#8211; Poesia<\/a><\/p>\n<p>         II classificato (coppa, pergamena + 200 \u20ac)<br \/>\n \u2022 <strong>Benito Galilea<\/strong>, di Roma (RM), \u201c<strong>Pecch\u00ec<\/strong>\u201d <br \/>\n <a href=\".\/verso-i-versi-2006-motivazioni#secondovern\">Motivazioni &#8211; Poesia<\/a><\/p>\n<p>         III classificato (targa, pergamena + 100 \u20ac)<br \/>\n \u2022 <strong>Vincenzo Cerasuolo<\/strong>, di Marigliano (NA), \u201c<strong>ll\u2019urdema vota<\/strong>\u201d <br \/>\n <a href=\".\/verso-i-versi-2006-motivazioni#terzovern\">Motivazioni &#8211; Poesia<\/a><\/p>\n<p>         Menzione Speciale della Giuria (targa + pergamena)<br \/>\n \u2022 <strong>Ida Calise<\/strong>, di Napoli (NA), \u201c<strong>O\u2019 viaggio<\/strong>\u201d<br \/>\n <a href=\".\/verso-i-versi-2006-motivazioni#menzionevern\">Motivazioni &#8211; Poesia<\/a><\/p>\n<div style=\"padding-bottom:20px; padding-top:10px;\" class=\"hupso-share-buttons\"><!-- Hupso Share Buttons - https:\/\/www.hupso.com\/share\/ --><a class=\"hupso_counters\" href=\"https:\/\/www.hupso.com\/share\/\"><img data-recalc-dims=\"1\" decoding=\"async\" src=\"https:\/\/i0.wp.com\/static.hupso.com\/share\/buttons\/lang\/it\/share-small.png?w=642&#038;ssl=1\" style=\"border:0px; padding-top:2px; float:left;\" alt=\"Share Button\"\/><\/a><script type=\"text\/javascript\">var hupso_services_c=new Array(\"twitter\",\"facebook_like\",\"facebook_send\");var hupso_counters_lang = \"it_IT\";var hupso_image_folder_url = \"\";var hupso_twitter_via=\"amiciinsieme\";var hupso_url_c=\"\";var hupso_title_c=\"Concorso%20di%20Poesia%20-%20%22Verso%20i%20versi%22%20-%202006\";<\/script><script type=\"text\/javascript\" src=\"https:\/\/static.hupso.com\/share\/js\/counters.js\"><\/script><!-- Hupso Share Buttons --><\/div>","protected":false},"excerpt":{"rendered":"<p>In una magica ed emozionante serata, domenica 27 agosto alle ore 20:00 presso il centro civico &#8220;G.Siani&#8221; sito in Piazza Municipio a Siano (SA) ha avuto luogo la cerimonia di premiazione. Il programma della serata si \u00e8 svolto nelle seguenti fasi: la presentazione della Giuria, la premiazione e la declamazione delle poesie vincitrici Le poesie giunte alla direzione del concorso sono state 173 provenienti da tutta Italia e da italiani residenti all\u2019estero, quasi il doppio rispetto alla scorsa edizione, grande soddisfazione da parte di tutta l&#8217;associazione forte dei risultati ottenuti lo scorso anno. Davanti ad un considerevole ed attento pubblico presente alla premiazione e dietro la regia del moderatore il sig. Francesco Botta, sono intervenuti l&#8217;assessore alla Cultura, dott. Alfonso Leo, il Presidente del Consiglio Comunale ing. Massimo Frasci e il dott. Gianni Iuliano (Vicepresidente della Provincia di Salerno) e la presenza, ovvia, del Presidente dell&#8217;Associazione, dott. Andrea Riccio, il quale \u00e8 stato il primo a prendere la parola. Il Presidente dell&#8217;associazione ha ringraziato tutti gli enti che hanno patrocinato l\u2019iniziativa (La Regione Campania, EPT di Salerno, La Comunit\u00e0 Montana Valle dell\u2019Irno, la Provincia di Salerno ed il Comune di Siano), tutti i partecipanti, che sono stati numerosissimi, un ringraziamento &hellip; <a class=\"readmore\" href=\"https:\/\/www.amiciinsieme.it\/index.php\/albo-doro-concorso-di-poesia-verso-i-versi\/concorso-di-poesia-verso-i-versi-2006\/\">Continua a leggere \u2192<\/a><\/p>\n<div style=\"padding-bottom:20px; padding-top:10px;\" class=\"hupso-share-buttons\"><!-- Hupso Share Buttons - https:\/\/www.hupso.com\/share\/ --><a class=\"hupso_counters\" href=\"https:\/\/www.hupso.com\/share\/\"><img src=\"https:\/\/static.hupso.com\/share\/buttons\/lang\/it\/share-small.png\" style=\"border:0px; padding-top:2px; float:left;\" alt=\"Share Button\"\/><\/a><script type=\"text\/javascript\">var hupso_services_c=new Array(\"twitter\",\"facebook_like\",\"facebook_send\");var hupso_counters_lang = \"it_IT\";var hupso_image_folder_url = \"\";var hupso_twitter_via=\"amiciinsieme\";var hupso_url_c=\"\";var hupso_title_c=\"Concorso%20di%20Poesia%20-%20%22Verso%20i%20versi%22%20-%202006\";<\/script><script type=\"text\/javascript\" src=\"https:\/\/static.hupso.com\/share\/js\/counters.js\"><\/script><!-- Hupso Share Buttons --><\/div>","protected":false},"author":1,"featured_media":0,"parent":82,"menu_order":0,"comment_status":"open","ping_status":"open","template":"","meta":{"ngg_post_thumbnail":0,"footnotes":""},"class_list":["post-212","page","type-page","status-publish","hentry"],"jetpack_sharing_enabled":true,"jetpack_shortlink":"https:\/\/wp.me\/P91vVa-3q","jetpack-related-posts":[],"_links":{"self":[{"href":"https:\/\/www.amiciinsieme.it\/index.php\/wp-json\/wp\/v2\/pages\/212"}],"collection":[{"href":"https:\/\/www.amiciinsieme.it\/index.php\/wp-json\/wp\/v2\/pages"}],"about":[{"href":"https:\/\/www.amiciinsieme.it\/index.php\/wp-json\/wp\/v2\/types\/page"}],"author":[{"embeddable":true,"href":"https:\/\/www.amiciinsieme.it\/index.php\/wp-json\/wp\/v2\/users\/1"}],"replies":[{"embeddable":true,"href":"https:\/\/www.amiciinsieme.it\/index.php\/wp-json\/wp\/v2\/comments?post=212"}],"version-history":[{"count":3,"href":"https:\/\/www.amiciinsieme.it\/index.php\/wp-json\/wp\/v2\/pages\/212\/revisions"}],"predecessor-version":[{"id":214,"href":"https:\/\/www.amiciinsieme.it\/index.php\/wp-json\/wp\/v2\/pages\/212\/revisions\/214"}],"up":[{"embeddable":true,"href":"https:\/\/www.amiciinsieme.it\/index.php\/wp-json\/wp\/v2\/pages\/82"}],"wp:attachment":[{"href":"https:\/\/www.amiciinsieme.it\/index.php\/wp-json\/wp\/v2\/media?parent=212"}],"curies":[{"name":"wp","href":"https:\/\/api.w.org\/{rel}","templated":true}]}}