{"id":2397,"date":"2017-10-05T23:48:00","date_gmt":"2017-10-05T21:48:00","guid":{"rendered":"http:\/\/www.amiciinsieme.it\/?page_id=2397"},"modified":"2017-10-06T00:44:37","modified_gmt":"2017-10-05T22:44:37","slug":"concorso-di-poesia-verso-i-versi-2017","status":"publish","type":"page","link":"https:\/\/www.amiciinsieme.it\/index.php\/albo-doro-concorso-di-poesia-verso-i-versi\/concorso-di-poesia-verso-i-versi-2017\/","title":{"rendered":"Concorso di Poesia &#8211; &#8220;Verso i versi&#8221; &#8211; 2017"},"content":{"rendered":"<h2 style=\"text-align: center;\"><em><strong>Concorso di Poesia &#8211; &#8220;Verso i versi&#8221; &#8211; 2017<\/strong><\/em><\/h2>\n<p>&nbsp;<\/p>\n<p style=\"text-align: center;\"><em>Il Presidente Andrea Riccio deciso \u201cConcorso di qualit\u00e0, si punta in alto\u201d<\/em><\/p>\n<p>Presso il Centro Civico \u201cG. Siani\u201d, sabato scorso 2 settembre a Siano, alla presenza di tantissime persone si \u00e8 tenuta la cerimonia di premiazione della XII edizione del concorso nazionale di poesia \u201c<strong><em>Verso i versi<\/em><\/strong>\u201d Citt\u00e0 di Siano (SA) organizzato dall\u2019Associazione socio culturale\u201c<em>Amici Insieme<\/em>\u201d.&nbsp;<\/p>\n<p style=\"text-align: left;\">\u201c<em>Siamo soddisfatti del successo di questa dodicesima edizione del concorso e della serata vista la presenza di tante persone che attendevano questo appuntamento di fine estate. Puntiamo a crescere ancora perch\u00e8 riteniamo che la cultura sia essenziale per migliorare la qualit\u00e0 sociale, economica e politica in una societ\u00e0. Senza alcuna presunzione, ormai il concorso \u201cVerso i versi\u201d Citt\u00e0 di Siano (SA), edizione dopo edizione, \u00e8 cresciuto in termini di visibilit\u00e0, tanto, da crearsi un suo spazio nel circuito dei concorsi letterari nel panorama nazionale<\/em>\u201d.<\/p>\n<p style=\"text-align: left;\"><!--more--><\/p>\n<p>Queste le parole iniziali, che accompagnano i saluti di Andrea Riccio, Presidente dell\u2019associazione, che oltre dieci anni insieme a tanti giovani collaboratori, che durante la cerimonia ha pi\u00f9 volte ringraziato, sta contribuendo con professionalit\u00e0 alla crescita socio-culturale, al rilancio e alla promozione&nbsp; di Siano.&nbsp;<\/p>\n<p>Per questa decima edizione il bando prevedeva due sezioni, a tema libero, in lingua italiana e vernacolo. Inoltre, per il terzo anno, in collaborazione con la scuola secondaria di I grado di Siano, \u00e8 stato celebrato il 21 marzo dichiarato dall\u2019UNESCO dal 1999 \u201c<em>Giornata Mondiale della Poesia<\/em>\u201d. Durante la serata saranno declamate alcune poesie scritte dagli stessi ragazzi, premiate ed inserite nell\u2019antologia poetica del concorso. Il presidente Riccio ha evidenziato che anche questa edizione \u00e8 stata impreziosita dai premi di rappresentanza inviati dalla Presidenza del Senato della Repubblica e dalla Camera di Commercio di Salerno, e ricevuto il Patrocinio del Ministero per i Beni ed Attivit\u00e0 Culturali, ha poi ringraziato i componenti della giuria presieduta dalla prof.ssa Concetta Riccio coadiuvata dalle prof.sse Gaetana Leo e Anna Maria Giordano e dal&nbsp; prof. Francesco Caiazza.<\/p>\n<p>L\u2019associazione ha messo campo un\u2019ottima organizzazione curando tutto nei minimi particolari a partire dall\u2019accoglienza dei vincitori, che hanno avuto modo, guidati dai collaboratori dell\u2019associazione, di fare un giro per il paese ed &nbsp;ammirare le bellezze artistiche ed architettoniche dello stesso, non tralasciando niente al caso.<\/p>\n<p>Intervengo in sequenza il Sindaco, dott. Giorgio Marchese, e il Dirigente dell\u2019Istituto Comprensivo, prof. Rosario Pesce, che hanno sottolineato l\u2019importanza della sinergia necessaria per la crescita del territorio tra Comune, Scuola e mondo associativo, sottolineando la valenza culturale della manifestazione e l\u2019impegno dell\u2019associazione \u201cAmici Insieme\u201d per la realizzazione di un\u2019iniziativa di uno spessore cos\u00ec&nbsp; elevato.<\/p>\n<p>Infine prende la parola l\u2019onorevole Tommaso Amabile, consigliere della regione Campania, che sottolinea l\u2019importanza della poesia ed l\u2019importante ruolo e valore della cultura ed in particolare quello della poesia riconoscendo all\u2019Associazione di aver messo in campo una manifestazione di tutto rispetto.<\/p>\n<p>Successivamente prende la parola il Presidente della Giuria, prof.ssa Concetta Riccio, la quale ha avuto parole di elogio per l\u2019organizzazione ed ha illustrato i criteri seguiti dalla Giuria nell\u2019assegnazione dei premi. Nel pi\u00f9 totale anonimato, la Giuria, incaricata di valutare le composizioni poetiche, ha innanzi tutto preso atto della numerosa partecipazione ed ha sottolineato il livello qualitativo dei testi ritenendolo elevato. Una prima fase di lettura e di giudizio \u00e8 stata compiuta singolarmente da ciascuno dei componenti la Giuria e successivamente, ha avuto luogo un\u2019attenta comparazione, con una unanime indicazione finale di classifica e dei premi da attribuire.<\/p>\n<p>Si parte con la premiazione della sezione \u201cVernacolo\u201d e l\u2019assegnazione del Premio Speciale della&nbsp; Giuria&nbsp; a <strong>Luigi Abbro<\/strong> di San Nicola la Strada (CE)&nbsp; con la poesia \u201c<em>O\u2019 poeta da\u2019 libert\u00e0<\/em> \u201c, cos\u00ec a seguire il terzo e secondo posto a <strong>Vito Bellomo<\/strong> di Bari e a Margherita Neri Novi di Cefal\u00f9 (PA) rispettivamente con le poesie \u201c<em>Chiu d\u2019un char amick<\/em>\u201d e \u201c<em>Sicilia scapiddata<\/em>\u201d.<\/p>\n<p>Il primo premio, con la targa del Comune di Siano, con la lirica \u201c<em>\u2019E caramelle<\/em>\u201d, \u00e8 andato a <strong>Rosa Bizzozz\u00e0ro <\/strong>di Caserta.<\/p>\n<p>La serata \u00e8 stata magistralmente moderata dall\u2019 avv. Maria Luisa Sola, componente dell\u2019Associazione e Responsabile del progetto della banca del Tempo \u201c<em>Prestami un\u2019ora<\/em>\u201d<\/p>\n<p>Alla proclamazione seguiva la lettura della recensione, la declamazione delle poesie stesse alcune delle quali declamate dagli autori stessi, infine la premiazione.<\/p>\n<p>Si passa alla sezione principale che vede l\u2019assegnazione del Premio Speciale a <strong>Franco Fiorini<\/strong> di Veroli (FR) con la poesia \u201c<em>Un giorno d\u2019estate al Circeo<\/em>\u201d, del terzo posto a <strong>Angelo Taioli<\/strong> di Voghera (PV)&nbsp; con la poesia \u201c<em>Adesso so che l\u2019estate<\/em>\u201d mentre al secondo posto si \u00e8 classificata&nbsp; con le poesia&nbsp; \u201c<em>Nirvana\u201d <\/em><strong>Annunziata D\u2019Aniello<\/strong> di Salerno.<\/p>\n<p>Durante la serata sono state declamate le poesie selezionate dalla giuria scritte dai ragazzi delle Scuola Secondaria di I Grado che hanno partecipato all\u2019iniziativa del \u201c<em>21 marzo Giornata Mondiale della Poesia<\/em>\u201d che l\u2019associazione Amici Insieme mette in campo in collaborazione con la scuola stessa e si sono esibiti, in un piacevole intermezzo musicale, i ragazzi del corso musicale della scuola secondaria di I grado.<\/p>\n<p>A ciascuno dei premiati \u00e8 stata consegnata l\u2019antologia poetica della XII edizione del concorso e la guida turistica, realizzata dall\u2019associazione stessa, \u201c <strong><em>Siano \u2026 terra di fascino, di sogni, di poesia ..<\/em><\/strong>\u201d , di oltre 120 pagine, ricca di foto e tradotta anche in lingua inglese.<\/p>\n<p>La serata si \u00e8 conclusa con la premiazione del vincitore, il poeta<strong> Carmelo Consoli<\/strong> di Firenze&nbsp; con la poesia \u201c<em>Cammino per Santiago<\/em>\u201d, che ha portato a casa 600 \u20ac e la medaglia della Presidenza del Senato della Repubblica Italiana. Tutti i premiati nel loro intervento hanno espresso parole di elogio e di congratulazioni all\u2019Associazione \u201c<em>Amici Insieme<\/em>\u201d per il livello raggiunto, la qualit\u00e0 delle poesie, la professionalit\u00e0 della giuria, l\u2019ottima organizzazione, curata nei minimi particolari e l\u2019accoglienza calorosa ricevuta.<\/p>\n<p>Alla fine l\u2019Associazione ha offerto ai presenti un ricco buffet.<\/p>\n<p>&nbsp;<\/p>\n<p style=\"text-align: center;\"><strong>XII EDIZIONE 2017<\/strong><br \/>\n<strong>Sezione: Italiano<\/strong><\/p>\n<p style=\"text-align: center;\">I classificato<br \/>\n\u2022&nbsp;<strong>Carmelo Consoli<\/strong>, Firenze (FI) , \u201c<strong>Cammino per Santiago<\/strong>\u201d<\/p>\n<p style=\"text-align: center;\"><a href=\"https:\/\/www.amiciinsieme.it\/?p=2401#primo\">Motivazioni &#8211; Poesia<\/a><\/p>\n<p style=\"text-align: center;\">II classificato<br \/>\n\u2022&nbsp;<strong>Annunziata D\u2019Aniello<\/strong>, Salerno (SAC), \u201c<strong>Nirvana<\/strong>\u201d<\/p>\n<p style=\"text-align: center;\"><a href=\"https:\/\/www.amiciinsieme.it\/?p=2401#secondo\">Motivazioni &#8211; Poesia<\/a><\/p>\n<p style=\"text-align: center;\">III classificato<br \/>\n\u2022 <strong>Angelo Taioli<\/strong>, Voghera (PV), \u201c<strong>Adesso so che l\u2019estate<\/strong>\u201d<\/p>\n<p style=\"text-align: center;\"><a href=\"https:\/\/www.amiciinsieme.it\/?p=2401#terzo\">Motivazioni &#8211; Poesia<\/a><\/p>\n<p style=\"text-align: center;\">Premio Speciale della Giuria<strong><br \/>\n<\/strong>\u2022 <strong>Franco Fiorini<\/strong>, Veroli (FR), \u201c<strong>Un giorno d\u2019estate al Circeo<\/strong>\u201d<\/p>\n<p style=\"text-align: center;\"><a href=\"https:\/\/www.amiciinsieme.it\/?p=2401#speciale2\">Motivazioni &#8211; Poesia<\/a><\/p>\n<p style=\"text-align: center;\">&nbsp;<\/p>\n<p style=\"text-align: center;\"><strong>Sezione: \u201cVernacolo\u201d<\/strong><\/p>\n<p style=\"text-align: center;\">I classificato<br \/>\n\u2022<strong> Rosa Bizz\u00f2zzaro<\/strong>, Caserta (CE) , \u201c<strong>\u2019E caramelle<\/strong>\u201d<\/p>\n<p style=\"text-align: center;\"><a href=\"https:\/\/www.amiciinsieme.it\/?p=2401#primovern\">Motivazioni &#8211; Poesia<\/a><\/p>\n<p style=\"text-align: center;\">II classificato<br \/>\n\u2022 <strong>Margherita Neri Novi<\/strong>, Cefal\u00f9 (PA), \u201c<strong>Sicilia scapiddata<\/strong>\u201d<\/p>\n<p style=\"text-align: center;\"><a href=\"https:\/\/www.amiciinsieme.it\/?p=2401#secondovern\">Motivazioni &#8211; Poesia<\/a><\/p>\n<p style=\"text-align: center;\">III classificato<br \/>\n\u2022 <strong>Vito Bellomo<\/strong>, Bari (BA), \u201c<strong>Chiu d\u2019un char amick<\/strong>\u201d<\/p>\n<p style=\"text-align: center;\"><a href=\"https:\/\/www.amiciinsieme.it\/?p=2401#terzovern\">Motivazioni &#8211; Poesia<\/a><\/p>\n<p style=\"text-align: center;\">Premio Speciale della Giuria<strong><br \/>\n\u2022 Luigi Abbro<\/strong>, S.Nicola la Strada (CE), \u201c<strong>\u2018O poeta da\u2019 libert\u00e0<\/strong>\u201d<\/p>\n<p style=\"text-align: center;\"><a href=\"https:\/\/www.amiciinsieme.it\/?p=2401#speciale\">Motivazioni &#8211; Poesia<\/a><\/p>\n<p style=\"text-align: center;\">&nbsp;<\/p>\n<div align=\"center\">\nngg_shortcode_0_placeholder\n<\/div>\n<div style=\"padding-bottom:20px; padding-top:10px;\" class=\"hupso-share-buttons\"><!-- Hupso Share Buttons - https:\/\/www.hupso.com\/share\/ --><a class=\"hupso_counters\" href=\"https:\/\/www.hupso.com\/share\/\"><img data-recalc-dims=\"1\" decoding=\"async\" src=\"https:\/\/i0.wp.com\/static.hupso.com\/share\/buttons\/lang\/it\/share-small.png?w=642&#038;ssl=1\" style=\"border:0px; padding-top:2px; float:left;\" alt=\"Share Button\"\/><\/a><script type=\"text\/javascript\">var hupso_services_c=new Array(\"twitter\",\"facebook_like\",\"facebook_send\");var hupso_counters_lang = \"it_IT\";var hupso_image_folder_url = \"\";var hupso_twitter_via=\"amiciinsieme\";var hupso_url_c=\"\";var hupso_title_c=\"Concorso%20di%20Poesia%20-%20%22Verso%20i%20versi%22%20-%202017\";<\/script><script type=\"text\/javascript\" src=\"https:\/\/static.hupso.com\/share\/js\/counters.js\"><\/script><!-- Hupso Share Buttons --><\/div>","protected":false},"excerpt":{"rendered":"<p>Concorso di Poesia &#8211; &#8220;Verso i versi&#8221; &#8211; 2017 &nbsp; Il Presidente Andrea Riccio deciso \u201cConcorso di qualit\u00e0, si punta in alto\u201d Presso il Centro Civico \u201cG. Siani\u201d, sabato scorso 2 settembre a Siano, alla presenza di tantissime persone si \u00e8 tenuta la cerimonia di premiazione della XII edizione del concorso nazionale di poesia \u201cVerso i versi\u201d Citt\u00e0 di Siano (SA) organizzato dall\u2019Associazione socio culturale\u201cAmici Insieme\u201d.&nbsp; \u201cSiamo soddisfatti del successo di questa dodicesima edizione del concorso e della serata vista la presenza di tante persone che attendevano questo appuntamento di fine estate. Puntiamo a crescere ancora perch\u00e8 riteniamo che la cultura sia essenziale per migliorare la qualit\u00e0 sociale, economica e politica in una societ\u00e0. Senza alcuna presunzione, ormai il concorso \u201cVerso i versi\u201d Citt\u00e0 di Siano (SA), edizione dopo edizione, \u00e8 cresciuto in termini di visibilit\u00e0, tanto, da crearsi un suo spazio nel circuito dei concorsi letterari nel panorama nazionale\u201d.<\/p>\n<div style=\"padding-bottom:20px; padding-top:10px;\" class=\"hupso-share-buttons\"><!-- Hupso Share Buttons - https:\/\/www.hupso.com\/share\/ --><a class=\"hupso_counters\" href=\"https:\/\/www.hupso.com\/share\/\"><img src=\"https:\/\/static.hupso.com\/share\/buttons\/lang\/it\/share-small.png\" style=\"border:0px; padding-top:2px; float:left;\" alt=\"Share Button\"\/><\/a><script type=\"text\/javascript\">var hupso_services_c=new Array(\"twitter\",\"facebook_like\",\"facebook_send\");var hupso_counters_lang = \"it_IT\";var hupso_image_folder_url = \"\";var hupso_twitter_via=\"amiciinsieme\";var hupso_url_c=\"\";var hupso_title_c=\"Concorso%20di%20Poesia%20-%20%22Verso%20i%20versi%22%20-%202017\";<\/script><script type=\"text\/javascript\" src=\"https:\/\/static.hupso.com\/share\/js\/counters.js\"><\/script><!-- Hupso Share Buttons --><\/div>","protected":false},"author":1,"featured_media":0,"parent":82,"menu_order":0,"comment_status":"open","ping_status":"closed","template":"","meta":{"ngg_post_thumbnail":0,"footnotes":""},"class_list":["post-2397","page","type-page","status-publish","hentry"],"jetpack_sharing_enabled":true,"jetpack_shortlink":"https:\/\/wp.me\/P91vVa-CF","jetpack-related-posts":[],"_links":{"self":[{"href":"https:\/\/www.amiciinsieme.it\/index.php\/wp-json\/wp\/v2\/pages\/2397"}],"collection":[{"href":"https:\/\/www.amiciinsieme.it\/index.php\/wp-json\/wp\/v2\/pages"}],"about":[{"href":"https:\/\/www.amiciinsieme.it\/index.php\/wp-json\/wp\/v2\/types\/page"}],"author":[{"embeddable":true,"href":"https:\/\/www.amiciinsieme.it\/index.php\/wp-json\/wp\/v2\/users\/1"}],"replies":[{"embeddable":true,"href":"https:\/\/www.amiciinsieme.it\/index.php\/wp-json\/wp\/v2\/comments?post=2397"}],"version-history":[{"count":7,"href":"https:\/\/www.amiciinsieme.it\/index.php\/wp-json\/wp\/v2\/pages\/2397\/revisions"}],"predecessor-version":[{"id":2413,"href":"https:\/\/www.amiciinsieme.it\/index.php\/wp-json\/wp\/v2\/pages\/2397\/revisions\/2413"}],"up":[{"embeddable":true,"href":"https:\/\/www.amiciinsieme.it\/index.php\/wp-json\/wp\/v2\/pages\/82"}],"wp:attachment":[{"href":"https:\/\/www.amiciinsieme.it\/index.php\/wp-json\/wp\/v2\/media?parent=2397"}],"curies":[{"name":"wp","href":"https:\/\/api.w.org\/{rel}","templated":true}]}}