{"id":3143,"date":"2019-10-08T00:48:11","date_gmt":"2019-10-07T22:48:11","guid":{"rendered":"http:\/\/www.amiciinsieme.it\/?page_id=3143"},"modified":"2019-10-08T00:49:15","modified_gmt":"2019-10-07T22:49:15","slug":"concorso-di-poesia-verso-i-versi-2019","status":"publish","type":"page","link":"https:\/\/www.amiciinsieme.it\/index.php\/albo-doro-concorso-di-poesia-verso-i-versi\/concorso-di-poesia-verso-i-versi-2019\/","title":{"rendered":"Concorso di Poesia &#8211; &#8220;Verso i versi&#8221; &#8211; 2019"},"content":{"rendered":"<h2><em><strong>Concorso di Poesia &#8211; &#8220;Verso i versi&#8221; &#8211; 2019<\/strong><\/em><\/h2>\n<p>&nbsp;<\/p>\n<p><em>Puntiamo a crescere ancora perch\u00e9 riteniamo che la cultura sia essenziale per migliorare la qualit\u00e0 sociale, economica e politica in una societ\u00e0. Senza alcuna presunzione, ormai il concorso \u201cVerso i versi\u201d Citt\u00e0 di Siano (SA), edizione dopo edizione, \u00e8 cresciuto in termini di visibilit\u00e0, tanto, da crearsi un suo spazio nel circuito dei concorsi letterari nel panorama nazionale. Sempre pi\u00f9 numerosi sono i giovani che si iscrivono all\u2019associazione ed impegnati in attivit\u00e0 e progetti socio culturali, quali: la Banca del Tempo \u201c<strong>Prestami un\u2019ora<\/strong>\u201d; book-sharing \u201c<strong>Baratta un Libro<\/strong>\u201d; \u201c<strong>Conoscere la storia per guardare al futuro<\/strong>\u201d, <\/em><em>progetto rivolto al recupero e alla valorizzazione storico ed artistico dei vari rioni di Siano;<\/em> <em>Caccia al Tesoro \u201c<strong>Eureka !<\/strong>\u201d, giunta alla XVII edizione; \u201c<strong>Natale con gli Anziani<\/strong>\u201d presso Villa Formosa RSA- Centro Lars, alla XV edizione;&nbsp;&nbsp; \u201c<strong>Incontro con l\u2019autore<\/strong>\u201d al secondo anno con cinque appuntamenti di presentazione di libri,&nbsp; che si&nbsp; tengono durante l\u2019anno<\/em>\u201d.<\/p>\n<p><!--more--><\/p>\n<p>Queste le parole iniziali, che accompagnano i saluti di Andrea Riccio, Presidente dell\u2019associazione, che oltre dieci anni insieme a tanti giovani collaboratori, che durante la cerimonia ha pi\u00f9 volte ringraziato, sta contribuendo con professionalit\u00e0 alla crescita socio-culturale, al rilancio e alla promozione&nbsp; di Siano.&nbsp;<\/p>\n<p>Per questa tredicesima edizione il bando prevedeva due sezioni, a tema libero, in lingua italiana e vernacolo. Inoltre, per il terzo anno, in collaborazione con la scuola secondaria di I grado di Siano, \u00e8 stato celebrato il 21 marzo dichiarato dall\u2019UNESCO dal 1999 \u201c<em>Giornata Mondiale della Poesia<\/em>\u201d. Durante la serata saranno declamate alcune poesie scritte dagli stessi ragazzi, premiate ed inserite nell\u2019antologia poetica del concorso. Il presidente Riccio ha evidenziato che anche questa edizione \u00e8 stata impreziosita dai premi di rappresentanza inviati dalla Presidenza del Senato della Repubblica e dalla Camera di Commercio di Salerno, ha poi ringraziato i componenti della giuria presieduta dalla prof.ssa AnnaMaria Giordano coadiuvata dalla Gaetana Leo &nbsp;e dal &nbsp;prof. Francesco Caiazza.<\/p>\n<p>L\u2019associazione ha messo campo un\u2019ottima organizzazione curando tutto nei minimi particolari a partire dall\u2019accoglienza dei vincitori, che hanno avuto modo, guidati dai collaboratori dell\u2019associazione, di fare un giro per il paese ed &nbsp;ammirare le bellezze artistiche ed architettoniche dello stesso, non tralasciando niente al caso.<\/p>\n<p>Intervengo in sequenza il consigliere delegato alla cultura del Comune di Siano, prof.ssa Fortura Albano, e il Dirigente dell\u2019Istituto comprensivo, prof. Rosario Pesce, che hanno sottolineato l\u2019importanza della sinergia necessaria per la crescita del territorio tra Comune, Scuola e mondo associativo, sottolineando la valenza culturale della manifestazione e l\u2019impegno dell\u2019associazione \u201cAmici Insieme\u201d per la realizzazione di un\u2019iniziativa di uno spessore cos\u00ec &nbsp;elevato.<\/p>\n<p>Successivamente prende la parola il Presidente della Giuria, prof.ssa Annamaria Giordano, la quale ha avuto parole di elogio per l\u2019organizzazione ed ha illustrato i criteri seguiti dalla Giuria nell\u2019assegnazione dei premi. Nel pi\u00f9 totale anonimato, la Giuria, incaricata di valutare le composizioni poetiche, ha innanzi tutto preso atto della numerosa partecipazione ed ha sottolineato il livello qualitativo dei testi ritenendolo elevato. Una prima fase di lettura e di giudizio \u00e8 stata compiuta singolarmente da ciascuno dei componenti la Giuria e successivamente, ha avuto luogo un\u2019attenta comparazione, con una unanime indicazione finale di classifica e dei premi da attribuire.<\/p>\n<p>Si parte con la premiazione della sezione \u201cVernacolo\u201d e l\u2019assegnazione del Premio Speciale della &nbsp;Giuria a <strong>Paolo Lacava<\/strong> di Fabriano (AN) &nbsp;con la poesia \u201c<em>N\u2019athra\u201d <\/em>a seguire il terzo e secondo posto a <strong>Gianni Terminiello<\/strong> di Massa Lubrense (NA) e a <strong>Antonio Barracato<\/strong> di Cefal\u00f9 (PA) rispettivamente con le poesie \u201c<em>\u2019O libbro<\/em>\u201d e \u201c<em>A poesia comu strumentu<\/em>\u201d.<\/p>\n<p>Il primo premio, con la lirica \u201c<em>Solo un baso<\/em>\u201d, \u00e8 andato al poeta veneto <strong>Giuseppe Terragnoli <\/strong>di Verona.<\/p>\n<p>La serata \u00e8 stata magistralmente moderata dall\u2019 avv. Maria Luisa Sola, componente dell\u2019Associazione Amici Insieme.<\/p>\n<p>Alla proclamazione seguiva la lettura della recensione, la declamazione delle poesie stesse alcune delle quali declamate dagli autori stessi, infine la premiazione.<\/p>\n<p>Si passa alla sezione principale che vede l\u2019assegnazione del Premio Speciale a <strong>Jacopo Celesia &nbsp;<\/strong>di Milano&nbsp; con la poesia \u201c<em>Promessa<\/em>\u201d, la segnalazione di merito a <strong>Carla d\u2019Alessandro<\/strong> di Nocera Inferiore (SA) con la poesia \u201c<em>Un piccolo migrante<\/em>\u201d e <strong>Sabrina Balbinetti<\/strong> di Roma con \u201c<em>Gocce di vita<\/em>\u201d, poi terzo posto a <strong>Davide Rocco Colacrai<\/strong> di Terranuova Bracciolini (AR) con la poesia \u201c<em>Autobus 37 \u2013 2 agosto 1980<\/em>\u201d mentre al secondo posto abbiamo avuto un ex aequo con le liriche \u201c <em>Notte dei miracoli<\/em>\u201d e \u201c <em>Un piccolo fuoco negli occhi<\/em>\u201d rispettivamente di <strong>Rosanna Spina<\/strong> di Venturina (LI) e di <strong>Rodolfo Vettorello<\/strong> di Milano<\/p>\n<p>Durante la serata sono state declamate le poesie selezionate dalla giuria scritte dai ragazzi delle Scuola Secondaria di I Grado che hanno partecipato all\u2019iniziativa del \u201c<em>21 marzo Giornata Mondiale della Poesia<\/em>\u201d che l\u2019associazione Amici Insieme mette in campo in collaborazione con la scuola stessa.<\/p>\n<p>A ciascuno dei premiati \u00e8 stata consegnata l\u2019antologia poetica della XIV edizione del concorso e la guida turistica, realizzata dall\u2019associazione stessa, \u201c <strong><em>Siano \u2026 terra di fascino, di sogni, di poesia ..<\/em><\/strong>\u201d , di oltre 120 pagine, ricca di foto e tradotta anche in lingua inglese.<\/p>\n<p>La serata si \u00e8 conclusa con la premiazione del vincitore, la poetessa<strong> Anna Elisa De Gregorio<\/strong> di Ancona &nbsp;con la poesia \u201c<em>La distrazione<\/em>\u201d, che ha portato a casa 600 \u20ac e la medaglia della Presidenza del Senato della Repubblica Italiana. Tutti i premiati nel loro intervento hanno espresso parole di elogio e di congratulazioni all\u2019Associazione \u201c<em>Amici Insieme<\/em>\u201d per il livello raggiunto, la qualit\u00e0 delle poesie, la professionalit\u00e0 della giuria, l\u2019ottima organizzazione, curata nei minimi particolari e l\u2019accoglienza calorosa ricevuta.<\/p>\n<p>Alla fine l\u2019Associazione ha offerto ai presenti un ricco buffet.<\/p>\n<p style=\"text-align: center;\"><strong>XII EDIZIONE 2019<\/strong><br \/>\n<strong>Sezione: Italiano<\/strong><\/p>\n<p style=\"margin: 0cm 0cm 0.0001pt; text-align: center;\">I classificato<br \/>\n\u2022&nbsp;<strong>Anna Elisa De Gregorio<\/strong>, Ancona (AN) , \u201c<strong>La distrazione<\/strong>\u201d<\/p>\n<p style=\"margin: 0cm 0cm 0.0001pt; text-align: center;\"><a href=\"https:\/\/www.amiciinsieme.it\/?p=3155#primo\">Motivazioni &#8211; Poesia<\/a><\/p>\n<p>&nbsp;<\/p>\n<p style=\"margin: 0cm 0cm 0.0001pt; text-align: center;\">II classificato&nbsp; ex aequo<br \/>\n\u2022&nbsp;<strong>Rosanna Spina<\/strong>, Venturina (LI), \u201c<strong>La notte dei miracoli<\/strong>\u201d<\/p>\n<p style=\"margin: 0cm 0cm 0.0001pt; text-align: center;\"><a href=\"https:\/\/www.amiciinsieme.it\/?p=3155#secondoexe\">Motivazioni &#8211; Poesia<\/a><\/p>\n<p>&nbsp;<\/p>\n<p style=\"margin: 0cm 0cm 0.0001pt; text-align: center;\">II classificato&nbsp; ex aequo<br \/>\n\u2022&nbsp;<strong>Rodolfo Vettorello<\/strong>, Milano (MI), \u201c<strong>Un piccolo fuoco negli occhi<\/strong>\u201d<\/p>\n<p style=\"margin: 0cm 0cm 0.0001pt; text-align: center;\"><a href=\"https:\/\/www.amiciinsieme.it\/?p=3155#secondoexe2\">Motivazioni &#8211; Poesia<\/a><\/p>\n<p>&nbsp;<\/p>\n<p style=\"margin: 0cm 0cm 0.0001pt; text-align: center;\">III classificato&nbsp;<br \/>\n\u2022&nbsp;<strong>Davide Rocco Colacrai<\/strong>, Terranuova Bracciolini (AR), \u201c<strong>Autobus trentasette (2 agosto 1980)<\/strong>\u201d<\/p>\n<p style=\"margin: 0cm 0cm 0.0001pt; text-align: center;\"><a href=\"https:\/\/www.amiciinsieme.it\/?p=3155#terzo\">Motivazioni &#8211; Poesia<\/a><\/p>\n<p>&nbsp;<\/p>\n<p style=\"margin: 0cm 0cm 0.0001pt; text-align: center;\">Premio Speciale della Giuria<br \/>\n\u2022&nbsp;<strong>Jacopo Celesia<\/strong>, Milano (MI), \u201c<strong>Promessa<\/strong>\u201d<\/p>\n<p style=\"margin: 0cm 0cm 0.0001pt; text-align: center;\"><a href=\"https:\/\/www.amiciinsieme.it\/?p=3155#speciale\">Motivazioni &#8211; Poesia<\/a><\/p>\n<p>&nbsp;<\/p>\n<p style=\"margin: 0cm 0cm 0.0001pt; text-align: center;\">Segnalazione di Merito<br \/>\n\u2022&nbsp;<strong>Carla D\u2019Alessandro<\/strong>, Nocera Inferiore (SA), \u201c<strong>Il piccolo migrante<\/strong>\u201d<\/p>\n<p style=\"margin: 0cm 0cm 0.0001pt; text-align: center;\"><a href=\"https:\/\/www.amiciinsieme.it\/?p=3155#merito1\">Motivazioni &#8211; Poesia<\/a><\/p>\n<p>&nbsp;<\/p>\n<p style=\"margin: 0cm 0cm 0.0001pt; text-align: center;\">Segnalazione di Merito<br \/>\n\u2022 <strong>Sabrina Balbinetti<\/strong>, Roma (RM), \u201c<strong>Gocce di Vita<\/strong>\u201d<\/p>\n<p style=\"margin: 0cm 0cm 0.0001pt; text-align: center;\"><a href=\"https:\/\/www.amiciinsieme.it\/?p=3155#merito2\">Motivazioni &#8211; Poesia<\/a><\/p>\n<p>&nbsp;<\/p>\n<p style=\"margin: 0cm 0cm 0.0001pt; text-align: center;\"><strong>Sezione: \u201cVernacolo\u201d<\/strong><\/p>\n<p style=\"margin: 0cm 0cm 0.0001pt; text-align: center;\">I classificato<br \/>\n\u2022&nbsp;<strong>Giuseppe Terragnoli<\/strong>, Verona (VR) , \u201c <strong>Solo un baso<\/strong><\/p>\n<p style=\"margin: 0cm 0cm 0.0001pt; text-align: center;\"><a href=\"https:\/\/www.amiciinsieme.it\/?p=3155#primovern\">Motivazioni &#8211; Poesia<\/a><\/p>\n<p>&nbsp;<\/p>\n<p style=\"margin: 0cm 0cm 0.0001pt; text-align: center;\">II classificato&nbsp;<br \/>\n\u2022&nbsp;<strong>Antonio Barracato<\/strong>, Cefal\u00f9 (PA), \u201c<strong>A poesia comu strumentu<\/strong>\u201d<\/p>\n<p style=\"margin: 0cm 0cm 0.0001pt; text-align: center;\"><a href=\"https:\/\/www.amiciinsieme.it\/?p=3155#secondovern\">Motivazioni &#8211; Poesia<\/a><\/p>\n<p>&nbsp;<\/p>\n<p style=\"margin: 0cm 0cm 0.0001pt; text-align: center;\">III classificato<br \/>\n\u2022&nbsp;<strong>Gianni Terminiello<\/strong>, GMassa Lubrense (NA), \u201c <strong>\u2019O libbro<\/strong>\u201d<\/p>\n<p style=\"margin: 0cm 0cm 0.0001pt; text-align: center;\"><a href=\"https:\/\/www.amiciinsieme.it\/?p=3155#terzovern\">Motivazioni &#8211; Poesia<\/a><\/p>\n<p>&nbsp;<\/p>\n<p style=\"margin: 0cm 0cm 0.0001pt; text-align: center;\">Premio Speciale della Giuria<br \/>\n\u2022 <strong>Paolo Lacava, Fabriano &nbsp;(AN), \u201c N\u2019athra\u201d<\/strong><\/p>\n<p style=\"margin: 0cm 0cm 0.0001pt; text-align: center;\"><a href=\"https:\/\/www.amiciinsieme.it\/?p=3155#specialevern\">Motivazioni &#8211; Poesia<\/a><\/p>\n<p style=\"margin: 0cm 0cm 0.0001pt; text-align: center;\">&nbsp;<\/p>\n<p style=\"margin: 0cm 0cm 0.0001pt; text-align: center;\">&nbsp;<\/p>\n<div align=\"center\">\nngg_shortcode_0_placeholder<\/div>\n<div style=\"padding-bottom:20px; padding-top:10px;\" class=\"hupso-share-buttons\"><!-- Hupso Share Buttons - https:\/\/www.hupso.com\/share\/ --><a class=\"hupso_counters\" href=\"https:\/\/www.hupso.com\/share\/\"><img data-recalc-dims=\"1\" decoding=\"async\" src=\"https:\/\/i0.wp.com\/static.hupso.com\/share\/buttons\/lang\/it\/share-small.png?w=642&#038;ssl=1\" style=\"border:0px; padding-top:2px; float:left;\" alt=\"Share Button\"\/><\/a><script type=\"text\/javascript\">var hupso_services_c=new Array(\"twitter\",\"facebook_like\",\"facebook_send\");var hupso_counters_lang = \"it_IT\";var hupso_image_folder_url = \"\";var hupso_twitter_via=\"amiciinsieme\";var hupso_url_c=\"\";var hupso_title_c=\"Concorso%20di%20Poesia%20-%20%22Verso%20i%20versi%22%20-%202019\";<\/script><script type=\"text\/javascript\" src=\"https:\/\/static.hupso.com\/share\/js\/counters.js\"><\/script><!-- Hupso Share Buttons --><\/div>","protected":false},"excerpt":{"rendered":"<p>Concorso di Poesia &#8211; &#8220;Verso i versi&#8221; &#8211; 2019 &nbsp; Puntiamo a crescere ancora perch\u00e9 riteniamo che la cultura sia essenziale per migliorare la qualit\u00e0 sociale, economica e politica in una societ\u00e0. Senza alcuna presunzione, ormai il concorso \u201cVerso i versi\u201d Citt\u00e0 di Siano (SA), edizione dopo edizione, \u00e8 cresciuto in termini di visibilit\u00e0, tanto, da crearsi un suo spazio nel circuito dei concorsi letterari nel panorama nazionale. Sempre pi\u00f9 numerosi sono i giovani che si iscrivono all\u2019associazione ed impegnati in attivit\u00e0 e progetti socio culturali, quali: la Banca del Tempo \u201cPrestami un\u2019ora\u201d; book-sharing \u201cBaratta un Libro\u201d; \u201cConoscere la storia per guardare al futuro\u201d, progetto rivolto al recupero e alla valorizzazione storico ed artistico dei vari rioni di Siano; Caccia al Tesoro \u201cEureka !\u201d, giunta alla XVII edizione; \u201cNatale con gli Anziani\u201d presso Villa Formosa RSA- Centro Lars, alla XV edizione;&nbsp;&nbsp; \u201cIncontro con l\u2019autore\u201d al secondo anno con cinque appuntamenti di presentazione di libri,&nbsp; che si&nbsp; tengono durante l\u2019anno\u201d.<\/p>\n<div style=\"padding-bottom:20px; padding-top:10px;\" class=\"hupso-share-buttons\"><!-- Hupso Share Buttons - https:\/\/www.hupso.com\/share\/ --><a class=\"hupso_counters\" href=\"https:\/\/www.hupso.com\/share\/\"><img src=\"https:\/\/static.hupso.com\/share\/buttons\/lang\/it\/share-small.png\" style=\"border:0px; padding-top:2px; float:left;\" alt=\"Share Button\"\/><\/a><script type=\"text\/javascript\">var hupso_services_c=new Array(\"twitter\",\"facebook_like\",\"facebook_send\");var hupso_counters_lang = \"it_IT\";var hupso_image_folder_url = \"\";var hupso_twitter_via=\"amiciinsieme\";var hupso_url_c=\"\";var hupso_title_c=\"Concorso%20di%20Poesia%20-%20%22Verso%20i%20versi%22%20-%202019\";<\/script><script type=\"text\/javascript\" src=\"https:\/\/static.hupso.com\/share\/js\/counters.js\"><\/script><!-- Hupso Share Buttons --><\/div>","protected":false},"author":1,"featured_media":3153,"parent":82,"menu_order":0,"comment_status":"open","ping_status":"closed","template":"","meta":{"ngg_post_thumbnail":0,"footnotes":""},"class_list":["post-3143","page","type-page","status-publish","has-post-thumbnail","hentry"],"jetpack_sharing_enabled":true,"jetpack_shortlink":"https:\/\/wp.me\/P91vVa-OH","jetpack-related-posts":[],"_links":{"self":[{"href":"https:\/\/www.amiciinsieme.it\/index.php\/wp-json\/wp\/v2\/pages\/3143"}],"collection":[{"href":"https:\/\/www.amiciinsieme.it\/index.php\/wp-json\/wp\/v2\/pages"}],"about":[{"href":"https:\/\/www.amiciinsieme.it\/index.php\/wp-json\/wp\/v2\/types\/page"}],"author":[{"embeddable":true,"href":"https:\/\/www.amiciinsieme.it\/index.php\/wp-json\/wp\/v2\/users\/1"}],"replies":[{"embeddable":true,"href":"https:\/\/www.amiciinsieme.it\/index.php\/wp-json\/wp\/v2\/comments?post=3143"}],"version-history":[{"count":3,"href":"https:\/\/www.amiciinsieme.it\/index.php\/wp-json\/wp\/v2\/pages\/3143\/revisions"}],"predecessor-version":[{"id":3170,"href":"https:\/\/www.amiciinsieme.it\/index.php\/wp-json\/wp\/v2\/pages\/3143\/revisions\/3170"}],"up":[{"embeddable":true,"href":"https:\/\/www.amiciinsieme.it\/index.php\/wp-json\/wp\/v2\/pages\/82"}],"wp:featuredmedia":[{"embeddable":true,"href":"https:\/\/www.amiciinsieme.it\/index.php\/wp-json\/wp\/v2\/media\/3153"}],"wp:attachment":[{"href":"https:\/\/www.amiciinsieme.it\/index.php\/wp-json\/wp\/v2\/media?parent=3143"}],"curies":[{"name":"wp","href":"https:\/\/api.w.org\/{rel}","templated":true}]}}