{"id":803,"date":"2014-09-16T23:36:35","date_gmt":"2014-09-16T21:36:35","guid":{"rendered":"http:\/\/www.amiciinsieme.it\/?page_id=803"},"modified":"2015-11-17T22:49:12","modified_gmt":"2015-11-17T21:49:12","slug":"concorso-di-poesia-verso-i-versi-2014","status":"publish","type":"page","link":"https:\/\/www.amiciinsieme.it\/index.php\/albo-doro-concorso-di-poesia-verso-i-versi\/concorso-di-poesia-verso-i-versi-2014\/","title":{"rendered":"Concorso di Poesia &#8211; &#8220;Verso i versi&#8221; &#8211; 2014"},"content":{"rendered":"<p>SIANO \u2013 Presso l\u2019aula magna della <strong>Chiesa Maria SS Annunziata<\/strong>, sabato <strong>6 settembre a Siano<\/strong>, alla presenza di tantissime persone si \u00e8 tenuta la cerimonia di premiazione della <strong>IX edizione del concorso nazionale<\/strong> di poesia \u201cVerso i versi\u201d Citt\u00e0 di Siano (SA) organizzato dall\u2019Associazione socio culturale \u201cAmici Insieme\u201d.<\/p>\n<blockquote><p>\u201cSiamo soddisfatti del successo di questa nona edizione del concorso e della serata vista la presenza di tante persone che attendevano questo appuntamento di fine estate. Puntiamo a crescere ancora perch\u00e8 riteniamo che la cultura sia essenziale per migliorare la qualit\u00e0 sociale e politica in una societ\u00e0\u201d.<\/p><\/blockquote>\n<p>Queste le parole iniziali, che accompagnano i saluti di Andrea Riccio, Presidente dell\u2019associazione, che oltre dieci anni insieme a tanti giovani collaboratori, che durante la cerimonia ha pi\u00f9 volte ringraziato, sta contribuendo con professionalit\u00e0 alla crescita socio-culturale, al rilancio e alla promozione\u00a0 di Siano.<\/p>\n<p>A sottolineare il livello di visibilit\u00e0 raggiunto del concorso, articolato in una <strong>sezione italiano \/vernacolo<\/strong> e un\u2019altra, \u201c<strong>Donna in versi<\/strong>\u201d, dedicata alla figura femminile, il presidente <strong>Riccio<\/strong> ha evidenziato che anche questa edizione \u00e8 stata impreziosita dai premi di rappresentanza inviati dal Presidente della Repubblica Italiana e dalle Presidenze dei due rami del Parlamento Italiano, Camera dei Deputati e Senato della Repubblica, e ricevuto il Patrocinio del Ministero per i Beni ed Attivit\u00e0 Culturali, ha poi ringraziato i componenti della giuria presieduta dalla prof.ssa Concetta Riccio coadiuvata dalle professoresse Anna Maria Giordano, Gaetana Leo e dallo storico prof. Francesco Caiazza.<br \/>\nSuccessivamente prende la parola il Presidente della Giuria, prof.ssa Concetta Riccio, la quale ha avuto parole di elogio per l\u2019organizzazione ed ha illustrato i criteri seguiti dalla Giuria nell\u2019assegnazione dei premi. Nel pi\u00f9 totale anonimato, la Giuria, incaricata di valutare le composizioni poetiche, ha innanzi tutto preso atto della numerosa partecipazione ed ha sottolineato il livello qualitativo dei testi ritenendolo elevato. Una prima fase di lettura e di giudizio \u00e8 stata compiuta singolarmente da ciascuno dei componenti la Giuria e successivamente, ha avuto luogo un\u2019attenta comparazione, con una unanime indicazione finale di classifica e dei premi da attribuire.<br \/>\nLa serata, moderata magistralmente da <strong>Venanzio Lanzara<\/strong>, addetto stampa dell\u2019Associazione, ha visto poi in sequenza gli interventi dell\u2019assessore alla cultura del Comune di Siano, dott. Nunziante Russo che ha sottolineato la valenza culturale della manifestazione evidenziando l\u2019impegno dell\u2019Associazione per migliorare il territorio e della Dirigente dell\u2019istituto comprensivo di Siano, <strong>Eufrasia Lepore<\/strong>, che ha ringraziato l\u2019associazione per l\u2019iniziativa del 21 marzo, giornata mondiale della poesia che ha coinvolto i ragazzi della scuola secondaria di I grado ed ha sottolineato il ruolo della poesia nella societ\u00e0 di\u00a0 oggi . Infatti durante la serata sono state declamate anche alcune poesie selezionate dalla scuola media.<br \/>\nL\u2019associazione ha messo campo un\u2019ottima organizzazione\u00a0 curando tutto nei minimi particolari a partire dall\u2019accoglienza dei vincitori nell\u2019aula magna della Chiesa Maria SS. Annunziata, una nuova location, dove si \u00e8 tenuta la cerimonia di premiazione.<br \/>\nSi parte con la premiazione e con la sezione \u201cDonna in versi\u201d, categoria dedicata alle poesie ricolte al mondo femminile, e l\u2019assegnazione del <strong>Premio Speciale<\/strong> ad <strong>Anna Ciufo<\/strong> di Pellezzano (SA)\u00a0 con la poesia \u201cMatrioske \u201c.<br \/>\nIl<strong> primo premio<\/strong>, con la lirica \u201cIl fiore del rispetto\u201d, \u00e8 andato a <strong>Lenio Vallati<\/strong> di Sesto Fiorentino (FI) portandosi a casa 200 \u20ac + una pergamena + la medaglia del Presidente della Repubblica Italiana.<br \/>\nAlla proclamazione seguiva la lettura della recensione, la declamazione delle poesie stesse alcune delle quali declamate dagli autori stessi, infine la premiazione.<\/p>\n<p>Si passa alla sezione principale che vede in sequenza l\u2019assegnazione della Menzione d\u2019Onore, del Premio Speciale e della Segnalazione di Merito rispettivamente ad <strong>Fulvia Marconi<\/strong> di Ancona (AN) con la poesia \u201cSere d\u2019agosto e lill\u00e0\u201d, a <strong>Giovanni Troiano<\/strong> di Trebisacce (CS) con la lirica \u201cSchegge di popoli straziati\u201d ed infine ad <strong>Sabrina\u00a0 Balbinetti<\/strong> di Roma con la poesia \u201c L\u2019isola che nun c\u2019\u00e8 \u2026 Atlantide\u201d.<br \/>\nAl terzo posto si \u00e8 classificata la poetessa <strong>Margherita Neri Novi<\/strong> di Roma con la poesia \u201cLi purtidduna\u201d mentre al secondo posto abbiamo un ex aequo con\u00a0 \u201cI vecchi del paese\u201d di <strong>Marisa Provengano<\/strong> di Catanzaro (CZ) e con \u201cDittico II &#8211; Nel rogo ad ardere\u201d di <strong>Umberto Vicaretti<\/strong> di Roma.<br \/>\nA ciascuno dei premiati \u00e8 stata consegnata l\u2019antologia poetica della IX edizione del concorso e la guida turistica, realizzata dall\u2019associazione stessa, \u201c Siano \u2026 terra di fascino, di sogni, di poesia ..\u201d , di oltre 120 pagine, ricca di foto e tradotta anche in lingua inglese.<br \/>\nPrima di passare alla proclamazione del vincitore di questa nona edizione del concorso,\u00a0 l\u2019Associazione ha consegnato il Premio della Cultura al <strong>dott. Antonio Caiazza<\/strong>, giornalista Rai della sede di Trieste, uno dei pi\u00f9 grandi esperti di Albania in Italia, consegnando la targa della Camera di Commercio di Salerno ed una Medaglia del Presidente della Repubblica. Caiazza ha ringraziato ed \u00e8 rimasto entusiasta del coinvolgimento di tanti giovani in questa Associazione, per la qualit\u00e0 e la quantit\u00e0 di manifestazioni di un certo spessore sociale e culturale che mette in campo durante l\u2019anno.<br \/>\nLa serata si \u00e8 conclusa con la premiazione del vincitore,\u00a0 la poetessa <strong>Rosanna Spina<\/strong> di Venturina (LI) con la poesia \u201cComposta, la robinia\u201d, che ha portato a casa 600 \u20ac + una pergamena + la medaglia del Presidente della Repubblica Italiana. Tutti i premiati nel loro intervento hanno espresso parole di elogio e di congratulazioni all\u2019Associazione \u201cAmici Insieme\u201d per il livello raggiunto, l\u2019ottima organizzazione e l\u2019accoglienza ricevuta.<br \/>\nAlla fine l\u2019Associazione ha offerto ai presenti un ricco buffet.<\/p>\n<p>Il concorso \u00e8 stato articolato in due sezioni: Sezione A e \u201c<i>Donna in versi<\/i>\u201d<\/p>\n<p><strong>Componenti Giuria<br \/>\n<\/strong><\/p>\n<p>Prof. Francesco Caiazza<\/p>\n<p>Prof.ssa Anna Maria Giordano<\/p>\n<p>Prof.ssa Concetta Riccio &#8211; <em>Presidente<\/em><\/p>\n<p>Prof.ssa Gaetana Leo<\/p>\n<p>&nbsp;<\/p>\n<p style=\"text-align: center;\"><strong>Sezione: Adulti<br \/>\n<em>Poesie Premiate<\/em><\/strong><\/p>\n<p style=\"text-align: center;\">I classificato<br \/>\n\u2022 <strong>Rosanna Spina<\/strong>, Venturina (LI) , \u201cComposta, la robinia\u201d<br \/>\n<a href=\"https:\/\/www.amiciinsieme.it\/?p=807#primo\">Motivazioni &#8211; Poesia<\/a><\/p>\n<p style=\"text-align: center;\">II classificato ex aequo<br \/>\n\u2022 <strong>Marisa Provenzano<\/strong>, di Catanzaro (CZ), \u201cI vecchi nel paese\u201d<br \/>\n<a href=\"https:\/\/www.amiciinsieme.it\/?p=807#secondo1\">Motivazioni &#8211; Poesia<\/a><\/p>\n<p style=\"text-align: center;\">II classificato ex aequo<br \/>\n\u2022 <strong>Umberto Vicaretti<\/strong>, di Roma (RM), \u201cDittico II Nel rogo ad ardere\u201d<br \/>\n<a href=\"https:\/\/www.amiciinsieme.it\/?p=807#secondo2\">Motivazioni &#8211; Poesia<\/a><\/p>\n<p style=\"text-align: center;\">III classificato<br \/>\n\u2022 <strong>Margherita Neri Novi<\/strong>, di Cefal\u00f9 (PA), \u201cLi purtidduna\u201d<br \/>\n<a href=\"https:\/\/www.amiciinsieme.it\/?p=807#terzo\">Motivazioni &#8211; Poesia<\/a><\/p>\n<p>Premio Speciale della Giuria<b><br \/>\n<\/b>\u2022 <strong>Giovanni Troiano<\/strong>, di Trebisacce (CS), \u201cSchegge di popoli straziati\u201d<br \/>\n<a href=\"https:\/\/www.amiciinsieme.it\/?p=807#speciale\">Motivazioni &#8211; Poesia<\/a><\/p>\n<p>Segnalazione di Merito della Giuria<b><br \/>\n<\/b>\u2022 <strong>Sabrina Balbinetti<\/strong>, di Roma (RM), \u201cL\u2019isola che nun c\u2019\u00e8 pi\u00f9 .. Atlantide\u201d<br \/>\n<a href=\"https:\/\/www.amiciinsieme.it\/?p=807#merito\">Motivazioni &#8211; Poesia<\/a><\/p>\n<p style=\"text-align: center;\">Menzione d\u2019Onore della Giuria<b><br \/>\n<\/b>\u2022 <strong>Fulvia Marconi<\/strong>, di Ancona (AN), \u201cSere d\u2019agosto e lill\u00e0\u201d<br \/>\n<a href=\"https:\/\/www.amiciinsieme.it\/?p=807#onore\">Motivazioni &#8211; Poesia<\/a><\/p>\n<p style=\"text-align: center;\"><strong>Sezione: Donna in versi<\/strong><br \/>\n<em><strong>Poesie Premiate<\/strong><\/em><\/p>\n<p style=\"text-align: center;\">I classificato<br \/>\n\u2022 <strong>Lenio Vallati<\/strong>, di Sesto Fiorentino (FI), \u201cIl fiore del rispetto\u201d<br \/>\n<a href=\"https:\/\/www.amiciinsieme.it\/?p=807#primodonna\">Motivazioni &#8211; Poesia<\/a><\/p>\n<p style=\"text-align: center;\">Menzione d\u2019Onore della Giuria<b><br \/>\n<\/b>\u2022 <strong>Anna Ciufo<\/strong>, di Pellezzano (SA), \u201cMatrioske\u201d<br \/>\n<a href=\"https:\/\/www.amiciinsieme.it\/?p=807#menzionedonna\">Motivazioni &#8211; Poesia<\/a><\/p>\n<p>\t<div class='ngg-imagebrowser default-view'\n\t\tid='ngg-imagebrowser-6a0dbca09b749ab6f57872f9773a3f71-803'\n\t\tdata-nextgen-gallery-id=\"6a0dbca09b749ab6f57872f9773a3f71\">\n\n\t\t<h3>DPP_12297<\/h3>\n\n\t\t<div id=\"ngg-image-0\" class=\"pic\" \n\t\t\t\t\t>\n\t\t<a href='https:\/\/www.amiciinsieme.it\/wp-content\/gallery\/concorso-di-poesia-2014\/DPP_12297.JPG'\n\t\t\ttitle=' '\n\t\t\tdata-src=\"https:\/\/www.amiciinsieme.it\/wp-content\/gallery\/concorso-di-poesia-2014\/DPP_12297.JPG\"\n\t\t\tdata-thumbnail=\"https:\/\/www.amiciinsieme.it\/wp-content\/gallery\/concorso-di-poesia-2014\/thumbs\/thumbs_DPP_12297.JPG\"\n\t\t\tdata-image-id=\"405\"\n\t\t\tdata-title=\"DPP_12297\"\n\t\t\tdata-description=\" \"\n\t\t\tclass=\"ngg-simplelightbox\" rel=\"6a0dbca09b749ab6f57872f9773a3f71\">\n\t\t\t<img title='DPP_12297'\n\t\t\t\talt='DPP_12297'\n\t\t\t\tsrc='https:\/\/www.amiciinsieme.it\/wp-content\/gallery\/concorso-di-poesia-2014\/DPP_12297.JPG'\/>\n\t\t<\/a>\n\n\t\t<\/div>\n\t\t<div class='ngg-imagebrowser-nav'>\n\n\t\t\t<div class='back'>\n\t\t\t\t<a class='ngg-browser-prev'\n\t\t\t\t\tid='ngg-prev-422'\n\t\t\t\t\thref='https:\/\/www.amiciinsieme.it\/index.php\/albo-doro-concorso-di-poesia-verso-i-versi\/concorso-di-poesia-verso-i-versi-2014\/nggallery\/image\/dpp_12400'>\n\t\t\t\t\t<i class=\"fa fa-chevron-left\" aria-hidden=\"true\"><\/i>\n\t\t\t\t<\/a>\n\t\t\t<\/div>\n\n\t\t\t<div class='next'>\n\t\t\t\t<a class='ngg-browser-next'\n\t\t\t\t\tid='ngg-next-406'\n\t\t\t\t\thref='https:\/\/www.amiciinsieme.it\/index.php\/albo-doro-concorso-di-poesia-verso-i-versi\/concorso-di-poesia-verso-i-versi-2014\/nggallery\/image\/dpp_12298'>\n\t\t\t\t\t<i class=\"fa fa-chevron-right\" aria-hidden=\"true\"><\/i>\n\t\t\t\t<\/a>\n\t\t\t<\/div>\n\n\t\t\t<div class='counter'>\n\t\t\t\tImmagine\t\t\t\t1\t\t\t\tdi\t\t\t\t18\t\t\t<\/div>\n\n\t\t\t<div class='ngg-imagebrowser-desc'>\n\t\t\t\t<p> <\/p>\n\t\t\t<\/div>\n\n\t\t<\/div>\n\t<\/div>\n<\/p>\n<div style=\"padding-bottom:20px; padding-top:10px;\" class=\"hupso-share-buttons\"><!-- Hupso Share Buttons - https:\/\/www.hupso.com\/share\/ --><a class=\"hupso_counters\" href=\"https:\/\/www.hupso.com\/share\/\"><img data-recalc-dims=\"1\" decoding=\"async\" src=\"https:\/\/i0.wp.com\/static.hupso.com\/share\/buttons\/lang\/it\/share-small.png?w=642&#038;ssl=1\" style=\"border:0px; padding-top:2px; float:left;\" alt=\"Share Button\"\/><\/a><script type=\"text\/javascript\">var hupso_services_c=new Array(\"twitter\",\"facebook_like\",\"facebook_send\");var hupso_counters_lang = \"it_IT\";var hupso_image_folder_url = \"\";var hupso_twitter_via=\"amiciinsieme\";var hupso_url_c=\"\";var hupso_title_c=\"Concorso%20di%20Poesia%20-%20%22Verso%20i%20versi%22%20-%202014\";<\/script><script type=\"text\/javascript\" src=\"https:\/\/static.hupso.com\/share\/js\/counters.js\"><\/script><!-- Hupso Share Buttons --><\/div>","protected":false},"excerpt":{"rendered":"<p>SIANO \u2013 Presso l\u2019aula magna della Chiesa Maria SS Annunziata, sabato 6 settembre a Siano, alla presenza di tantissime persone si \u00e8 tenuta la cerimonia di premiazione della IX edizione del concorso nazionale di poesia \u201cVerso i versi\u201d Citt\u00e0 di Siano (SA) organizzato dall\u2019Associazione socio culturale \u201cAmici Insieme\u201d. \u201cSiamo soddisfatti del successo di questa nona edizione del concorso e della serata vista la presenza di tante persone che attendevano questo appuntamento di fine estate. Puntiamo a crescere ancora perch\u00e8 riteniamo che la cultura sia essenziale per migliorare la qualit\u00e0 sociale e politica in una societ\u00e0\u201d. Queste le parole iniziali, che accompagnano i saluti di Andrea Riccio, Presidente dell\u2019associazione, che oltre dieci anni insieme a tanti giovani collaboratori, che durante la cerimonia ha pi\u00f9 volte ringraziato, sta contribuendo con professionalit\u00e0 alla crescita socio-culturale, al rilancio e alla promozione\u00a0 di Siano. A sottolineare il livello di visibilit\u00e0 raggiunto del concorso, articolato in una sezione italiano \/vernacolo e un\u2019altra, \u201cDonna in versi\u201d, dedicata alla figura femminile, il presidente Riccio ha evidenziato che anche questa edizione \u00e8 stata impreziosita dai premi di rappresentanza inviati dal Presidente della Repubblica Italiana e dalle Presidenze dei due rami del Parlamento Italiano, Camera dei Deputati e Senato della &hellip; <a class=\"readmore\" href=\"https:\/\/www.amiciinsieme.it\/index.php\/albo-doro-concorso-di-poesia-verso-i-versi\/concorso-di-poesia-verso-i-versi-2014\/\">Continua a leggere \u2192<\/a><\/p>\n<div style=\"padding-bottom:20px; padding-top:10px;\" class=\"hupso-share-buttons\"><!-- Hupso Share Buttons - https:\/\/www.hupso.com\/share\/ --><a class=\"hupso_counters\" href=\"https:\/\/www.hupso.com\/share\/\"><img src=\"https:\/\/static.hupso.com\/share\/buttons\/lang\/it\/share-small.png\" style=\"border:0px; padding-top:2px; float:left;\" alt=\"Share Button\"\/><\/a><script type=\"text\/javascript\">var hupso_services_c=new Array(\"twitter\",\"facebook_like\",\"facebook_send\");var hupso_counters_lang = \"it_IT\";var hupso_image_folder_url = \"\";var hupso_twitter_via=\"amiciinsieme\";var hupso_url_c=\"\";var hupso_title_c=\"Concorso%20di%20Poesia%20-%20%22Verso%20i%20versi%22%20-%202014\";<\/script><script type=\"text\/javascript\" src=\"https:\/\/static.hupso.com\/share\/js\/counters.js\"><\/script><!-- Hupso Share Buttons --><\/div>","protected":false},"author":1,"featured_media":0,"parent":82,"menu_order":0,"comment_status":"open","ping_status":"open","template":"","meta":{"ngg_post_thumbnail":0,"footnotes":""},"class_list":["post-803","page","type-page","status-publish","hentry"],"jetpack_sharing_enabled":true,"jetpack_shortlink":"https:\/\/wp.me\/P91vVa-cX","jetpack-related-posts":[],"_links":{"self":[{"href":"https:\/\/www.amiciinsieme.it\/index.php\/wp-json\/wp\/v2\/pages\/803"}],"collection":[{"href":"https:\/\/www.amiciinsieme.it\/index.php\/wp-json\/wp\/v2\/pages"}],"about":[{"href":"https:\/\/www.amiciinsieme.it\/index.php\/wp-json\/wp\/v2\/types\/page"}],"author":[{"embeddable":true,"href":"https:\/\/www.amiciinsieme.it\/index.php\/wp-json\/wp\/v2\/users\/1"}],"replies":[{"embeddable":true,"href":"https:\/\/www.amiciinsieme.it\/index.php\/wp-json\/wp\/v2\/comments?post=803"}],"version-history":[{"count":6,"href":"https:\/\/www.amiciinsieme.it\/index.php\/wp-json\/wp\/v2\/pages\/803\/revisions"}],"predecessor-version":[{"id":954,"href":"https:\/\/www.amiciinsieme.it\/index.php\/wp-json\/wp\/v2\/pages\/803\/revisions\/954"}],"up":[{"embeddable":true,"href":"https:\/\/www.amiciinsieme.it\/index.php\/wp-json\/wp\/v2\/pages\/82"}],"wp:attachment":[{"href":"https:\/\/www.amiciinsieme.it\/index.php\/wp-json\/wp\/v2\/media?parent=803"}],"curies":[{"name":"wp","href":"https:\/\/api.w.org\/{rel}","templated":true}]}}