{"id":92,"date":"2012-12-01T00:27:55","date_gmt":"2012-11-30T23:27:55","guid":{"rendered":"http:\/\/www.amiciinsieme.it\/?page_id=92"},"modified":"2012-12-02T11:15:13","modified_gmt":"2012-12-02T10:15:13","slug":"concorso-di-poesia-verso-i-versi-2005","status":"publish","type":"page","link":"https:\/\/www.amiciinsieme.it\/index.php\/albo-doro-concorso-di-poesia-verso-i-versi\/concorso-di-poesia-verso-i-versi-2005\/","title":{"rendered":"Concorso di Poesia &#8211; &#8220;Verso i versi&#8221; &#8211; 2005"},"content":{"rendered":"<p align=\"left\"><span style=\"color: #000000; font-family: Times New Roman,Times,serif; font-size: medium;\">Le poesie giunte alla direzione del concorso sono state circa 100 provenienti da tutta Italia, oltre le pi\u00f9 rosee aspettative, grande soddisfazione da parte di tutta l&#8217;associazione che fin dall&#8217;inizio ha creduto in questa nuova iniziativa culturale. Davanti ad un considerevole ed attento pubblico presente alla premiazione e dietro la regia del moderatore il sig. Francesco Botta, sono intervenuti il Sindaco di Siano, dott. Gerardo Riccio, l&#8217;assessore alla Pubblica Istruzione, prof. Rocco Di Benedetto e la presenza, ovvia, del Presidente dell&#8217;Associazione, dott. Andrea Riccio, il quale \u00e8 stato il primo a prendere la parola. Il Presidente dell&#8217;associazione ha ringraziato la Provincia di Salerno ed il Comune di Siano che hanno patrocinato la manifestazione, tutti i partecipanti, che sono stati numerosissimi, un ringraziamento particolare alla Giuria, ha poi ringraziato<br \/>\ni lettori prof. Sebastiano Ascoli, ing. Nevia Roscigno e Gerardo Navarra che hanno declamato le poesie vincitrici regalando forti emozioni erendendo ancora pi\u00f9 piacevoli le poesie premiate. Infine, ma non per importanza, il dott. Andrea Riccio ha ringraziato i suoi collaboratori per la realizzazione dell&#8217;iniziativa. Successivamente ha preso la parola l&#8217;Assessore Di Benedetto, che ha sottolineato la valenza culturale dell&#8217;iniziativa e infine il Sindaco che ha avuto parole di elogio per la manifestazione e per l&#8217;organizzazione della stessa riconoscendo all\u2019associazione di essere ormai diventato un punto di riferimento nel panorama sociale e culturale locale. Successivamente ha preso la parola il Presidente<br \/>\ndella Giuria, prof.ssa Concetta Riccio, la quale ha avuto parole di elogio per l\u2019organizzazione e poi ha illustrato i criteri seguiti dalla Giuria nell\u2019assegnazione dei premi. Nel pi\u00f9 totale anonimato, la Giuria, incaricata di valutare le composizioni poetiche, ha innanzi tutto preso atto della numerosa partecipazione ed ha sottolineato il livello qualitativo dei testi ritenendolo elevato. Una prima fase di lettura e di giudizio \u00e8 stata compiuta singolarmente da ciascuno dei componenti la Giuria e successivamente, ha avuto luogo un\u2019attenta comparazione, con una unanime indicazione finale di classifica e dei premi da attribuire. A questo punto davanti ad un pubblico attento ed interessato ha avuto inizio la consegna dei premi, a partire da quello alla carriera e poi a seguire la Menzione Speciale, al terzo, al secondo e al primo. Alla proclamazione seguiva la premiazione ed infine alla declamazione delle poesie stesse da parte di artisti della recitazione quali il prof. Sebastiano Ascoli, ing. Nevia Roscigno e Gerardo Navarra.<\/span><\/p>\n<p align=\"left\"><span style=\"color: #000000; font-family: Times New Roman,Times,serif; font-size: medium;\">La Giuria era composta da tre professionisti locali. Tutti docenti di lettere di elevate qualit\u00e0 culturali ma soprattutto umane, che hanno partecipato con grande professionalit\u00e0, attenzione, impegno ed entusiasmo all&#8217;iniziativa ma soprattutto con la massima serenit\u00e0 nel giudicare e valutare gli elaborati. Alla giuria l&#8217;associazione, quale riconoscimento per la professionalit\u00e0, la disponibilt\u00e0 mostrata e l&#8217;attivit\u00e0 svolta, ha consegnato una targa ricordo del concorso.<\/span><\/p>\n<p style=\"text-align: center;\" align=\"left\"><span style=\"color: #ff0000; font-family: Times New Roman,Times,serif; font-size: medium;\"><strong>Componenti<br \/>\nGiuria<\/strong><\/span><\/p>\n<p align=\"left\"><span style=\"font-family: Times New Roman,Times,serif; font-size: medium;\"><strong>Prof.ssa<br \/>\nConcetta Riccio: Presidente <\/strong><\/span><\/p>\n<p align=\"left\"><strong><span style=\"font-family: Times New Roman,Times,serif; font-size: medium;\">Prof.<br \/>\nFrancesco Caiazza <\/span><\/strong><\/p>\n<p align=\"left\"><strong><span style=\"font-family: Times New Roman,Times,serif; font-size: medium;\">Prof.<br \/>\nRocco Sarno<\/span><\/strong><\/p>\n<p style=\"text-align: center;\" align=\"left\"><span style=\"color: #ff0000; font-family: Times New Roman,Times,serif; font-size: medium;\"><strong>Poesie Premiate<\/strong><\/span><\/p>\n<p style=\"text-align: center;\" align=\"left\"><span style=\"font-family: Times New Roman,Times,serif; font-size: medium;\"><strong>I\u00b0 classificato (coppa, pergamena + 400 \u20ac)<\/strong><\/span><\/p>\n<p style=\"text-align: center;\">\u2022 <strong>Cristiano Antonello<\/strong>, di Lamezia Terme (CZ), \u201c<strong>Con la solitudine<\/strong>\u201d<\/p>\n<p style=\"text-align: center;\"><a href=\".\/verso-i-versi-2005-motivazioni#primo\">Motivazioni &#8211; Poesia<\/a><\/p>\n<p style=\"text-align: center;\"><strong>II\u00b0 classificato (coppa, pergamena + 200 \u20ac)<\/strong><\/p>\n<p style=\"text-align: center;\">\u2022 <strong>Anna Olimpo<\/strong>, di Siano (SA), \u201c<strong>Lasciami entrare nei tuoi sogni<\/strong>\u201d<\/p>\n<p style=\"text-align: center;\"><a href=\".\/moti_poesia.html#secondo\">Motivazioni &#8211; Poesia<\/a><\/p>\n<p style=\"text-align: center;\"><strong>III\u00b0 classificato (targa, pergamena + 100 \u20ac)<\/strong><\/p>\n<p style=\"text-align: center;\">\u2022 <strong>Vincenzo Cerasuolo<\/strong>, di Marigliano (NA), \u201c<strong>Vurr\u00eca<\/strong>\u201d<\/p>\n<p style=\"text-align: center;\"><a href=\".\/moti_poesia.html#terzo\">Motivazioni &#8211; Poesia<\/a><\/p>\n<p style=\"text-align: center;\"><strong>III\u00b0 Terzo classificato (targa, pergamena + 100 \u20ac)<\/strong><\/p>\n<p style=\"text-align: center;\">\u2022 <strong>Marco Bruni<\/strong>, di Massa Marittima (GR), \u201c<strong>E\u2019 l\u2019alba<\/strong>\u201d<\/p>\n<p style=\"text-align: center;\"><a href=\".\/moti_poesia.html#terzo1\">Motivazioni &#8211; Poesia<\/a><\/p>\n<p style=\"text-align: center;\"><strong>Menzione Speciale della Giuria (targa + pergamena)<\/strong><\/p>\n<p style=\"text-align: center;\">\u2022 <strong>Giuseppe Costabile<\/strong>, di Mercato S.Severino (SA), \u201c<strong>Fotografia<\/strong>\u201d<\/p>\n<p style=\"text-align: center;\"><a href=\".\/moti_poesia.html#menzione\">Motivazioni &#8211; Poesia<\/a><\/p>\n<p style=\"text-align: center;\"><strong>Premio Speciale alla Carriera (targa + pergamena)<\/strong><\/p>\n<p style=\"text-align: center;\">\u2022 <strong>Antonio Frasci<\/strong>, di Siano (SA)<\/p>\n<p style=\"text-align: center;\"><a href=\".\/moti_poesia.html#carriera\">Motivazioni<\/a><\/p>\n<div style=\"padding-bottom:20px; padding-top:10px;\" class=\"hupso-share-buttons\"><!-- Hupso Share Buttons - https:\/\/www.hupso.com\/share\/ --><a class=\"hupso_counters\" href=\"https:\/\/www.hupso.com\/share\/\"><img data-recalc-dims=\"1\" decoding=\"async\" src=\"https:\/\/i0.wp.com\/static.hupso.com\/share\/buttons\/lang\/it\/share-small.png?w=642&#038;ssl=1\" style=\"border:0px; padding-top:2px; float:left;\" alt=\"Share Button\"\/><\/a><script type=\"text\/javascript\">var hupso_services_c=new Array(\"twitter\",\"facebook_like\",\"facebook_send\");var hupso_counters_lang = \"it_IT\";var hupso_image_folder_url = \"\";var hupso_twitter_via=\"amiciinsieme\";var hupso_url_c=\"\";var hupso_title_c=\"Concorso%20di%20Poesia%20-%20%22Verso%20i%20versi%22%20-%202005\";<\/script><script type=\"text\/javascript\" src=\"https:\/\/static.hupso.com\/share\/js\/counters.js\"><\/script><!-- Hupso Share Buttons --><\/div>","protected":false},"excerpt":{"rendered":"<p>Le poesie giunte alla direzione del concorso sono state circa 100 provenienti da tutta Italia, oltre le pi\u00f9 rosee aspettative, grande soddisfazione da parte di tutta l&#8217;associazione che fin dall&#8217;inizio ha creduto in questa nuova iniziativa culturale. Davanti ad un considerevole ed attento pubblico presente alla premiazione e dietro la regia del moderatore il sig. Francesco Botta, sono intervenuti il Sindaco di Siano, dott. Gerardo Riccio, l&#8217;assessore alla Pubblica Istruzione, prof. Rocco Di Benedetto e la presenza, ovvia, del Presidente dell&#8217;Associazione, dott. Andrea Riccio, il quale \u00e8 stato il primo a prendere la parola. Il Presidente dell&#8217;associazione ha ringraziato la Provincia di Salerno ed il Comune di Siano che hanno patrocinato la manifestazione, tutti i partecipanti, che sono stati numerosissimi, un ringraziamento particolare alla Giuria, ha poi ringraziato i lettori prof. Sebastiano Ascoli, ing. Nevia Roscigno e Gerardo Navarra che hanno declamato le poesie vincitrici regalando forti emozioni erendendo ancora pi\u00f9 piacevoli le poesie premiate. Infine, ma non per importanza, il dott. Andrea Riccio ha ringraziato i suoi collaboratori per la realizzazione dell&#8217;iniziativa. Successivamente ha preso la parola l&#8217;Assessore Di Benedetto, che ha sottolineato la valenza culturale dell&#8217;iniziativa e infine il Sindaco che ha avuto parole di elogio per la &hellip; <a class=\"readmore\" href=\"https:\/\/www.amiciinsieme.it\/index.php\/albo-doro-concorso-di-poesia-verso-i-versi\/concorso-di-poesia-verso-i-versi-2005\/\">Continua a leggere \u2192<\/a><\/p>\n<div style=\"padding-bottom:20px; padding-top:10px;\" class=\"hupso-share-buttons\"><!-- Hupso Share Buttons - https:\/\/www.hupso.com\/share\/ --><a class=\"hupso_counters\" href=\"https:\/\/www.hupso.com\/share\/\"><img src=\"https:\/\/static.hupso.com\/share\/buttons\/lang\/it\/share-small.png\" style=\"border:0px; padding-top:2px; float:left;\" alt=\"Share Button\"\/><\/a><script type=\"text\/javascript\">var hupso_services_c=new Array(\"twitter\",\"facebook_like\",\"facebook_send\");var hupso_counters_lang = \"it_IT\";var hupso_image_folder_url = \"\";var hupso_twitter_via=\"amiciinsieme\";var hupso_url_c=\"\";var hupso_title_c=\"Concorso%20di%20Poesia%20-%20%22Verso%20i%20versi%22%20-%202005\";<\/script><script type=\"text\/javascript\" src=\"https:\/\/static.hupso.com\/share\/js\/counters.js\"><\/script><!-- Hupso Share Buttons --><\/div>","protected":false},"author":1,"featured_media":0,"parent":82,"menu_order":0,"comment_status":"open","ping_status":"open","template":"","meta":{"ngg_post_thumbnail":0,"footnotes":""},"class_list":["post-92","page","type-page","status-publish","hentry"],"jetpack_sharing_enabled":true,"jetpack_shortlink":"https:\/\/wp.me\/P91vVa-1u","jetpack-related-posts":[],"_links":{"self":[{"href":"https:\/\/www.amiciinsieme.it\/index.php\/wp-json\/wp\/v2\/pages\/92"}],"collection":[{"href":"https:\/\/www.amiciinsieme.it\/index.php\/wp-json\/wp\/v2\/pages"}],"about":[{"href":"https:\/\/www.amiciinsieme.it\/index.php\/wp-json\/wp\/v2\/types\/page"}],"author":[{"embeddable":true,"href":"https:\/\/www.amiciinsieme.it\/index.php\/wp-json\/wp\/v2\/users\/1"}],"replies":[{"embeddable":true,"href":"https:\/\/www.amiciinsieme.it\/index.php\/wp-json\/wp\/v2\/comments?post=92"}],"version-history":[{"count":15,"href":"https:\/\/www.amiciinsieme.it\/index.php\/wp-json\/wp\/v2\/pages\/92\/revisions"}],"predecessor-version":[{"id":105,"href":"https:\/\/www.amiciinsieme.it\/index.php\/wp-json\/wp\/v2\/pages\/92\/revisions\/105"}],"up":[{"embeddable":true,"href":"https:\/\/www.amiciinsieme.it\/index.php\/wp-json\/wp\/v2\/pages\/82"}],"wp:attachment":[{"href":"https:\/\/www.amiciinsieme.it\/index.php\/wp-json\/wp\/v2\/media?parent=92"}],"curies":[{"name":"wp","href":"https:\/\/api.w.org\/{rel}","templated":true}]}}